{"id":7282,"date":"2022-06-07T14:13:27","date_gmt":"2022-06-07T12:13:27","guid":{"rendered":"https:\/\/www.hurom-europe.com\/?post_type=product&#038;p=7282"},"modified":"2026-04-14T14:54:25","modified_gmt":"2026-04-14T12:54:25","slug":"h320n-serie","status":"publish","type":"product","link":"https:\/\/www.hurom-europe.com\/de\/produkt\/h320n-serie\/","title":{"rendered":"H320N Serie"},"content":{"rendered":"<ul class=\"ul1\">\n<li class=\"li1\"><strong>Moderne und abwechslungsreiche Farbgebung:<br \/>\n<\/strong>Angesagte, entspannende Farben und Materialien \u2013 passend zu jeder Umgebung.<\/li>\n<\/ul>\n<p>&nbsp;<\/p>\n<ul class=\"ul1\">\n<li class=\"li1\"><strong>Erstaunlich intelligent und praktisch:<\/strong><br \/>\nZutaten k\u00f6nnen im Ganzen hinzugef\u00fcgt und automatisch zerkleinert und entsaftet werden.<\/li>\n<\/ul>\n<p>&nbsp;<\/p>\n<ul class=\"ul1\">\n<li class=\"li1\"><strong>Auch gekochte Beigaben lassen sich f\u00fcr gesunde S\u00e4fte problemlos mit Saftzutaten vermischen.<br \/>\n<\/strong>Egal ob gesunde Nussmilch, vegetarische und vegane S\u00e4fte oder Joghurt-Bowls zum Dessert.<\/li>\n<\/ul>\n<p>&nbsp;<\/p>\n<ul class=\"ul1\">\n<li class=\"li1\"><span class=\"s2\"><strong>Sicherheit:\u00a0<\/strong><br \/>\n<span class=\"TextRun BCX0 SCXP247421609\" lang=\"EN-US\" xml:lang=\"EN-US\" data-usefontface=\"true\" data-contrast=\"none\"><span class=\"NormalTextRun BCX0 SCXP247421609\">Wie alle <\/span><\/span><span class=\"TextRun SpellingErrorZoomed BCX0 SCXP247421609\" lang=\"EN-US\" xml:lang=\"EN-US\" data-usefontface=\"true\" data-contrast=\"none\"><span class=\"BCX0 SCXP247421609\">anderen<\/span><\/span> <span class=\"TextRun SpellingErrorZoomed BCX0 SCXP247421609\" lang=\"EN-US\" xml:lang=\"EN-US\" data-usefontface=\"true\" data-contrast=\"none\"><span class=\"BCX0 SCXP247421609\">Entsafter<\/span><\/span><span class=\"TextRun BCX0 SCXP247421609\" lang=\"EN-US\" xml:lang=\"EN-US\" data-usefontface=\"true\" data-contrast=\"none\"><span class=\"NormalTextRun BCX0 SCXP247421609\"> von <\/span><\/span><span class=\"TextRun SpellingErrorZoomed BCX0 SCXP247421609\" lang=\"EN-US\" xml:lang=\"EN-US\" data-usefontface=\"true\" data-contrast=\"none\"><span class=\"BCX0 SCXP247421609\">Hurom<\/span><\/span> <span class=\"TextRun SpellingErrorZoomed BCX0 SCXP247421609\" lang=\"EN-US\" xml:lang=\"EN-US\" data-usefontface=\"true\" data-contrast=\"none\"><span class=\"BCX0 SCXP247421609\">ist<\/span><\/span> <span class=\"TextRun SpellingErrorZoomed BCX0 SCXP247421609\" lang=\"EN-US\" xml:lang=\"EN-US\" data-usefontface=\"true\" data-contrast=\"none\"><span class=\"BCX0 SCXP247421609\">auch<\/span><\/span><span class=\"TextRun BCX0 SCXP247421609\" lang=\"EN-US\" xml:lang=\"EN-US\" data-usefontface=\"true\" data-contrast=\"none\"><span class=\"NormalTextRun BCX0 SCXP247421609\"> der H320N\u00a0<\/span><\/span><span class=\"TextRun SpellingErrorZoomed BCX0 SCXP247421609\" lang=\"EN-US\" xml:lang=\"EN-US\" data-usefontface=\"true\" data-contrast=\"none\"><span class=\"BCX0 SCXP247421609\">Entsafter<\/span><\/span><span class=\"TextRun BCX0 SCXP247421609\" lang=\"EN-US\" xml:lang=\"EN-US\" data-usefontface=\"true\" data-contrast=\"none\"><span class=\"NormalTextRun BCX0 SCXP247421609\">\u00a0<\/span><\/span><span class=\"TextRun SpellingErrorZoomed BCX0 SCXP247421609\" lang=\"EN-US\" xml:lang=\"EN-US\" data-usefontface=\"true\" data-contrast=\"none\"><span class=\"BCX0 SCXP247421609\">vollst\u00e4ndig<\/span><\/span> <span class=\"TextRun SpellingErrorZoomed BCX0 SCXP247421609\" lang=\"EN-US\" xml:lang=\"EN-US\" data-usefontface=\"true\" data-contrast=\"none\"><span class=\"BCX0 SCXP247421609\">aus<\/span><\/span> <span class=\"TextRun BCX0 SCXP247421609\" lang=\"EN-US\" xml:lang=\"EN-US\" data-usefontface=\"true\" data-contrast=\"none\"><span class=\"NormalTextRun BCX0 SCXP247421609\">BPA-<\/span><\/span><span class=\"TextRun SpellingErrorZoomed BCX0 SCXP247421609\" lang=\"EN-US\" xml:lang=\"EN-US\" data-usefontface=\"true\" data-contrast=\"none\"><span class=\"BCX0 SCXP247421609\">freien<\/span><\/span> <span class=\"TextRun SpellingErrorZoomed BCX0 SCXP247421609\" lang=\"EN-US\" xml:lang=\"EN-US\" data-usefontface=\"true\" data-contrast=\"none\"><span class=\"BCX0 SCXP247421609\">Materialien<\/span><\/span> <span class=\"TextRun SpellingErrorZoomed BCX0 SCXP247421609\" lang=\"EN-US\" xml:lang=\"EN-US\" data-usefontface=\"true\" data-contrast=\"none\"><span class=\"BCX0 SCXP247421609\">hergestellt<\/span><span class=\"NormalTextRun BCX0 SCXP247421609\">.<\/span><\/span><span class=\"EOP BCX0 SCXP247421609\">\u200b<\/span><br \/>\n<\/span><\/li>\n<\/ul>\n<p>&nbsp;<\/p>\n<ul class=\"ul1\">\n<li><strong>Design und Komponenten k\u00f6nnen je nach Modell und Fertigungsdatum leicht ver\u00e4ndert sein und vom Foto abweichen.<br \/>\n<\/strong><\/li>\n<\/ul>\n","protected":false},"excerpt":{"rendered":"<p>Moderne und abwechslungsreiche Farbgebung: Angesagte, entspannende Farben und Materialien \u2013 passend zu jeder Umgebung. &nbsp; Erstaunlich intelligent und praktisch: Zutaten k\u00f6nnen im Ganzen hinzugef\u00fcgt und automatisch zerkleinert und entsaftet werden. &nbsp; Auch gekochte Beigaben lassen sich f\u00fcr gesunde S\u00e4fte problemlos mit Saftzutaten vermischen. Egal ob gesunde Nussmilch, vegetarische und vegane S\u00e4fte oder Joghurt-Bowls zum Dessert. [&hellip;]<\/p>\n","protected":false},"featured_media":133917,"template":"","meta":{"_acf_changed":false,"inline_featured_image":false},"product_cat":[106],"product_tag":[],"class_list":{"0":"post-7282","1":"product","2":"type-product","3":"status-publish","4":"has-post-thumbnail","6":"product_cat-pure-press-linie","8":"first","9":"instock","10":"taxable","11":"shipping-taxable","12":"purchasable","13":"product-type-variable","14":"has-default-attributes"},"acf":[],"yoast_head":"<!-- This site is optimized with the Yoast SEO plugin v26.6 - https:\/\/yoast.com\/wordpress\/plugins\/seo\/ -->\n<title>H320N Serie - Hurom Europe<\/title>\n<meta name=\"description\" content=\"Huroms Slow Juicer(Entsafter) H320N kombiniert mit einem intelligenten Mega-Trichter mit gro\u00dfem Fassungsverm\u00f6gen und einem Netzfilter mit intelligenter, automatischer Schneidfunktion. Genie\u00dfen Sie Ihren Saft!\" \/>\n<meta name=\"robots\" content=\"index, follow, max-snippet:-1, max-image-preview:large, max-video-preview:-1\" \/>\n<link rel=\"canonical\" href=\"https:\/\/www.hurom-europe.com\/de\/produkt\/h320n-serie\/\" \/>\n<meta property=\"og:locale\" content=\"de_DE\" \/>\n<meta property=\"og:type\" content=\"article\" \/>\n<meta property=\"og:title\" content=\"H320N Serie - Hurom Europe\" \/>\n<meta property=\"og:description\" content=\"Huroms Slow Juicer(Entsafter) H320N kombiniert mit einem intelligenten Mega-Trichter mit gro\u00dfem Fassungsverm\u00f6gen und einem Netzfilter mit intelligenter, automatischer Schneidfunktion. Genie\u00dfen Sie Ihren Saft!\" \/>\n<meta property=\"og:url\" content=\"https:\/\/www.hurom-europe.com\/de\/produkt\/h320n-serie\/\" \/>\n<meta property=\"og:site_name\" content=\"Hurom Europe\" \/>\n<meta property=\"article:modified_time\" content=\"2026-04-14T12:54:25+00:00\" \/>\n<meta property=\"og:image\" content=\"https:\/\/www.hurom-europe.com\/wp-content\/uploads\/2022\/06\/H320N_DG1.jpg\" \/>\n\t<meta property=\"og:image:width\" content=\"1200\" \/>\n\t<meta property=\"og:image:height\" content=\"1200\" \/>\n\t<meta property=\"og:image:type\" content=\"image\/jpeg\" \/>\n<meta name=\"twitter:card\" content=\"summary_large_image\" \/>\n<meta name=\"twitter:label1\" content=\"Gesch\u00e4tzte Lesezeit\" \/>\n\t<meta name=\"twitter:data1\" content=\"1\u00a0Minute\" \/>\n<script type=\"application\/ld+json\" class=\"yoast-schema-graph\">{\"@context\":\"https:\/\/schema.org\",\"@graph\":[{\"@type\":\"WebPage\",\"@id\":\"https:\/\/www.hurom-europe.com\/de\/produkt\/h320n-serie\/\",\"url\":\"https:\/\/www.hurom-europe.com\/de\/produkt\/h320n-serie\/\",\"name\":\"H320N Serie - Hurom Europe\",\"isPartOf\":{\"@id\":\"https:\/\/www.hurom-europe.com\/fr\/#website\"},\"primaryImageOfPage\":{\"@id\":\"https:\/\/www.hurom-europe.com\/de\/produkt\/h320n-serie\/#primaryimage\"},\"image\":{\"@id\":\"https:\/\/www.hurom-europe.com\/de\/produkt\/h320n-serie\/#primaryimage\"},\"thumbnailUrl\":\"https:\/\/www.hurom-europe.com\/wp-content\/uploads\/2022\/06\/H320N_DG1.jpg\",\"datePublished\":\"2022-06-07T12:13:27+00:00\",\"dateModified\":\"2026-04-14T12:54:25+00:00\",\"description\":\"Huroms Slow Juicer(Entsafter) H320N kombiniert mit einem intelligenten Mega-Trichter mit gro\u00dfem Fassungsverm\u00f6gen und einem Netzfilter mit intelligenter, automatischer Schneidfunktion. Genie\u00dfen Sie Ihren Saft!\",\"breadcrumb\":{\"@id\":\"https:\/\/www.hurom-europe.com\/de\/produkt\/h320n-serie\/#breadcrumb\"},\"inLanguage\":\"de\",\"potentialAction\":[{\"@type\":\"ReadAction\",\"target\":[\"https:\/\/www.hurom-europe.com\/de\/produkt\/h320n-serie\/\"]}]},{\"@type\":\"ImageObject\",\"inLanguage\":\"de\",\"@id\":\"https:\/\/www.hurom-europe.com\/de\/produkt\/h320n-serie\/#primaryimage\",\"url\":\"https:\/\/www.hurom-europe.com\/wp-content\/uploads\/2022\/06\/H320N_DG1.jpg\",\"contentUrl\":\"https:\/\/www.hurom-europe.com\/wp-content\/uploads\/2022\/06\/H320N_DG1.jpg\",\"width\":1200,\"height\":1200},{\"@type\":\"BreadcrumbList\",\"@id\":\"https:\/\/www.hurom-europe.com\/de\/produkt\/h320n-serie\/#breadcrumb\",\"itemListElement\":[{\"@type\":\"ListItem\",\"position\":1,\"name\":\"Home\",\"item\":\"https:\/\/www.hurom-europe.com\/de\/\"},{\"@type\":\"ListItem\",\"position\":2,\"name\":\"Shop\",\"item\":\"https:\/\/www.hurom-europe.com\/de\/shop\/\"},{\"@type\":\"ListItem\",\"position\":3,\"name\":\"H320N Serie\"}]},{\"@type\":\"WebSite\",\"@id\":\"https:\/\/www.hurom-europe.com\/fr\/#website\",\"url\":\"https:\/\/www.hurom-europe.com\/fr\/\",\"name\":\"Hurom Europe\",\"description\":\"Healthy Way of Life with Slow Juicers\",\"potentialAction\":[{\"@type\":\"SearchAction\",\"target\":{\"@type\":\"EntryPoint\",\"urlTemplate\":\"https:\/\/www.hurom-europe.com\/fr\/?s={search_term_string}\"},\"query-input\":{\"@type\":\"PropertyValueSpecification\",\"valueRequired\":true,\"valueName\":\"search_term_string\"}}],\"inLanguage\":\"de\"}]}<\/script>\n<!-- \/ Yoast SEO plugin. -->","yoast_head_json":{"title":"H320N Serie - Hurom Europe","description":"Huroms Slow Juicer(Entsafter) H320N kombiniert mit einem intelligenten Mega-Trichter mit gro\u00dfem Fassungsverm\u00f6gen und einem Netzfilter mit intelligenter, automatischer Schneidfunktion. Genie\u00dfen Sie Ihren Saft!","robots":{"index":"index","follow":"follow","max-snippet":"max-snippet:-1","max-image-preview":"max-image-preview:large","max-video-preview":"max-video-preview:-1"},"canonical":"https:\/\/www.hurom-europe.com\/de\/produkt\/h320n-serie\/","og_locale":"de_DE","og_type":"article","og_title":"H320N Serie - Hurom Europe","og_description":"Huroms Slow Juicer(Entsafter) H320N kombiniert mit einem intelligenten Mega-Trichter mit gro\u00dfem Fassungsverm\u00f6gen und einem Netzfilter mit intelligenter, automatischer Schneidfunktion. Genie\u00dfen Sie Ihren Saft!","og_url":"https:\/\/www.hurom-europe.com\/de\/produkt\/h320n-serie\/","og_site_name":"Hurom Europe","article_modified_time":"2026-04-14T12:54:25+00:00","og_image":[{"width":1200,"height":1200,"url":"https:\/\/www.hurom-europe.com\/wp-content\/uploads\/2022\/06\/H320N_DG1.jpg","type":"image\/jpeg"}],"twitter_card":"summary_large_image","twitter_misc":{"Gesch\u00e4tzte Lesezeit":"1\u00a0Minute"},"schema":{"@context":"https:\/\/schema.org","@graph":[{"@type":"WebPage","@id":"https:\/\/www.hurom-europe.com\/de\/produkt\/h320n-serie\/","url":"https:\/\/www.hurom-europe.com\/de\/produkt\/h320n-serie\/","name":"H320N Serie - Hurom Europe","isPartOf":{"@id":"https:\/\/www.hurom-europe.com\/fr\/#website"},"primaryImageOfPage":{"@id":"https:\/\/www.hurom-europe.com\/de\/produkt\/h320n-serie\/#primaryimage"},"image":{"@id":"https:\/\/www.hurom-europe.com\/de\/produkt\/h320n-serie\/#primaryimage"},"thumbnailUrl":"https:\/\/www.hurom-europe.com\/wp-content\/uploads\/2022\/06\/H320N_DG1.jpg","datePublished":"2022-06-07T12:13:27+00:00","dateModified":"2026-04-14T12:54:25+00:00","description":"Huroms Slow Juicer(Entsafter) H320N kombiniert mit einem intelligenten Mega-Trichter mit gro\u00dfem Fassungsverm\u00f6gen und einem Netzfilter mit intelligenter, automatischer Schneidfunktion. Genie\u00dfen Sie Ihren Saft!","breadcrumb":{"@id":"https:\/\/www.hurom-europe.com\/de\/produkt\/h320n-serie\/#breadcrumb"},"inLanguage":"de","potentialAction":[{"@type":"ReadAction","target":["https:\/\/www.hurom-europe.com\/de\/produkt\/h320n-serie\/"]}]},{"@type":"ImageObject","inLanguage":"de","@id":"https:\/\/www.hurom-europe.com\/de\/produkt\/h320n-serie\/#primaryimage","url":"https:\/\/www.hurom-europe.com\/wp-content\/uploads\/2022\/06\/H320N_DG1.jpg","contentUrl":"https:\/\/www.hurom-europe.com\/wp-content\/uploads\/2022\/06\/H320N_DG1.jpg","width":1200,"height":1200},{"@type":"BreadcrumbList","@id":"https:\/\/www.hurom-europe.com\/de\/produkt\/h320n-serie\/#breadcrumb","itemListElement":[{"@type":"ListItem","position":1,"name":"Home","item":"https:\/\/www.hurom-europe.com\/de\/"},{"@type":"ListItem","position":2,"name":"Shop","item":"https:\/\/www.hurom-europe.com\/de\/shop\/"},{"@type":"ListItem","position":3,"name":"H320N Serie"}]},{"@type":"WebSite","@id":"https:\/\/www.hurom-europe.com\/fr\/#website","url":"https:\/\/www.hurom-europe.com\/fr\/","name":"Hurom Europe","description":"Healthy Way of Life with Slow Juicers","potentialAction":[{"@type":"SearchAction","target":{"@type":"EntryPoint","urlTemplate":"https:\/\/www.hurom-europe.com\/fr\/?s={search_term_string}"},"query-input":{"@type":"PropertyValueSpecification","valueRequired":true,"valueName":"search_term_string"}}],"inLanguage":"de"}]}},"_links":{"self":[{"href":"https:\/\/www.hurom-europe.com\/de\/wp-json\/wp\/v2\/product\/7282","targetHints":{"allow":["GET"]}}],"collection":[{"href":"https:\/\/www.hurom-europe.com\/de\/wp-json\/wp\/v2\/product"}],"about":[{"href":"https:\/\/www.hurom-europe.com\/de\/wp-json\/wp\/v2\/types\/product"}],"wp:featuredmedia":[{"embeddable":true,"href":"https:\/\/www.hurom-europe.com\/de\/wp-json\/wp\/v2\/media\/133917"}],"wp:attachment":[{"href":"https:\/\/www.hurom-europe.com\/de\/wp-json\/wp\/v2\/media?parent=7282"}],"wp:term":[{"taxonomy":"product_cat","embeddable":true,"href":"https:\/\/www.hurom-europe.com\/de\/wp-json\/wp\/v2\/product_cat?post=7282"},{"taxonomy":"product_tag","embeddable":true,"href":"https:\/\/www.hurom-europe.com\/de\/wp-json\/wp\/v2\/product_tag?post=7282"}],"curies":[{"name":"wp","href":"https:\/\/api.w.org\/{rel}","templated":true}]}}