{"id":6071,"date":"2022-03-23T09:16:02","date_gmt":"2022-03-23T08:16:02","guid":{"rendered":"https:\/\/www.hurom-europe.com\/?post_type=product&#038;p=6071"},"modified":"2026-04-14T18:24:33","modified_gmt":"2026-04-14T16:24:33","slug":"h310a-serie","status":"publish","type":"product","link":"https:\/\/www.hurom-europe.com\/de\/produkt\/h310a-serie\/","title":{"rendered":"H310A Serie"},"content":{"rendered":"<ul class=\"ul1\">\n<li><strong>Harmoniert \u00fcberall:<br \/>\n<\/strong>Die harmonische Form f\u00fcgt sich in verschiedenste Umgebungen ein und passt zu jedem Stil und jeder Farbe. Der H310A hat eine angenehme Oberfl\u00e4chenstruktur und verf\u00fcgt \u00fcber ein intuitives Bedienrad.<\/li>\n<\/ul>\n<p>&nbsp;<\/p>\n<ul class=\"ul1\">\n<li><span class=\"s2\"><span class=\"s2\"><strong>Technologisch modern:<br \/>\n<\/strong><\/span><\/span><span class=\"TextRun BCX0 SCXP83108639\" lang=\"EN-US\" xml:lang=\"EN-US\" data-usefontface=\"true\" data-contrast=\"none\"><span class=\"NormalTextRun BCX0 SCXP83108639\">Die<\/span><\/span> <span class=\"TextRun SpellingErrorZoomed BCX0 SCXP83108639\" lang=\"EN-US\" xml:lang=\"EN-US\" data-usefontface=\"true\" data-contrast=\"none\"><span class=\"BCX0 SCXP83108639\">neue<\/span><\/span> <span class=\"TextRun BCX0 SCXP83108639\" lang=\"EN-US\" xml:lang=\"EN-US\" data-usefontface=\"true\" data-contrast=\"none\"><span class=\"NormalTextRun BCX0 SCXP83108639\">Multi-Schnecke<\/span><\/span> <span class=\"TextRun SpellingErrorZoomed BCX0 SCXP83108639\" lang=\"EN-US\" xml:lang=\"EN-US\" data-usefontface=\"true\" data-contrast=\"none\"><span class=\"BCX0 SCXP83108639\">vereint<\/span><\/span> <span class=\"TextRun BCX0 SCXP83108639\" lang=\"EN-US\" xml:lang=\"EN-US\" data-usefontface=\"true\" data-contrast=\"none\"><span class=\"NormalTextRun BCX0 SCXP83108639\">die<\/span><\/span> <span class=\"TextRun SpellingErrorZoomed BCX0 SCXP83108639\" lang=\"EN-US\" xml:lang=\"EN-US\" data-usefontface=\"true\" data-contrast=\"none\"><span class=\"BCX0 SCXP83108639\">Funktionen<\/span><\/span> <span class=\"TextRun BCX0 SCXP83108639\" lang=\"EN-US\" xml:lang=\"EN-US\" data-usefontface=\"true\" data-contrast=\"none\"><span class=\"NormalTextRun BCX0 SCXP83108639\">der<\/span><\/span> <span class=\"TextRun SpellingErrorZoomed BCX0 SCXP83108639\" lang=\"EN-US\" xml:lang=\"EN-US\" data-usefontface=\"true\" data-contrast=\"none\"><span class=\"BCX0 SCXP83108639\">Pressschnecke<\/span><\/span> <span class=\"TextRun BCX0 SCXP83108639\" lang=\"EN-US\" xml:lang=\"EN-US\" data-usefontface=\"true\" data-contrast=\"none\"><span class=\"NormalTextRun BCX0 SCXP83108639\">und<\/span><\/span> <span class=\"TextRun BCX0 SCXP83108639\" lang=\"EN-US\" xml:lang=\"EN-US\" data-usefontface=\"true\" data-contrast=\"none\"><span class=\"NormalTextRun BCX0 SCXP83108639\">des<\/span><\/span> <span class=\"TextRun BCX0 SCXP83108639\" lang=\"EN-US\" xml:lang=\"EN-US\" data-usefontface=\"true\" data-contrast=\"none\"><span class=\"NormalTextRun BCX0 SCXP83108639\">Filters<\/span><\/span> <span class=\"TextRun BCX0 SCXP83108639\" lang=\"EN-US\" xml:lang=\"EN-US\" data-usefontface=\"true\" data-contrast=\"none\"><span class=\"NormalTextRun BCX0 SCXP83108639\">in<\/span><\/span> <span class=\"TextRun SpellingErrorZoomed BCX0 SCXP83108639\" lang=\"EN-US\" xml:lang=\"EN-US\" data-usefontface=\"true\" data-contrast=\"none\"><span class=\"BCX0 SCXP83108639\">einer<\/span><\/span> <span class=\"TextRun SpellingErrorZoomed BCX0 SCXP83108639\" lang=\"EN-US\" xml:lang=\"EN-US\" data-usefontface=\"true\" data-contrast=\"none\"><span class=\"BCX0 SCXP83108639\">einfachen<\/span><\/span> <span class=\"TextRun SpellingErrorZoomed BCX0 SCXP83108639\" lang=\"EN-US\" xml:lang=\"EN-US\" data-usefontface=\"true\" data-contrast=\"none\"><span class=\"BCX0 SCXP83108639\">Kombination<\/span><\/span><span class=\"TextRun BCX0 SCXP83108639\" lang=\"EN-US\" xml:lang=\"EN-US\" data-usefontface=\"true\" data-contrast=\"none\"><span class=\"NormalTextRun BCX0 SCXP83108639\">.<\/span><\/span><\/li>\n<\/ul>\n<p>&nbsp;<\/p>\n<ul>\n<li><span class=\"s2\"><strong>Intelligent entsaften:\u00a0<\/strong><br \/>\nZutaten werden in k\u00fcrzester Zeit automatisch zerkleinert und entsaftet.<br \/>\n<\/span><\/li>\n<\/ul>\n<p>&nbsp;<\/p>\n<ul class=\"ul1\">\n<li class=\"li1\"><span class=\"s2\"><strong>Noch einfacher zu reinigen:\u00a0<\/strong><br \/>\nSie m\u00fcssen nur drei Teile abwaschen, die sich m\u00fchelos abnehmen und anbringen lassen. <\/span><\/li>\n<\/ul>\n<p>&nbsp;<\/p>\n<ul class=\"ul1\">\n<li class=\"li1\"><span class=\"s2\"><strong>Sicher:\u00a0<\/strong><br \/>\n<span class=\"TextRun SCXP220958532 BCX0\" lang=\"EN-US\" xml:lang=\"EN-US\" data-usefontface=\"true\" data-contrast=\"none\"><span class=\"NormalTextRun SCXP220958532 BCX0\">Wie<\/span><\/span> <span class=\"TextRun SCXP220958532 BCX0\" lang=\"EN-US\" xml:lang=\"EN-US\" data-usefontface=\"true\" data-contrast=\"none\"><span class=\"NormalTextRun SCXP220958532 BCX0\">alle<\/span><\/span> <span class=\"TextRun SpellingErrorZoomed SCXP220958532 BCX0\" lang=\"EN-US\" xml:lang=\"EN-US\" data-usefontface=\"true\" data-contrast=\"none\"><span class=\"SCXP220958532 BCX0\">anderen<\/span><\/span> <span class=\"TextRun SpellingErrorZoomed SCXP220958532 BCX0\" lang=\"EN-US\" xml:lang=\"EN-US\" data-usefontface=\"true\" data-contrast=\"none\"><span class=\"SCXP220958532 BCX0\">Entsafter<\/span><\/span> <span class=\"TextRun SCXP220958532 BCX0\" lang=\"EN-US\" xml:lang=\"EN-US\" data-usefontface=\"true\" data-contrast=\"none\"><span class=\"NormalTextRun SCXP220958532 BCX0\">von<\/span><\/span> <span class=\"TextRun SpellingErrorZoomed SCXP220958532 BCX0\" lang=\"EN-US\" xml:lang=\"EN-US\" data-usefontface=\"true\" data-contrast=\"none\"><span class=\"SCXP220958532 BCX0\">Hurom<\/span><\/span> <span class=\"TextRun SpellingErrorZoomed SCXP220958532 BCX0\" lang=\"EN-US\" xml:lang=\"EN-US\" data-usefontface=\"true\" data-contrast=\"none\"><span class=\"SCXP220958532 BCX0\">besteht<\/span><\/span> <span class=\"TextRun SpellingErrorZoomed SCXP220958532 BCX0\" lang=\"EN-US\" xml:lang=\"EN-US\" data-usefontface=\"true\" data-contrast=\"none\"><span class=\"SCXP220958532 BCX0\">auch<\/span><\/span> <span class=\"TextRun SCXP220958532 BCX0\" lang=\"EN-US\" xml:lang=\"EN-US\" data-usefontface=\"true\" data-contrast=\"none\"><span class=\"NormalTextRun SCXP220958532 BCX0\">der<\/span><\/span> <span class=\"TextRun SCXP220958532 BCX0\" lang=\"EN-US\" xml:lang=\"EN-US\" data-usefontface=\"true\" data-contrast=\"none\"><span class=\"NormalTextRun SCXP220958532 BCX0\">H310A<\/span><\/span> <span class=\"TextRun SpellingErrorZoomed SCXP220958532 BCX0\" lang=\"EN-US\" xml:lang=\"EN-US\" data-usefontface=\"true\" data-contrast=\"none\"><span class=\"SCXP220958532 BCX0\">ausschlie\u00dflich<\/span><\/span> <span class=\"TextRun SpellingErrorZoomed SCXP220958532 BCX0\" lang=\"EN-US\" xml:lang=\"EN-US\" data-usefontface=\"true\" data-contrast=\"none\"><span class=\"SCXP220958532 BCX0\">aus<\/span><\/span> <span class=\"TextRun SCXP220958532 BCX0\" lang=\"EN-US\" xml:lang=\"EN-US\" data-usefontface=\"true\" data-contrast=\"none\"><span class=\"NormalTextRun SCXP220958532 BCX0\">BPA-<\/span><\/span><span class=\"TextRun SpellingErrorZoomed SCXP220958532 BCX0\" lang=\"EN-US\" xml:lang=\"EN-US\" data-usefontface=\"true\" data-contrast=\"none\"><span class=\"SCXP220958532 BCX0\">freien<\/span><\/span> <span class=\"TextRun SpellingErrorZoomed SCXP220958532 BCX0\" lang=\"EN-US\" xml:lang=\"EN-US\" data-usefontface=\"true\" data-contrast=\"none\"><span class=\"SCXP220958532 BCX0\">Materialien<\/span><\/span><span class=\"TextRun SCXP220958532 BCX0\" lang=\"EN-US\" xml:lang=\"EN-US\" data-usefontface=\"true\" data-contrast=\"none\"><span class=\"NormalTextRun SCXP220958532 BCX0\">.<\/span><\/span><br \/>\n<\/span><\/li>\n<\/ul>\n<p>&nbsp;<\/p>\n<ul class=\"ul1\">\n<li><strong>Design und Komponenten k\u00f6nnen je nach Modell und Fertigungsdatum leicht ver\u00e4ndert sein und vom Foto abweichen.<\/strong><\/li>\n<\/ul>\n","protected":false},"excerpt":{"rendered":"<p>Harmoniert \u00fcberall: Die harmonische Form f\u00fcgt sich in verschiedenste Umgebungen ein und passt zu jedem Stil und jeder Farbe. Der H310A hat eine angenehme Oberfl\u00e4chenstruktur und verf\u00fcgt \u00fcber ein intuitives Bedienrad. &nbsp; Technologisch modern: Die neue Multi-Schnecke vereint die Funktionen der Pressschnecke und des Filters in einer einfachen Kombination. &nbsp; Intelligent entsaften:\u00a0 Zutaten werden in [&hellip;]<\/p>\n","protected":false},"featured_media":134039,"template":"","meta":{"_acf_changed":false,"inline_featured_image":false},"product_cat":[110],"product_tag":[],"class_list":{"0":"post-6071","1":"product","2":"type-product","3":"status-publish","4":"has-post-thumbnail","6":"product_cat-easy-press-linie","8":"first","9":"instock","10":"taxable","11":"shipping-taxable","12":"purchasable","13":"product-type-variable","14":"has-default-attributes"},"acf":[],"yoast_head":"<!-- This site is optimized with the Yoast SEO plugin v26.6 - https:\/\/yoast.com\/wordpress\/plugins\/seo\/ -->\n<title>H310A Serie - Hurom Europe<\/title>\n<meta name=\"description\" content=\"Der Slow Juicer(Entsafter) H310A von Hurom ist f\u00fcr mehr als nur das Entsaften konzipiert. Schlanker und leichter, aber mit allen Funktionen. Genie\u00dfen Sie Ihren Saft!\" \/>\n<meta name=\"robots\" content=\"index, follow, max-snippet:-1, max-image-preview:large, max-video-preview:-1\" \/>\n<link rel=\"canonical\" href=\"https:\/\/www.hurom-europe.com\/de\/produkt\/h310a-serie\/\" \/>\n<meta property=\"og:locale\" content=\"de_DE\" \/>\n<meta property=\"og:type\" content=\"article\" \/>\n<meta property=\"og:title\" content=\"H310A Serie - Hurom Europe\" \/>\n<meta property=\"og:description\" content=\"Der Slow Juicer(Entsafter) H310A von Hurom ist f\u00fcr mehr als nur das Entsaften konzipiert. Schlanker und leichter, aber mit allen Funktionen. Genie\u00dfen Sie Ihren Saft!\" \/>\n<meta property=\"og:url\" content=\"https:\/\/www.hurom-europe.com\/de\/produkt\/h310a-serie\/\" \/>\n<meta property=\"og:site_name\" content=\"Hurom Europe\" \/>\n<meta property=\"article:modified_time\" content=\"2026-04-14T16:24:33+00:00\" \/>\n<meta property=\"og:image\" content=\"https:\/\/www.hurom-europe.com\/wp-content\/uploads\/2026\/02\/H310A_sale_White01.jpg\" \/>\n\t<meta property=\"og:image:width\" content=\"1200\" \/>\n\t<meta property=\"og:image:height\" content=\"1200\" \/>\n\t<meta property=\"og:image:type\" content=\"image\/jpeg\" \/>\n<meta name=\"twitter:card\" content=\"summary_large_image\" \/>\n<meta name=\"twitter:label1\" content=\"Gesch\u00e4tzte Lesezeit\" \/>\n\t<meta name=\"twitter:data1\" content=\"1\u00a0Minute\" \/>\n<script type=\"application\/ld+json\" class=\"yoast-schema-graph\">{\"@context\":\"https:\/\/schema.org\",\"@graph\":[{\"@type\":\"WebPage\",\"@id\":\"https:\/\/www.hurom-europe.com\/de\/produkt\/h310a-serie\/\",\"url\":\"https:\/\/www.hurom-europe.com\/de\/produkt\/h310a-serie\/\",\"name\":\"H310A Serie - Hurom Europe\",\"isPartOf\":{\"@id\":\"https:\/\/www.hurom-europe.com\/fr\/#website\"},\"primaryImageOfPage\":{\"@id\":\"https:\/\/www.hurom-europe.com\/de\/produkt\/h310a-serie\/#primaryimage\"},\"image\":{\"@id\":\"https:\/\/www.hurom-europe.com\/de\/produkt\/h310a-serie\/#primaryimage\"},\"thumbnailUrl\":\"https:\/\/www.hurom-europe.com\/wp-content\/uploads\/2022\/03\/H310A_White1.jpg\",\"datePublished\":\"2022-03-23T08:16:02+00:00\",\"dateModified\":\"2026-04-14T16:24:33+00:00\",\"description\":\"Der Slow Juicer(Entsafter) H310A von Hurom ist f\u00fcr mehr als nur das Entsaften konzipiert. Schlanker und leichter, aber mit allen Funktionen. Genie\u00dfen Sie Ihren Saft!\",\"breadcrumb\":{\"@id\":\"https:\/\/www.hurom-europe.com\/de\/produkt\/h310a-serie\/#breadcrumb\"},\"inLanguage\":\"de\",\"potentialAction\":[{\"@type\":\"ReadAction\",\"target\":[\"https:\/\/www.hurom-europe.com\/de\/produkt\/h310a-serie\/\"]}]},{\"@type\":\"ImageObject\",\"inLanguage\":\"de\",\"@id\":\"https:\/\/www.hurom-europe.com\/de\/produkt\/h310a-serie\/#primaryimage\",\"url\":\"https:\/\/www.hurom-europe.com\/wp-content\/uploads\/2022\/03\/H310A_White1.jpg\",\"contentUrl\":\"https:\/\/www.hurom-europe.com\/wp-content\/uploads\/2022\/03\/H310A_White1.jpg\",\"width\":1200,\"height\":1200},{\"@type\":\"BreadcrumbList\",\"@id\":\"https:\/\/www.hurom-europe.com\/de\/produkt\/h310a-serie\/#breadcrumb\",\"itemListElement\":[{\"@type\":\"ListItem\",\"position\":1,\"name\":\"Home\",\"item\":\"https:\/\/www.hurom-europe.com\/de\/\"},{\"@type\":\"ListItem\",\"position\":2,\"name\":\"Shop\",\"item\":\"https:\/\/www.hurom-europe.com\/de\/shop\/\"},{\"@type\":\"ListItem\",\"position\":3,\"name\":\"H310A Serie\"}]},{\"@type\":\"WebSite\",\"@id\":\"https:\/\/www.hurom-europe.com\/fr\/#website\",\"url\":\"https:\/\/www.hurom-europe.com\/fr\/\",\"name\":\"Hurom Europe\",\"description\":\"Healthy Way of Life with Slow Juicers\",\"potentialAction\":[{\"@type\":\"SearchAction\",\"target\":{\"@type\":\"EntryPoint\",\"urlTemplate\":\"https:\/\/www.hurom-europe.com\/fr\/?s={search_term_string}\"},\"query-input\":{\"@type\":\"PropertyValueSpecification\",\"valueRequired\":true,\"valueName\":\"search_term_string\"}}],\"inLanguage\":\"de\"}]}<\/script>\n<!-- \/ Yoast SEO plugin. -->","yoast_head_json":{"title":"H310A Serie - Hurom Europe","description":"Der Slow Juicer(Entsafter) H310A von Hurom ist f\u00fcr mehr als nur das Entsaften konzipiert. Schlanker und leichter, aber mit allen Funktionen. Genie\u00dfen Sie Ihren Saft!","robots":{"index":"index","follow":"follow","max-snippet":"max-snippet:-1","max-image-preview":"max-image-preview:large","max-video-preview":"max-video-preview:-1"},"canonical":"https:\/\/www.hurom-europe.com\/de\/produkt\/h310a-serie\/","og_locale":"de_DE","og_type":"article","og_title":"H310A Serie - Hurom Europe","og_description":"Der Slow Juicer(Entsafter) H310A von Hurom ist f\u00fcr mehr als nur das Entsaften konzipiert. Schlanker und leichter, aber mit allen Funktionen. Genie\u00dfen Sie Ihren Saft!","og_url":"https:\/\/www.hurom-europe.com\/de\/produkt\/h310a-serie\/","og_site_name":"Hurom Europe","article_modified_time":"2026-04-14T16:24:33+00:00","og_image":[{"width":1200,"height":1200,"url":"https:\/\/www.hurom-europe.com\/wp-content\/uploads\/2026\/02\/H310A_sale_White01.jpg","type":"image\/jpeg"}],"twitter_card":"summary_large_image","twitter_misc":{"Gesch\u00e4tzte Lesezeit":"1\u00a0Minute"},"schema":{"@context":"https:\/\/schema.org","@graph":[{"@type":"WebPage","@id":"https:\/\/www.hurom-europe.com\/de\/produkt\/h310a-serie\/","url":"https:\/\/www.hurom-europe.com\/de\/produkt\/h310a-serie\/","name":"H310A Serie - Hurom Europe","isPartOf":{"@id":"https:\/\/www.hurom-europe.com\/fr\/#website"},"primaryImageOfPage":{"@id":"https:\/\/www.hurom-europe.com\/de\/produkt\/h310a-serie\/#primaryimage"},"image":{"@id":"https:\/\/www.hurom-europe.com\/de\/produkt\/h310a-serie\/#primaryimage"},"thumbnailUrl":"https:\/\/www.hurom-europe.com\/wp-content\/uploads\/2022\/03\/H310A_White1.jpg","datePublished":"2022-03-23T08:16:02+00:00","dateModified":"2026-04-14T16:24:33+00:00","description":"Der Slow Juicer(Entsafter) H310A von Hurom ist f\u00fcr mehr als nur das Entsaften konzipiert. Schlanker und leichter, aber mit allen Funktionen. Genie\u00dfen Sie Ihren Saft!","breadcrumb":{"@id":"https:\/\/www.hurom-europe.com\/de\/produkt\/h310a-serie\/#breadcrumb"},"inLanguage":"de","potentialAction":[{"@type":"ReadAction","target":["https:\/\/www.hurom-europe.com\/de\/produkt\/h310a-serie\/"]}]},{"@type":"ImageObject","inLanguage":"de","@id":"https:\/\/www.hurom-europe.com\/de\/produkt\/h310a-serie\/#primaryimage","url":"https:\/\/www.hurom-europe.com\/wp-content\/uploads\/2022\/03\/H310A_White1.jpg","contentUrl":"https:\/\/www.hurom-europe.com\/wp-content\/uploads\/2022\/03\/H310A_White1.jpg","width":1200,"height":1200},{"@type":"BreadcrumbList","@id":"https:\/\/www.hurom-europe.com\/de\/produkt\/h310a-serie\/#breadcrumb","itemListElement":[{"@type":"ListItem","position":1,"name":"Home","item":"https:\/\/www.hurom-europe.com\/de\/"},{"@type":"ListItem","position":2,"name":"Shop","item":"https:\/\/www.hurom-europe.com\/de\/shop\/"},{"@type":"ListItem","position":3,"name":"H310A Serie"}]},{"@type":"WebSite","@id":"https:\/\/www.hurom-europe.com\/fr\/#website","url":"https:\/\/www.hurom-europe.com\/fr\/","name":"Hurom Europe","description":"Healthy Way of Life with Slow Juicers","potentialAction":[{"@type":"SearchAction","target":{"@type":"EntryPoint","urlTemplate":"https:\/\/www.hurom-europe.com\/fr\/?s={search_term_string}"},"query-input":{"@type":"PropertyValueSpecification","valueRequired":true,"valueName":"search_term_string"}}],"inLanguage":"de"}]}},"_links":{"self":[{"href":"https:\/\/www.hurom-europe.com\/de\/wp-json\/wp\/v2\/product\/6071","targetHints":{"allow":["GET"]}}],"collection":[{"href":"https:\/\/www.hurom-europe.com\/de\/wp-json\/wp\/v2\/product"}],"about":[{"href":"https:\/\/www.hurom-europe.com\/de\/wp-json\/wp\/v2\/types\/product"}],"wp:featuredmedia":[{"embeddable":true,"href":"https:\/\/www.hurom-europe.com\/de\/wp-json\/wp\/v2\/media\/134039"}],"wp:attachment":[{"href":"https:\/\/www.hurom-europe.com\/de\/wp-json\/wp\/v2\/media?parent=6071"}],"wp:term":[{"taxonomy":"product_cat","embeddable":true,"href":"https:\/\/www.hurom-europe.com\/de\/wp-json\/wp\/v2\/product_cat?post=6071"},{"taxonomy":"product_tag","embeddable":true,"href":"https:\/\/www.hurom-europe.com\/de\/wp-json\/wp\/v2\/product_tag?post=6071"}],"curies":[{"name":"wp","href":"https:\/\/api.w.org\/{rel}","templated":true}]}}