{"id":50547,"date":"2024-01-18T13:13:26","date_gmt":"2024-01-18T12:13:26","guid":{"rendered":"https:\/\/www.hurom-europe.com\/?post_type=product&#038;p=50547"},"modified":"2026-04-16T12:16:42","modified_gmt":"2026-04-16T10:16:42","slug":"h400-serie","status":"publish","type":"product","link":"https:\/\/www.hurom-europe.com\/de\/produkt\/h400-serie\/","title":{"rendered":"H400 Serie"},"content":{"rendered":"<ul class=\"ul1\">\n<li class=\"li1\"><strong>Nat\u00fcrliche N\u00e4hrstoffe aus Obst und Gem\u00fcse:<\/strong><br \/>\nEin klarer, dickfl\u00fcssiger, gesunder, langsam gepresster Saft.<\/li>\n<\/ul>\n<p>&nbsp;<\/p>\n<ul class=\"ul1\">\n<li class=\"li1\"><strong>Auf Ihre Gesundheit abgestimmte Rezepte:<br \/>\n<\/strong>Von S\u00e4ften und Nussmilch bis hin zu Eiscreme (Sorbet)!<\/li>\n<\/ul>\n<p>&nbsp;<\/p>\n<ul class=\"ul1\">\n<li class=\"li1\"><strong><span class=\"TextRun MacChromeBold SpellingErrorZoomed SCXP188611449 BCX0\" lang=\"KO-KR\" xml:lang=\"KO-KR\" data-usefontface=\"true\" data-contrast=\"none\"><span class=\"SCXP188611449 BCX0\">Einfach<\/span><\/span> <span class=\"TextRun MacChromeBold SpellingErrorZoomed SCXP188611449 BCX0\" lang=\"KO-KR\" xml:lang=\"KO-KR\" data-usefontface=\"true\" data-contrast=\"none\"><span class=\"SCXP188611449 BCX0\">und<\/span><\/span> <span class=\"TextRun MacChromeBold SpellingErrorZoomed SCXP188611449 BCX0\" lang=\"KO-KR\" xml:lang=\"KO-KR\" data-usefontface=\"true\" data-contrast=\"none\"><span class=\"SCXP188611449 BCX0\">komfortabel<\/span><\/span> <span class=\"TextRun MacChromeBold SpellingErrorZoomed SCXP188611449 BCX0\" lang=\"KO-KR\" xml:lang=\"KO-KR\" data-usefontface=\"true\" data-contrast=\"none\"><span class=\"SCXP188611449 BCX0\">zu<\/span><\/span> <span class=\"TextRun MacChromeBold SpellingErrorZoomed SCXP188611449 BCX0\" lang=\"KO-KR\" xml:lang=\"KO-KR\" data-usefontface=\"true\" data-contrast=\"none\"><span class=\"SCXP188611449 BCX0\">bedienen<\/span><\/span> <span class=\"TextRun MacChromeBold SpellingErrorZoomed SCXP188611449 BCX0\" lang=\"KO-KR\" xml:lang=\"KO-KR\" data-usefontface=\"true\" data-contrast=\"none\"><span class=\"SCXP188611449 BCX0\">und<\/span><\/span> <span class=\"TextRun MacChromeBold SpellingErrorZoomed SCXP188611449 BCX0\" lang=\"KO-KR\" xml:lang=\"KO-KR\" data-usefontface=\"true\" data-contrast=\"none\"><span class=\"SCXP188611449 BCX0\">zu<\/span><\/span> <span class=\"TextRun MacChromeBold SpellingErrorZoomed SCXP188611449 BCX0\" lang=\"KO-KR\" xml:lang=\"KO-KR\" data-usefontface=\"true\" data-contrast=\"none\"><span class=\"SCXP188611449 BCX0\">s\u00e4ubern<\/span><\/span><span class=\"TextRun MacChromeBold SCXP188611449 BCX0\" lang=\"KO-KR\" xml:lang=\"KO-KR\" data-usefontface=\"true\" data-contrast=\"none\"><span class=\"NormalTextRun SCXP188611449 BCX0\">:<\/span><\/span><\/strong><br \/>\n<span class=\"TextRun SpellingErrorZoomed SCXP254609899 BCX0\" lang=\"KO-KR\" xml:lang=\"KO-KR\" data-usefontface=\"true\" data-contrast=\"none\"><span class=\"SCXP254609899 BCX0\">Nur<\/span><\/span> <span class=\"TextRun SpellingErrorZoomed SCXP254609899 BCX0\" lang=\"KO-KR\" xml:lang=\"KO-KR\" data-usefontface=\"true\" data-contrast=\"none\"><span class=\"SCXP254609899 BCX0\">drei<\/span><\/span> <span class=\"TextRun SpellingErrorZoomed SCXP254609899 BCX0\" lang=\"KO-KR\" xml:lang=\"KO-KR\" data-usefontface=\"true\" data-contrast=\"none\"><span class=\"SCXP254609899 BCX0\">Teile<\/span><\/span><span class=\"TextRun SCXP254609899 BCX0\" lang=\"KO-KR\" xml:lang=\"KO-KR\" data-usefontface=\"true\" data-contrast=\"none\"><span class=\"NormalTextRun SCXP254609899 BCX0\"> (<\/span><\/span><span class=\"TextRun SpellingErrorZoomed SCXP254609899 BCX0\" lang=\"KO-KR\" xml:lang=\"KO-KR\" data-usefontface=\"true\" data-contrast=\"none\"><span class=\"SCXP254609899 BCX0\">Kammer<\/span><\/span><span class=\"TextRun SCXP254609899 BCX0\" lang=\"KO-KR\" xml:lang=\"KO-KR\" data-usefontface=\"true\" data-contrast=\"none\"><span class=\"NormalTextRun SCXP254609899 BCX0\">, <\/span><\/span><span class=\"TextRun SpellingErrorZoomed SCXP254609899 BCX0\" lang=\"KO-KR\" xml:lang=\"KO-KR\" data-usefontface=\"true\" data-contrast=\"none\"><span class=\"SCXP254609899 BCX0\">Obere<\/span><\/span> <span class=\"TextRun SpellingErrorZoomed SCXP254609899 BCX0\" lang=\"KO-KR\" xml:lang=\"KO-KR\" data-usefontface=\"true\" data-contrast=\"none\"><span class=\"SCXP254609899 BCX0\">und<\/span><\/span> <span class=\"TextRun SpellingErrorZoomed SCXP254609899 BCX0\" lang=\"KO-KR\" xml:lang=\"KO-KR\" data-usefontface=\"true\" data-contrast=\"none\"><span class=\"SCXP254609899 BCX0\">Untere<\/span><\/span> <span class=\"TextRun SpellingErrorZoomed SCXP254609899 BCX0\" lang=\"KO-KR\" xml:lang=\"KO-KR\" data-usefontface=\"true\" data-contrast=\"none\"><span class=\"SCXP254609899 BCX0\">Multi-Schnecke<\/span><\/span><span class=\"TextRun SCXP254609899 BCX0\" lang=\"KO-KR\" xml:lang=\"KO-KR\" data-usefontface=\"true\" data-contrast=\"none\"><span class=\"NormalTextRun SCXP254609899 BCX0\">) <\/span><\/span><span class=\"TextRun SpellingErrorZoomed SCXP254609899 BCX0\" lang=\"KO-KR\" xml:lang=\"KO-KR\" data-usefontface=\"true\" data-contrast=\"none\"><span class=\"SCXP254609899 BCX0\">m\u00fcssen<\/span><\/span> <span class=\"TextRun SpellingErrorZoomed SCXP254609899 BCX0\" lang=\"KO-KR\" xml:lang=\"KO-KR\" data-usefontface=\"true\" data-contrast=\"none\"><span class=\"SCXP254609899 BCX0\">gereinigt<\/span><\/span> <span class=\"TextRun SpellingErrorZoomed SCXP254609899 BCX0\" lang=\"KO-KR\" xml:lang=\"KO-KR\" data-usefontface=\"true\" data-contrast=\"none\"><span class=\"SCXP254609899 BCX0\">werden<\/span><\/span><span class=\"TextRun SCXP254609899 BCX0\" lang=\"KO-KR\" xml:lang=\"KO-KR\" data-usefontface=\"true\" data-contrast=\"none\"><span class=\"NormalTextRun SCXP254609899 BCX0\">! <\/span><\/span><span class=\"TextRun SpellingErrorZoomed SCXP254609899 BCX0\" lang=\"KO-KR\" xml:lang=\"KO-KR\" data-usefontface=\"true\" data-contrast=\"none\"><span class=\"SCXP254609899 BCX0\">Vereinfachte<\/span><\/span> <span class=\"TextRun SpellingErrorZoomed SCXP254609899 BCX0\" lang=\"KO-KR\" xml:lang=\"KO-KR\" data-usefontface=\"true\" data-contrast=\"none\"><span class=\"SCXP254609899 BCX0\">Reinigung<\/span><\/span><span class=\"TextRun SCXP254609899 BCX0\" lang=\"KO-KR\" xml:lang=\"KO-KR\" data-usefontface=\"true\" data-contrast=\"none\"><span class=\"NormalTextRun SCXP254609899 BCX0\">, <\/span><\/span><span class=\"TextRun SpellingErrorZoomed SCXP254609899 BCX0\" lang=\"KO-KR\" xml:lang=\"KO-KR\" data-usefontface=\"true\" data-contrast=\"none\"><span class=\"SCXP254609899 BCX0\">einfache<\/span><\/span> <span class=\"TextRun SpellingErrorZoomed SCXP254609899 BCX0\" lang=\"KO-KR\" xml:lang=\"KO-KR\" data-usefontface=\"true\" data-contrast=\"none\"><span class=\"SCXP254609899 BCX0\">und<\/span><\/span> <span class=\"TextRun SpellingErrorZoomed SCXP254609899 BCX0\" lang=\"KO-KR\" xml:lang=\"KO-KR\" data-usefontface=\"true\" data-contrast=\"none\"><span class=\"SCXP254609899 BCX0\">bequeme<\/span><\/span> <span class=\"TextRun SpellingErrorZoomed SCXP254609899 BCX0\" lang=\"KO-KR\" xml:lang=\"KO-KR\" data-usefontface=\"true\" data-contrast=\"none\"><span class=\"SCXP254609899 BCX0\">Montage<\/span><\/span> <span class=\"TextRun SpellingErrorZoomed SCXP254609899 BCX0\" lang=\"KO-KR\" xml:lang=\"KO-KR\" data-usefontface=\"true\" data-contrast=\"none\"><span class=\"SCXP254609899 BCX0\">und<\/span><\/span> <span class=\"TextRun SpellingErrorZoomed SCXP254609899 BCX0\" lang=\"KO-KR\" xml:lang=\"KO-KR\" data-usefontface=\"true\" data-contrast=\"none\"><span class=\"SCXP254609899 BCX0\">Demontage<\/span><\/span><span class=\"TextRun SCXP254609899 BCX0\" lang=\"KO-KR\" xml:lang=\"KO-KR\" data-usefontface=\"true\" data-contrast=\"none\"><span class=\"NormalTextRun SCXP254609899 BCX0\">.<\/span><\/span><\/li>\n<\/ul>\n<p>&nbsp;<\/p>\n<ul class=\"ul1\">\n<li class=\"li1\"><span class=\"s2\"><strong>Passt perfekt in Ihre K\u00fcche:<\/strong><br \/>\nSchlankes und kompaktes Design f\u00fcr vielseitige Einsatzm\u00f6glichkeiten in jedem K\u00fcchenbereich.<\/span><\/li>\n<\/ul>\n<p>&nbsp;<\/p>\n<ul class=\"ul1\">\n<li class=\"li1\"><span class=\"s2\"><strong>Sicherheit:<\/strong><br \/>\nWie alle anderen Slow Juicer von Hurom besteht auch der Slow Juicer H400 ausschlie\u00dflich aus BPA-freien Materialien.<\/span><\/li>\n<\/ul>\n<p>&nbsp;<\/p>\n<ul class=\"ul1\">\n<li><strong>Je nach Modell und Produktionsdatum k\u00f6nnen sich Design und Komponenten geringf\u00fcgig \u00e4ndern und vom Foto abweichen.<\/strong><\/li>\n<\/ul>\n","protected":false},"excerpt":{"rendered":"<p>Nat\u00fcrliche N\u00e4hrstoffe aus Obst und Gem\u00fcse: Ein klarer, dickfl\u00fcssiger, gesunder, langsam gepresster Saft. &nbsp; Auf Ihre Gesundheit abgestimmte Rezepte: Von S\u00e4ften und Nussmilch bis hin zu Eiscreme (Sorbet)! &nbsp; Einfach und komfortabel zu bedienen und zu s\u00e4ubern: Nur drei Teile (Kammer, Obere und Untere Multi-Schnecke) m\u00fcssen gereinigt werden! Vereinfachte Reinigung, einfache und bequeme Montage und [&hellip;]<\/p>\n","protected":false},"featured_media":219458,"template":"","meta":{"_acf_changed":false,"inline_featured_image":false},"product_cat":[110],"product_tag":[],"class_list":{"0":"post-50547","1":"product","2":"type-product","3":"status-publish","4":"has-post-thumbnail","6":"product_cat-easy-press-linie","8":"first","9":"instock","10":"taxable","11":"shipping-taxable","12":"purchasable","13":"product-type-variable","14":"has-default-attributes"},"acf":[],"yoast_head":"<!-- This site is optimized with the Yoast SEO plugin v26.6 - https:\/\/yoast.com\/wordpress\/plugins\/seo\/ -->\n<title>H400 Serie - Hurom Europe<\/title>\n<meta name=\"description\" content=\"Der neue Slow Juicer(Entsafter) H400 von Hurom ist ein einfacherer und klarerer, langsam gepresster Saft mit noch gr\u00f6\u00dferer Entsaftungskapazit\u00e4t.\" \/>\n<meta name=\"robots\" content=\"index, follow, max-snippet:-1, max-image-preview:large, max-video-preview:-1\" \/>\n<link rel=\"canonical\" href=\"https:\/\/www.hurom-europe.com\/de\/produkt\/h400-serie\/\" \/>\n<meta property=\"og:locale\" content=\"de_DE\" \/>\n<meta property=\"og:type\" content=\"article\" \/>\n<meta property=\"og:title\" content=\"H400 Serie - Hurom Europe\" \/>\n<meta property=\"og:description\" content=\"Der neue Slow Juicer(Entsafter) H400 von Hurom ist ein einfacherer und klarerer, langsam gepresster Saft mit noch gr\u00f6\u00dferer Entsaftungskapazit\u00e4t.\" \/>\n<meta property=\"og:url\" content=\"https:\/\/www.hurom-europe.com\/de\/produkt\/h400-serie\/\" \/>\n<meta property=\"og:site_name\" content=\"Hurom Europe\" \/>\n<meta property=\"article:modified_time\" content=\"2026-04-16T10:16:42+00:00\" \/>\n<meta property=\"og:image\" content=\"https:\/\/www.hurom-europe.com\/wp-content\/uploads\/2024\/01\/H400_T01.jpg\" \/>\n\t<meta property=\"og:image:width\" content=\"1200\" \/>\n\t<meta property=\"og:image:height\" content=\"1200\" \/>\n\t<meta property=\"og:image:type\" content=\"image\/jpeg\" \/>\n<meta name=\"twitter:card\" content=\"summary_large_image\" \/>\n<meta name=\"twitter:label1\" content=\"Gesch\u00e4tzte Lesezeit\" \/>\n\t<meta name=\"twitter:data1\" content=\"1\u00a0Minute\" \/>\n<script type=\"application\/ld+json\" class=\"yoast-schema-graph\">{\"@context\":\"https:\/\/schema.org\",\"@graph\":[{\"@type\":\"WebPage\",\"@id\":\"https:\/\/www.hurom-europe.com\/de\/produkt\/h400-serie\/\",\"url\":\"https:\/\/www.hurom-europe.com\/de\/produkt\/h400-serie\/\",\"name\":\"H400 Serie - Hurom Europe\",\"isPartOf\":{\"@id\":\"https:\/\/www.hurom-europe.com\/fr\/#website\"},\"primaryImageOfPage\":{\"@id\":\"https:\/\/www.hurom-europe.com\/de\/produkt\/h400-serie\/#primaryimage\"},\"image\":{\"@id\":\"https:\/\/www.hurom-europe.com\/de\/produkt\/h400-serie\/#primaryimage\"},\"thumbnailUrl\":\"https:\/\/www.hurom-europe.com\/wp-content\/uploads\/2025\/12\/Thumbnail_gift_H400_Titanium01.jpg\",\"datePublished\":\"2024-01-18T12:13:26+00:00\",\"dateModified\":\"2026-04-16T10:16:42+00:00\",\"description\":\"Der neue Slow Juicer(Entsafter) H400 von Hurom ist ein einfacherer und klarerer, langsam gepresster Saft mit noch gr\u00f6\u00dferer Entsaftungskapazit\u00e4t.\",\"breadcrumb\":{\"@id\":\"https:\/\/www.hurom-europe.com\/de\/produkt\/h400-serie\/#breadcrumb\"},\"inLanguage\":\"de\",\"potentialAction\":[{\"@type\":\"ReadAction\",\"target\":[\"https:\/\/www.hurom-europe.com\/de\/produkt\/h400-serie\/\"]}]},{\"@type\":\"ImageObject\",\"inLanguage\":\"de\",\"@id\":\"https:\/\/www.hurom-europe.com\/de\/produkt\/h400-serie\/#primaryimage\",\"url\":\"https:\/\/www.hurom-europe.com\/wp-content\/uploads\/2025\/12\/Thumbnail_gift_H400_Titanium01.jpg\",\"contentUrl\":\"https:\/\/www.hurom-europe.com\/wp-content\/uploads\/2025\/12\/Thumbnail_gift_H400_Titanium01.jpg\",\"width\":1200,\"height\":1200},{\"@type\":\"BreadcrumbList\",\"@id\":\"https:\/\/www.hurom-europe.com\/de\/produkt\/h400-serie\/#breadcrumb\",\"itemListElement\":[{\"@type\":\"ListItem\",\"position\":1,\"name\":\"Home\",\"item\":\"https:\/\/www.hurom-europe.com\/de\/\"},{\"@type\":\"ListItem\",\"position\":2,\"name\":\"Shop\",\"item\":\"https:\/\/www.hurom-europe.com\/de\/shop\/\"},{\"@type\":\"ListItem\",\"position\":3,\"name\":\"H400 Serie\"}]},{\"@type\":\"WebSite\",\"@id\":\"https:\/\/www.hurom-europe.com\/fr\/#website\",\"url\":\"https:\/\/www.hurom-europe.com\/fr\/\",\"name\":\"Hurom Europe\",\"description\":\"Healthy Way of Life with Slow Juicers\",\"potentialAction\":[{\"@type\":\"SearchAction\",\"target\":{\"@type\":\"EntryPoint\",\"urlTemplate\":\"https:\/\/www.hurom-europe.com\/fr\/?s={search_term_string}\"},\"query-input\":{\"@type\":\"PropertyValueSpecification\",\"valueRequired\":true,\"valueName\":\"search_term_string\"}}],\"inLanguage\":\"de\"}]}<\/script>\n<!-- \/ Yoast SEO plugin. -->","yoast_head_json":{"title":"H400 Serie - Hurom Europe","description":"Der neue Slow Juicer(Entsafter) H400 von Hurom ist ein einfacherer und klarerer, langsam gepresster Saft mit noch gr\u00f6\u00dferer Entsaftungskapazit\u00e4t.","robots":{"index":"index","follow":"follow","max-snippet":"max-snippet:-1","max-image-preview":"max-image-preview:large","max-video-preview":"max-video-preview:-1"},"canonical":"https:\/\/www.hurom-europe.com\/de\/produkt\/h400-serie\/","og_locale":"de_DE","og_type":"article","og_title":"H400 Serie - Hurom Europe","og_description":"Der neue Slow Juicer(Entsafter) H400 von Hurom ist ein einfacherer und klarerer, langsam gepresster Saft mit noch gr\u00f6\u00dferer Entsaftungskapazit\u00e4t.","og_url":"https:\/\/www.hurom-europe.com\/de\/produkt\/h400-serie\/","og_site_name":"Hurom Europe","article_modified_time":"2026-04-16T10:16:42+00:00","og_image":[{"width":1200,"height":1200,"url":"https:\/\/www.hurom-europe.com\/wp-content\/uploads\/2024\/01\/H400_T01.jpg","type":"image\/jpeg"}],"twitter_card":"summary_large_image","twitter_misc":{"Gesch\u00e4tzte Lesezeit":"1\u00a0Minute"},"schema":{"@context":"https:\/\/schema.org","@graph":[{"@type":"WebPage","@id":"https:\/\/www.hurom-europe.com\/de\/produkt\/h400-serie\/","url":"https:\/\/www.hurom-europe.com\/de\/produkt\/h400-serie\/","name":"H400 Serie - Hurom Europe","isPartOf":{"@id":"https:\/\/www.hurom-europe.com\/fr\/#website"},"primaryImageOfPage":{"@id":"https:\/\/www.hurom-europe.com\/de\/produkt\/h400-serie\/#primaryimage"},"image":{"@id":"https:\/\/www.hurom-europe.com\/de\/produkt\/h400-serie\/#primaryimage"},"thumbnailUrl":"https:\/\/www.hurom-europe.com\/wp-content\/uploads\/2025\/12\/Thumbnail_gift_H400_Titanium01.jpg","datePublished":"2024-01-18T12:13:26+00:00","dateModified":"2026-04-16T10:16:42+00:00","description":"Der neue Slow Juicer(Entsafter) H400 von Hurom ist ein einfacherer und klarerer, langsam gepresster Saft mit noch gr\u00f6\u00dferer Entsaftungskapazit\u00e4t.","breadcrumb":{"@id":"https:\/\/www.hurom-europe.com\/de\/produkt\/h400-serie\/#breadcrumb"},"inLanguage":"de","potentialAction":[{"@type":"ReadAction","target":["https:\/\/www.hurom-europe.com\/de\/produkt\/h400-serie\/"]}]},{"@type":"ImageObject","inLanguage":"de","@id":"https:\/\/www.hurom-europe.com\/de\/produkt\/h400-serie\/#primaryimage","url":"https:\/\/www.hurom-europe.com\/wp-content\/uploads\/2025\/12\/Thumbnail_gift_H400_Titanium01.jpg","contentUrl":"https:\/\/www.hurom-europe.com\/wp-content\/uploads\/2025\/12\/Thumbnail_gift_H400_Titanium01.jpg","width":1200,"height":1200},{"@type":"BreadcrumbList","@id":"https:\/\/www.hurom-europe.com\/de\/produkt\/h400-serie\/#breadcrumb","itemListElement":[{"@type":"ListItem","position":1,"name":"Home","item":"https:\/\/www.hurom-europe.com\/de\/"},{"@type":"ListItem","position":2,"name":"Shop","item":"https:\/\/www.hurom-europe.com\/de\/shop\/"},{"@type":"ListItem","position":3,"name":"H400 Serie"}]},{"@type":"WebSite","@id":"https:\/\/www.hurom-europe.com\/fr\/#website","url":"https:\/\/www.hurom-europe.com\/fr\/","name":"Hurom Europe","description":"Healthy Way of Life with Slow Juicers","potentialAction":[{"@type":"SearchAction","target":{"@type":"EntryPoint","urlTemplate":"https:\/\/www.hurom-europe.com\/fr\/?s={search_term_string}"},"query-input":{"@type":"PropertyValueSpecification","valueRequired":true,"valueName":"search_term_string"}}],"inLanguage":"de"}]}},"_links":{"self":[{"href":"https:\/\/www.hurom-europe.com\/de\/wp-json\/wp\/v2\/product\/50547","targetHints":{"allow":["GET"]}}],"collection":[{"href":"https:\/\/www.hurom-europe.com\/de\/wp-json\/wp\/v2\/product"}],"about":[{"href":"https:\/\/www.hurom-europe.com\/de\/wp-json\/wp\/v2\/types\/product"}],"wp:featuredmedia":[{"embeddable":true,"href":"https:\/\/www.hurom-europe.com\/de\/wp-json\/wp\/v2\/media\/219458"}],"wp:attachment":[{"href":"https:\/\/www.hurom-europe.com\/de\/wp-json\/wp\/v2\/media?parent=50547"}],"wp:term":[{"taxonomy":"product_cat","embeddable":true,"href":"https:\/\/www.hurom-europe.com\/de\/wp-json\/wp\/v2\/product_cat?post=50547"},{"taxonomy":"product_tag","embeddable":true,"href":"https:\/\/www.hurom-europe.com\/de\/wp-json\/wp\/v2\/product_tag?post=50547"}],"curies":[{"name":"wp","href":"https:\/\/api.w.org\/{rel}","templated":true}]}}