{"id":255381,"date":"2026-03-30T11:10:34","date_gmt":"2026-03-30T09:10:34","guid":{"rendered":"https:\/\/www.hurom-europe.com\/?post_type=product&#038;p=255381"},"modified":"2026-04-30T00:10:58","modified_gmt":"2026-04-29T22:10:58","slug":"the-juice-book-de-fr-gift","status":"publish","type":"product","link":"https:\/\/www.hurom-europe.com\/de\/produkt\/the-juice-book-de-fr-gift\/","title":{"rendered":"THE JUICE BOOK (DE \/ FR) Free Gift"},"content":{"rendered":"<p><strong><span class=\"TextRun SCXW27759709 BCX0\" lang=\"DE-DE\" xml:lang=\"DE-DE\" data-contrast=\"auto\"><span class=\"NormalTextRun SCXW27759709 BCX0\">Kapitel 1. Die Geschichte von <\/span><span class=\"NormalTextRun SpellingErrorV2Themed SCXW27759709 BCX0\">Hurom<\/span><\/span><span class=\"EOP Selected SCXW27759709 BCX0\" data-ccp-props=\"{&quot;134245417&quot;:false}\">\u00a0<\/span><\/strong><\/p>\n<p><span class=\"TextRun SCXW116991058 BCX0\" lang=\"DE-DE\" xml:lang=\"DE-DE\" data-contrast=\"auto\"><span class=\"NormalTextRun SCXW116991058 BCX0\">Dieses Kapitel stellt die Geschichte und Philosophie von\u00a0<\/span><span class=\"NormalTextRun SpellingErrorV2Themed SCXW116991058 BCX0\">Hurom<\/span><span class=\"NormalTextRun SCXW116991058 BCX0\">\u00a0sowie die weltweit erste Slow-<\/span><span class=\"NormalTextRun SpellingErrorV2Themed SCXW116991058 BCX0\">Juicing<\/span><span class=\"NormalTextRun SCXW116991058 BCX0\">-Technologie vor.<\/span><\/span><span class=\"EOP Selected SCXW116991058 BCX0\" data-ccp-props=\"{&quot;134245417&quot;:false}\">\u00a0<\/span><\/p>\n<p><strong><span class=\"TextRun SCXW27759709 BCX0\" lang=\"DE-DE\" xml:lang=\"DE-DE\" data-contrast=\"auto\"><span class=\"NormalTextRun SCXW27759709 BCX0\">Kapitel <span class=\"TextRun SCXW264599309 BCX0\" lang=\"DE-DE\" xml:lang=\"DE-DE\" data-contrast=\"auto\"><span class=\"NormalTextRun SCXW264599309 BCX0\">2. Partnerrezepte<\/span><\/span><\/span><\/span><\/strong><\/p>\n<p><span class=\"TextRun SCXW116991058 BCX0\" lang=\"DE-DE\" xml:lang=\"DE-DE\" data-contrast=\"auto\"><span class=\"NormalTextRun SCXW116991058 BCX0\"><span class=\"TextRun SCXW170863971 BCX0\" lang=\"DE-DE\" xml:lang=\"DE-DE\" data-contrast=\"auto\"><span class=\"NormalTextRun SCXW170863971 BCX0\">Entdecken Sie Rezepte von Partnern, die <\/span><span class=\"NormalTextRun SpellingErrorV2Themed SCXW170863971 BCX0\">Hurom<\/span><span class=\"NormalTextRun SCXW170863971 BCX0\">-Produkte verwenden. Auch Rezepte mit dem nach dem Entsaften \u00fcbrig gebliebenen Trester sind enthalten. Lesen Sie verschiedene Geschichten und Rezepte und erfahren Sie, wie\u00a0<\/span><span class=\"NormalTextRun SpellingErrorV2Themed SCXW170863971 BCX0\">Hurom<\/span><span class=\"NormalTextRun SCXW170863971 BCX0\">\u00a0zu einem festen Bestandteil ihres gesunden Alltags geworden ist.<\/span><\/span><span class=\"EOP Selected SCXW170863971 BCX0\" data-ccp-props=\"{&quot;134245417&quot;:false}\">\u00a0<\/span><\/span><\/span><\/p>\n<p><strong><span class=\"TextRun SCXW27759709 BCX0\" lang=\"DE-DE\" xml:lang=\"DE-DE\" data-contrast=\"auto\"><span class=\"NormalTextRun SCXW27759709 BCX0\">Kapitel <span class=\"NormalTextRun SCXW223216824 BCX0\">3.\u00a0<\/span><span class=\"NormalTextRun SpellingErrorV2Themed SCXW223216824 BCX0\">Hurom<\/span><span class=\"NormalTextRun SCXW223216824 BCX0\">-Rezepte<\/span><\/span><\/span><\/strong><\/p>\n<p><span class=\"TextRun SCXW58481093 BCX0\" lang=\"DE-DE\" xml:lang=\"DE-DE\" data-contrast=\"auto\"><span class=\"NormalTextRun SCXW58481093 BCX0\">Dieses Kapitel pr\u00e4sentiert vielf\u00e4ltige und kreative Rezepte mit\u00a0<\/span><span class=\"NormalTextRun SpellingErrorV2Themed SCXW58481093 BCX0\">Hurom<\/span><span class=\"NormalTextRun SCXW58481093 BCX0\">-Entsaftern und -Mixern. Entdecken Sie eine gro\u00dfe Auswahl an Rezepten \u2013 von Rezepten mit Trester \u00fcber gesunde S\u00e4fte, Smoothies und Protein-S\u00e4fte bis hin zu Desserts, Partygetr\u00e4nken und koreanischen Gerichten.<\/span><\/span><span class=\"EOP Selected SCXW58481093 BCX0\" data-ccp-props=\"{&quot;134245417&quot;:false}\">\u00a0<\/span><\/p>\n","protected":false},"excerpt":{"rendered":"<p><span class=\"TextRun SCXW168309160 BCX0\" lang=\"DE-DE\" xml:lang=\"DE-DE\" data-contrast=\"auto\"><span class=\"NormalTextRun SCXW168309160 BCX0\">\u00dcber 100 Rezepte f\u00fcr kaltgepresste S\u00e4fte, Gerichte und mehr<\/span><\/span><span class=\"EOP Selected SCXW168309160 BCX0\" data-ccp-props=\"{&quot;134245417&quot;:false}\">\u00a0<\/span><\/p>\n","protected":false},"featured_media":248823,"template":"","meta":{"_acf_changed":false,"inline_featured_image":false},"product_cat":[251],"product_tag":[],"class_list":{"0":"post-255381","1":"product","2":"type-product","3":"status-publish","4":"has-post-thumbnail","6":"product_cat-sonstige","8":"first","9":"instock","10":"taxable","11":"shipping-taxable","12":"purchasable","13":"product-type-variable","14":"has-default-attributes"},"acf":[],"yoast_head":"<!-- This site is optimized with the Yoast SEO plugin v26.6 - https:\/\/yoast.com\/wordpress\/plugins\/seo\/ -->\n<title>THE JUICE BOOK (DE \/ FR) Free Gift - Hurom Europe<\/title>\n<meta name=\"description\" content=\"\u00dcber 100 Rezepte f\u00fcr kaltgepresste S\u00e4fte, Gerichte und mehr\u00a0\" \/>\n<meta name=\"robots\" content=\"index, follow, max-snippet:-1, max-image-preview:large, max-video-preview:-1\" \/>\n<link rel=\"canonical\" href=\"https:\/\/www.hurom-europe.com\/de\/produkt\/the-juice-book-de-fr-gift\/\" \/>\n<meta property=\"og:locale\" content=\"de_DE\" \/>\n<meta property=\"og:type\" content=\"article\" \/>\n<meta property=\"og:title\" content=\"THE JUICE BOOK (DE \/ FR) Free Gift - Hurom Europe\" \/>\n<meta property=\"og:description\" content=\"\u00dcber 100 Rezepte f\u00fcr kaltgepresste S\u00e4fte, Gerichte und mehr\u00a0\" \/>\n<meta property=\"og:url\" content=\"https:\/\/www.hurom-europe.com\/de\/produkt\/the-juice-book-de-fr-gift\/\" \/>\n<meta property=\"og:site_name\" content=\"Hurom Europe\" \/>\n<meta property=\"article:modified_time\" content=\"2026-04-29T22:10:58+00:00\" \/>\n<meta property=\"og:image\" content=\"https:\/\/www.hurom-europe.com\/wp-content\/uploads\/2026\/03\/frcover2.png\" \/>\n\t<meta property=\"og:image:width\" content=\"1000\" \/>\n\t<meta property=\"og:image:height\" content=\"1000\" \/>\n\t<meta property=\"og:image:type\" content=\"image\/png\" \/>\n<meta name=\"twitter:card\" content=\"summary_large_image\" \/>\n<meta name=\"twitter:label1\" content=\"Gesch\u00e4tzte Lesezeit\" \/>\n\t<meta name=\"twitter:data1\" content=\"1\u00a0Minute\" \/>\n<script type=\"application\/ld+json\" class=\"yoast-schema-graph\">{\"@context\":\"https:\/\/schema.org\",\"@graph\":[{\"@type\":\"WebPage\",\"@id\":\"https:\/\/www.hurom-europe.com\/de\/produkt\/the-juice-book-de-fr-gift\/\",\"url\":\"https:\/\/www.hurom-europe.com\/de\/produkt\/the-juice-book-de-fr-gift\/\",\"name\":\"THE JUICE BOOK (DE \/ FR) Free Gift - Hurom Europe\",\"isPartOf\":{\"@id\":\"https:\/\/www.hurom-europe.com\/fr\/#website\"},\"primaryImageOfPage\":{\"@id\":\"https:\/\/www.hurom-europe.com\/de\/produkt\/the-juice-book-de-fr-gift\/#primaryimage\"},\"image\":{\"@id\":\"https:\/\/www.hurom-europe.com\/de\/produkt\/the-juice-book-de-fr-gift\/#primaryimage\"},\"thumbnailUrl\":\"https:\/\/www.hurom-europe.com\/wp-content\/uploads\/2026\/03\/frcover2.png\",\"datePublished\":\"2026-03-30T09:10:34+00:00\",\"dateModified\":\"2026-04-29T22:10:58+00:00\",\"description\":\"\u00dcber 100 Rezepte f\u00fcr kaltgepresste S\u00e4fte, Gerichte und mehr\u00a0\",\"breadcrumb\":{\"@id\":\"https:\/\/www.hurom-europe.com\/de\/produkt\/the-juice-book-de-fr-gift\/#breadcrumb\"},\"inLanguage\":\"de\",\"potentialAction\":[{\"@type\":\"ReadAction\",\"target\":[\"https:\/\/www.hurom-europe.com\/de\/produkt\/the-juice-book-de-fr-gift\/\"]}]},{\"@type\":\"ImageObject\",\"inLanguage\":\"de\",\"@id\":\"https:\/\/www.hurom-europe.com\/de\/produkt\/the-juice-book-de-fr-gift\/#primaryimage\",\"url\":\"https:\/\/www.hurom-europe.com\/wp-content\/uploads\/2026\/03\/frcover2.png\",\"contentUrl\":\"https:\/\/www.hurom-europe.com\/wp-content\/uploads\/2026\/03\/frcover2.png\",\"width\":1000,\"height\":1000},{\"@type\":\"BreadcrumbList\",\"@id\":\"https:\/\/www.hurom-europe.com\/de\/produkt\/the-juice-book-de-fr-gift\/#breadcrumb\",\"itemListElement\":[{\"@type\":\"ListItem\",\"position\":1,\"name\":\"Home\",\"item\":\"https:\/\/www.hurom-europe.com\/de\/\"},{\"@type\":\"ListItem\",\"position\":2,\"name\":\"Shop\",\"item\":\"https:\/\/www.hurom-europe.com\/de\/shop\/\"},{\"@type\":\"ListItem\",\"position\":3,\"name\":\"THE JUICE BOOK (DE \/ FR) Free Gift\"}]},{\"@type\":\"WebSite\",\"@id\":\"https:\/\/www.hurom-europe.com\/fr\/#website\",\"url\":\"https:\/\/www.hurom-europe.com\/fr\/\",\"name\":\"Hurom Europe\",\"description\":\"Healthy Way of Life with Slow Juicers\",\"potentialAction\":[{\"@type\":\"SearchAction\",\"target\":{\"@type\":\"EntryPoint\",\"urlTemplate\":\"https:\/\/www.hurom-europe.com\/fr\/?s={search_term_string}\"},\"query-input\":{\"@type\":\"PropertyValueSpecification\",\"valueRequired\":true,\"valueName\":\"search_term_string\"}}],\"inLanguage\":\"de\"}]}<\/script>\n<!-- \/ Yoast SEO plugin. -->","yoast_head_json":{"title":"THE JUICE BOOK (DE \/ FR) Free Gift - Hurom Europe","description":"\u00dcber 100 Rezepte f\u00fcr kaltgepresste S\u00e4fte, Gerichte und mehr\u00a0","robots":{"index":"index","follow":"follow","max-snippet":"max-snippet:-1","max-image-preview":"max-image-preview:large","max-video-preview":"max-video-preview:-1"},"canonical":"https:\/\/www.hurom-europe.com\/de\/produkt\/the-juice-book-de-fr-gift\/","og_locale":"de_DE","og_type":"article","og_title":"THE JUICE BOOK (DE \/ FR) Free Gift - Hurom Europe","og_description":"\u00dcber 100 Rezepte f\u00fcr kaltgepresste S\u00e4fte, Gerichte und mehr\u00a0","og_url":"https:\/\/www.hurom-europe.com\/de\/produkt\/the-juice-book-de-fr-gift\/","og_site_name":"Hurom Europe","article_modified_time":"2026-04-29T22:10:58+00:00","og_image":[{"width":1000,"height":1000,"url":"https:\/\/www.hurom-europe.com\/wp-content\/uploads\/2026\/03\/frcover2.png","type":"image\/png"}],"twitter_card":"summary_large_image","twitter_misc":{"Gesch\u00e4tzte Lesezeit":"1\u00a0Minute"},"schema":{"@context":"https:\/\/schema.org","@graph":[{"@type":"WebPage","@id":"https:\/\/www.hurom-europe.com\/de\/produkt\/the-juice-book-de-fr-gift\/","url":"https:\/\/www.hurom-europe.com\/de\/produkt\/the-juice-book-de-fr-gift\/","name":"THE JUICE BOOK (DE \/ FR) Free Gift - Hurom Europe","isPartOf":{"@id":"https:\/\/www.hurom-europe.com\/fr\/#website"},"primaryImageOfPage":{"@id":"https:\/\/www.hurom-europe.com\/de\/produkt\/the-juice-book-de-fr-gift\/#primaryimage"},"image":{"@id":"https:\/\/www.hurom-europe.com\/de\/produkt\/the-juice-book-de-fr-gift\/#primaryimage"},"thumbnailUrl":"https:\/\/www.hurom-europe.com\/wp-content\/uploads\/2026\/03\/frcover2.png","datePublished":"2026-03-30T09:10:34+00:00","dateModified":"2026-04-29T22:10:58+00:00","description":"\u00dcber 100 Rezepte f\u00fcr kaltgepresste S\u00e4fte, Gerichte und mehr\u00a0","breadcrumb":{"@id":"https:\/\/www.hurom-europe.com\/de\/produkt\/the-juice-book-de-fr-gift\/#breadcrumb"},"inLanguage":"de","potentialAction":[{"@type":"ReadAction","target":["https:\/\/www.hurom-europe.com\/de\/produkt\/the-juice-book-de-fr-gift\/"]}]},{"@type":"ImageObject","inLanguage":"de","@id":"https:\/\/www.hurom-europe.com\/de\/produkt\/the-juice-book-de-fr-gift\/#primaryimage","url":"https:\/\/www.hurom-europe.com\/wp-content\/uploads\/2026\/03\/frcover2.png","contentUrl":"https:\/\/www.hurom-europe.com\/wp-content\/uploads\/2026\/03\/frcover2.png","width":1000,"height":1000},{"@type":"BreadcrumbList","@id":"https:\/\/www.hurom-europe.com\/de\/produkt\/the-juice-book-de-fr-gift\/#breadcrumb","itemListElement":[{"@type":"ListItem","position":1,"name":"Home","item":"https:\/\/www.hurom-europe.com\/de\/"},{"@type":"ListItem","position":2,"name":"Shop","item":"https:\/\/www.hurom-europe.com\/de\/shop\/"},{"@type":"ListItem","position":3,"name":"THE JUICE BOOK (DE \/ FR) Free Gift"}]},{"@type":"WebSite","@id":"https:\/\/www.hurom-europe.com\/fr\/#website","url":"https:\/\/www.hurom-europe.com\/fr\/","name":"Hurom Europe","description":"Healthy Way of Life with Slow Juicers","potentialAction":[{"@type":"SearchAction","target":{"@type":"EntryPoint","urlTemplate":"https:\/\/www.hurom-europe.com\/fr\/?s={search_term_string}"},"query-input":{"@type":"PropertyValueSpecification","valueRequired":true,"valueName":"search_term_string"}}],"inLanguage":"de"}]}},"_links":{"self":[{"href":"https:\/\/www.hurom-europe.com\/de\/wp-json\/wp\/v2\/product\/255381","targetHints":{"allow":["GET"]}}],"collection":[{"href":"https:\/\/www.hurom-europe.com\/de\/wp-json\/wp\/v2\/product"}],"about":[{"href":"https:\/\/www.hurom-europe.com\/de\/wp-json\/wp\/v2\/types\/product"}],"wp:featuredmedia":[{"embeddable":true,"href":"https:\/\/www.hurom-europe.com\/de\/wp-json\/wp\/v2\/media\/248823"}],"wp:attachment":[{"href":"https:\/\/www.hurom-europe.com\/de\/wp-json\/wp\/v2\/media?parent=255381"}],"wp:term":[{"taxonomy":"product_cat","embeddable":true,"href":"https:\/\/www.hurom-europe.com\/de\/wp-json\/wp\/v2\/product_cat?post=255381"},{"taxonomy":"product_tag","embeddable":true,"href":"https:\/\/www.hurom-europe.com\/de\/wp-json\/wp\/v2\/product_tag?post=255381"}],"curies":[{"name":"wp","href":"https:\/\/api.w.org\/{rel}","templated":true}]}}