{"id":250045,"date":"2026-03-19T14:47:44","date_gmt":"2026-03-19T13:47:44","guid":{"rendered":"https:\/\/www.hurom-europe.com\/?post_type=product&#038;p=250045"},"modified":"2026-05-15T09:45:49","modified_gmt":"2026-05-15T07:45:49","slug":"hurom-water-purifier","status":"publish","type":"product","link":"https:\/\/www.hurom-europe.com\/de\/produkt\/hurom-water-purifier\/","title":{"rendered":"[Neu] Hurom Wasserreiniger"},"content":{"rendered":"<ul>\n<li><strong><span class=\"TextRun MacChromeBold SCXP187277530 BCX0\" lang=\"DE\" xml:lang=\"DE\" data-usefontface=\"true\" data-contrast=\"none\"><span class=\"NormalTextRun SCXP187277530 BCX0\">All-in-<\/span><\/span><span class=\"TextRun MacChromeBold SpellingErrorZoomed SCXP187277530 BCX0\" lang=\"DE\" xml:lang=\"DE\" data-usefontface=\"true\" data-contrast=\"none\"><span class=\"annotation-0b0c7eec-aa8b-4160-bddb-2e509b0273d1 SCXP187277530 BCX0\">One<\/span><\/span><span class=\"TextRun MacChromeBold SCXP187277530 BCX0\" lang=\"DE\" xml:lang=\"DE\" data-usefontface=\"true\" data-contrast=\"none\"><span class=\"NormalTextRun SCXP187277530 BCX0\">-Wassersystem:<\/span><\/span><br \/>\n<\/strong><span class=\"TextRun BCX0 SCXP187277530\" lang=\"DE\" xml:lang=\"DE\" data-usefontface=\"true\" data-contrast=\"none\"><span class=\"NormalTextRun BCX0 SCXP187277530\">Ein einzelnes Ger\u00e4t liefert gereinigtes, hei\u00dfes und gek\u00fchltes Wasser.<\/span><\/span><\/li>\n<\/ul>\n<p>&nbsp;<\/p>\n<ul>\n<li><strong><span class=\"TextRun MacChromeBold BCX0 SCXP83313283\" lang=\"DE\" xml:lang=\"DE\" data-usefontface=\"true\" data-contrast=\"none\"><span class=\"NormalTextRun BCX0 SCXP83313283\">Perfekte Temperatur:<\/span><\/span><br \/>\n<\/strong><span class=\"TextRun SCXP238080008 BCX0\" lang=\"DE\" xml:lang=\"DE\" data-usefontface=\"true\" data-contrast=\"none\"><span class=\"NormalTextRun SCXP238080008 BCX0\">Stellen Sie die gew\u00fcnschte Temperatur exakt ein \u2013 mit 1 \u00b0C Pr\u00e4zision. Bis herunter auf <\/span><\/span><span class=\"TextRun SCXP238080008 BCX0\" lang=\"DE\" xml:lang=\"DE\" data-usefontface=\"true\" data-contrast=\"none\"><span class=\"NormalTextRun SCXP238080008 BCX0\">4 \u00b0C.\u00a0 Von Tee bis Babynahrung. <\/span><\/span><\/li>\n<\/ul>\n<p>&nbsp;<\/p>\n<ul>\n<li><strong><span class=\"TextRun MacChromeBold BCX0 SCXP116652486\" lang=\"DE\" xml:lang=\"DE\" data-usefontface=\"true\" data-contrast=\"none\"><span class=\"NormalTextRun BCX0 SCXP116652486\">Dreistufige Filtration (RO \/ PAC \/ CF):<\/span><\/span><br \/>\n<\/strong><span class=\"TextRun BCX0 SCXP116652486\" lang=\"DE\" xml:lang=\"DE\" data-usefontface=\"true\" data-contrast=\"none\"><span class=\"NormalTextRun BCX0 SCXP116652486\">Ein mehrschichtiges Filtersystem, das Verunreinigungen und Mikro-Partikel entfernt.<\/span><\/span><\/li>\n<\/ul>\n<p>&nbsp;<\/p>\n<ul>\n<li><strong><span class=\"TextRun MacChromeBold BCX0 SCXP42017218\" lang=\"DE\" xml:lang=\"DE\" data-usefontface=\"true\" data-contrast=\"none\"><span class=\"NormalTextRun BCX0 SCXP42017218\">8,5 L Hochvolumen-Reservoir:<\/span><\/span><br \/>\n<\/strong><span data-teams=\"true\">Ein 8,5-Liter-Tank mit 6 L Frischwasser- und 2,5 L Abwasserkapazit\u00e4t.<\/span><\/li>\n<\/ul>\n<p>&nbsp;<\/p>\n<ul>\n<li><strong><span class=\"TextRun MacChromeBold BCX0 SCXP153929255\" lang=\"DE\" xml:lang=\"DE\" data-usefontface=\"true\" data-contrast=\"none\"><span class=\"NormalTextRun BCX0 SCXP153929255\">Interne Wasserleitungsentleerung:<\/span><\/span><br \/>\n<\/strong><span class=\"TextRun BCX0 SCXP153929255\" lang=\"DE\" xml:lang=\"DE\" data-usefontface=\"true\" data-contrast=\"none\"><span class=\"NormalTextRun BCX0 SCXP153929255\">Automatische oder manuelle Entleerung entfernt Restwasser, hilft sauberere <\/span><\/span><span class=\"TextRun BCX0 SCXP153929255\" lang=\"DE\" xml:lang=\"DE\" data-usefontface=\"true\" data-contrast=\"none\"><span class=\"NormalTextRun BCX0 SCXP153929255\">Leitungen zu erhalten und reduziert das Risiko von Verstopfungen.<\/span><\/span><\/li>\n<\/ul>\n<p>&nbsp;<\/p>\n<ul>\n<li><strong><span class=\"TextRun MacChromeBold BCX0 SCXP265572946\" lang=\"DE\" xml:lang=\"DE\" data-usefontface=\"true\" data-contrast=\"none\"><span class=\"NormalTextRun BCX0 SCXP265572946\">UV-Tankpflege:<\/span><\/span><br \/>\n<\/strong><span class=\"TextRun SCXP212047532 BCX0\" lang=\"DE\" xml:lang=\"DE\" data-usefontface=\"true\" data-contrast=\"none\"><span class=\"NormalTextRun SCXP212047532 BCX0\">UV-Sterilisation h\u00e4lt den Wassertank hygienisch.<\/span><\/span><\/li>\n<\/ul>\n<p>&nbsp;<\/p>\n<ul>\n<li><strong><span class=\"TextRun MacChromeBold BCX0 SCXP207163252\" lang=\"DE\" xml:lang=\"DE\" data-usefontface=\"true\" data-contrast=\"none\"><span class=\"NormalTextRun BCX0 SCXP207163252\">Hei\u00dfwasser-Sicherheitsverriegelung:<\/span><\/span><br \/>\n<\/strong><span class=\"TextRun BCX0 SCXP241909096\" lang=\"DE\" xml:lang=\"DE\" data-usefontface=\"true\" data-contrast=\"none\"><span class=\"NormalTextRun BCX0 SCXP241909096\">Eine Schutzverriegelung sorgt f\u00fcr eine sichere Hei\u00dfwasserausgabe.<\/span><\/span><\/li>\n<\/ul>\n<p>&nbsp;<\/p>\n<ul>\n<li><strong><span class=\"TextRun MacChromeBold BCX0 SCXP195457257\" lang=\"DE-DE\" xml:lang=\"DE-DE\" data-usefontface=\"false\" data-contrast=\"none\"><span class=\"NormalTextRun BCX0 SCXP195457257\">Je nach Modell und Produktionsdatum k\u00f6nnen Design und Komponenten leicht <\/span><\/span><span class=\"TextRun MacChromeBold BCX0 SCXP195457257\" lang=\"DE-DE\" xml:lang=\"DE-DE\" data-usefontface=\"false\" data-contrast=\"none\"><span class=\"NormalTextRun BCX0 SCXP195457257\">variieren und von den gezeigten Fotos abweichen.<\/span><\/span><\/strong><\/li>\n<\/ul>\n<p>&nbsp;<\/p>\n","protected":false},"excerpt":{"rendered":"<p>All-in-One-Wassersystem: Ein einzelnes Ger\u00e4t liefert gereinigtes, hei\u00dfes und gek\u00fchltes Wasser. &nbsp; Perfekte Temperatur: Stellen Sie die gew\u00fcnschte Temperatur exakt ein \u2013 mit 1 \u00b0C Pr\u00e4zision. Bis herunter auf 4 \u00b0C.\u00a0 Von Tee bis Babynahrung. &nbsp; Dreistufige Filtration (RO \/ PAC \/ CF): Ein mehrschichtiges Filtersystem, das Verunreinigungen und Mikro-Partikel entfernt. &nbsp; 8,5 L Hochvolumen-Reservoir: Ein [&hellip;]<\/p>\n","protected":false},"featured_media":250221,"template":"","meta":{"_acf_changed":false,"inline_featured_image":false},"product_cat":[251],"product_tag":[],"class_list":{"0":"post-250045","1":"product","2":"type-product","3":"status-publish","4":"has-post-thumbnail","6":"product_cat-sonstige","8":"first","9":"instock","10":"taxable","11":"shipping-taxable","12":"purchasable","13":"product-type-variable","14":"has-default-attributes"},"acf":[],"yoast_head":"<!-- This site is optimized with the Yoast SEO plugin v26.6 - https:\/\/yoast.com\/wordpress\/plugins\/seo\/ -->\n<title>[Neu] Hurom Wasserreiniger - Hurom Europe<\/title>\n<meta name=\"description\" content=\"Huroms Slow Juicer(Entsafter) H320N kombiniert mit einem intelligenten Mega-Trichter mit gro\u00dfem Fassungsverm\u00f6gen und einem Netzfilter mit intelligenter, automatischer Schneidfunktion. Genie\u00dfen Sie Ihren Saft!\" \/>\n<meta name=\"robots\" content=\"index, follow, max-snippet:-1, max-image-preview:large, max-video-preview:-1\" \/>\n<link rel=\"canonical\" href=\"https:\/\/www.hurom-europe.com\/de\/produkt\/hurom-water-purifier\/\" \/>\n<meta property=\"og:locale\" content=\"de_DE\" \/>\n<meta property=\"og:type\" content=\"article\" \/>\n<meta property=\"og:title\" content=\"[Neu] Hurom Wasserreiniger - Hurom Europe\" \/>\n<meta property=\"og:description\" content=\"Huroms Slow Juicer(Entsafter) H320N kombiniert mit einem intelligenten Mega-Trichter mit gro\u00dfem Fassungsverm\u00f6gen und einem Netzfilter mit intelligenter, automatischer Schneidfunktion. Genie\u00dfen Sie Ihren Saft!\" \/>\n<meta property=\"og:url\" content=\"https:\/\/www.hurom-europe.com\/de\/produkt\/hurom-water-purifier\/\" \/>\n<meta property=\"og:site_name\" content=\"Hurom Europe\" \/>\n<meta property=\"article:modified_time\" content=\"2026-05-15T07:45:49+00:00\" \/>\n<meta property=\"og:image\" content=\"https:\/\/www.hurom-europe.com\/wp-content\/uploads\/2026\/03\/deWP-A01EGR_thumbnail01.png\" \/>\n\t<meta property=\"og:image:width\" content=\"1200\" \/>\n\t<meta property=\"og:image:height\" content=\"1200\" \/>\n\t<meta property=\"og:image:type\" content=\"image\/png\" \/>\n<meta name=\"twitter:card\" content=\"summary_large_image\" \/>\n<meta name=\"twitter:label1\" content=\"Gesch\u00e4tzte Lesezeit\" \/>\n\t<meta name=\"twitter:data1\" content=\"1\u00a0Minute\" \/>\n<script type=\"application\/ld+json\" class=\"yoast-schema-graph\">{\"@context\":\"https:\/\/schema.org\",\"@graph\":[{\"@type\":\"WebPage\",\"@id\":\"https:\/\/www.hurom-europe.com\/de\/produkt\/hurom-water-purifier\/\",\"url\":\"https:\/\/www.hurom-europe.com\/de\/produkt\/hurom-water-purifier\/\",\"name\":\"[Neu] Hurom Wasserreiniger - Hurom Europe\",\"isPartOf\":{\"@id\":\"https:\/\/www.hurom-europe.com\/fr\/#website\"},\"primaryImageOfPage\":{\"@id\":\"https:\/\/www.hurom-europe.com\/de\/produkt\/hurom-water-purifier\/#primaryimage\"},\"image\":{\"@id\":\"https:\/\/www.hurom-europe.com\/de\/produkt\/hurom-water-purifier\/#primaryimage\"},\"thumbnailUrl\":\"https:\/\/www.hurom-europe.com\/wp-content\/uploads\/2026\/03\/deWP-A01EGR_thumbnail01.png\",\"datePublished\":\"2026-03-19T13:47:44+00:00\",\"dateModified\":\"2026-05-15T07:45:49+00:00\",\"description\":\"Huroms Slow Juicer(Entsafter) H320N kombiniert mit einem intelligenten Mega-Trichter mit gro\u00dfem Fassungsverm\u00f6gen und einem Netzfilter mit intelligenter, automatischer Schneidfunktion. Genie\u00dfen Sie Ihren Saft!\",\"breadcrumb\":{\"@id\":\"https:\/\/www.hurom-europe.com\/de\/produkt\/hurom-water-purifier\/#breadcrumb\"},\"inLanguage\":\"de\",\"potentialAction\":[{\"@type\":\"ReadAction\",\"target\":[\"https:\/\/www.hurom-europe.com\/de\/produkt\/hurom-water-purifier\/\"]}]},{\"@type\":\"ImageObject\",\"inLanguage\":\"de\",\"@id\":\"https:\/\/www.hurom-europe.com\/de\/produkt\/hurom-water-purifier\/#primaryimage\",\"url\":\"https:\/\/www.hurom-europe.com\/wp-content\/uploads\/2026\/03\/deWP-A01EGR_thumbnail01.png\",\"contentUrl\":\"https:\/\/www.hurom-europe.com\/wp-content\/uploads\/2026\/03\/deWP-A01EGR_thumbnail01.png\",\"width\":1200,\"height\":1200},{\"@type\":\"BreadcrumbList\",\"@id\":\"https:\/\/www.hurom-europe.com\/de\/produkt\/hurom-water-purifier\/#breadcrumb\",\"itemListElement\":[{\"@type\":\"ListItem\",\"position\":1,\"name\":\"Home\",\"item\":\"https:\/\/www.hurom-europe.com\/de\/\"},{\"@type\":\"ListItem\",\"position\":2,\"name\":\"Shop\",\"item\":\"https:\/\/www.hurom-europe.com\/de\/shop\/\"},{\"@type\":\"ListItem\",\"position\":3,\"name\":\"[Neu] Hurom Wasserreiniger\"}]},{\"@type\":\"WebSite\",\"@id\":\"https:\/\/www.hurom-europe.com\/fr\/#website\",\"url\":\"https:\/\/www.hurom-europe.com\/fr\/\",\"name\":\"Hurom Europe\",\"description\":\"Healthy Way of Life with Slow Juicers\",\"potentialAction\":[{\"@type\":\"SearchAction\",\"target\":{\"@type\":\"EntryPoint\",\"urlTemplate\":\"https:\/\/www.hurom-europe.com\/fr\/?s={search_term_string}\"},\"query-input\":{\"@type\":\"PropertyValueSpecification\",\"valueRequired\":true,\"valueName\":\"search_term_string\"}}],\"inLanguage\":\"de\"}]}<\/script>\n<!-- \/ Yoast SEO plugin. -->","yoast_head_json":{"title":"[Neu] Hurom Wasserreiniger - Hurom Europe","description":"Huroms Slow Juicer(Entsafter) H320N kombiniert mit einem intelligenten Mega-Trichter mit gro\u00dfem Fassungsverm\u00f6gen und einem Netzfilter mit intelligenter, automatischer Schneidfunktion. Genie\u00dfen Sie Ihren Saft!","robots":{"index":"index","follow":"follow","max-snippet":"max-snippet:-1","max-image-preview":"max-image-preview:large","max-video-preview":"max-video-preview:-1"},"canonical":"https:\/\/www.hurom-europe.com\/de\/produkt\/hurom-water-purifier\/","og_locale":"de_DE","og_type":"article","og_title":"[Neu] Hurom Wasserreiniger - Hurom Europe","og_description":"Huroms Slow Juicer(Entsafter) H320N kombiniert mit einem intelligenten Mega-Trichter mit gro\u00dfem Fassungsverm\u00f6gen und einem Netzfilter mit intelligenter, automatischer Schneidfunktion. Genie\u00dfen Sie Ihren Saft!","og_url":"https:\/\/www.hurom-europe.com\/de\/produkt\/hurom-water-purifier\/","og_site_name":"Hurom Europe","article_modified_time":"2026-05-15T07:45:49+00:00","og_image":[{"width":1200,"height":1200,"url":"https:\/\/www.hurom-europe.com\/wp-content\/uploads\/2026\/03\/deWP-A01EGR_thumbnail01.png","type":"image\/png"}],"twitter_card":"summary_large_image","twitter_misc":{"Gesch\u00e4tzte Lesezeit":"1\u00a0Minute"},"schema":{"@context":"https:\/\/schema.org","@graph":[{"@type":"WebPage","@id":"https:\/\/www.hurom-europe.com\/de\/produkt\/hurom-water-purifier\/","url":"https:\/\/www.hurom-europe.com\/de\/produkt\/hurom-water-purifier\/","name":"[Neu] Hurom Wasserreiniger - Hurom Europe","isPartOf":{"@id":"https:\/\/www.hurom-europe.com\/fr\/#website"},"primaryImageOfPage":{"@id":"https:\/\/www.hurom-europe.com\/de\/produkt\/hurom-water-purifier\/#primaryimage"},"image":{"@id":"https:\/\/www.hurom-europe.com\/de\/produkt\/hurom-water-purifier\/#primaryimage"},"thumbnailUrl":"https:\/\/www.hurom-europe.com\/wp-content\/uploads\/2026\/03\/deWP-A01EGR_thumbnail01.png","datePublished":"2026-03-19T13:47:44+00:00","dateModified":"2026-05-15T07:45:49+00:00","description":"Huroms Slow Juicer(Entsafter) H320N kombiniert mit einem intelligenten Mega-Trichter mit gro\u00dfem Fassungsverm\u00f6gen und einem Netzfilter mit intelligenter, automatischer Schneidfunktion. Genie\u00dfen Sie Ihren Saft!","breadcrumb":{"@id":"https:\/\/www.hurom-europe.com\/de\/produkt\/hurom-water-purifier\/#breadcrumb"},"inLanguage":"de","potentialAction":[{"@type":"ReadAction","target":["https:\/\/www.hurom-europe.com\/de\/produkt\/hurom-water-purifier\/"]}]},{"@type":"ImageObject","inLanguage":"de","@id":"https:\/\/www.hurom-europe.com\/de\/produkt\/hurom-water-purifier\/#primaryimage","url":"https:\/\/www.hurom-europe.com\/wp-content\/uploads\/2026\/03\/deWP-A01EGR_thumbnail01.png","contentUrl":"https:\/\/www.hurom-europe.com\/wp-content\/uploads\/2026\/03\/deWP-A01EGR_thumbnail01.png","width":1200,"height":1200},{"@type":"BreadcrumbList","@id":"https:\/\/www.hurom-europe.com\/de\/produkt\/hurom-water-purifier\/#breadcrumb","itemListElement":[{"@type":"ListItem","position":1,"name":"Home","item":"https:\/\/www.hurom-europe.com\/de\/"},{"@type":"ListItem","position":2,"name":"Shop","item":"https:\/\/www.hurom-europe.com\/de\/shop\/"},{"@type":"ListItem","position":3,"name":"[Neu] Hurom Wasserreiniger"}]},{"@type":"WebSite","@id":"https:\/\/www.hurom-europe.com\/fr\/#website","url":"https:\/\/www.hurom-europe.com\/fr\/","name":"Hurom Europe","description":"Healthy Way of Life with Slow Juicers","potentialAction":[{"@type":"SearchAction","target":{"@type":"EntryPoint","urlTemplate":"https:\/\/www.hurom-europe.com\/fr\/?s={search_term_string}"},"query-input":{"@type":"PropertyValueSpecification","valueRequired":true,"valueName":"search_term_string"}}],"inLanguage":"de"}]}},"_links":{"self":[{"href":"https:\/\/www.hurom-europe.com\/de\/wp-json\/wp\/v2\/product\/250045","targetHints":{"allow":["GET"]}}],"collection":[{"href":"https:\/\/www.hurom-europe.com\/de\/wp-json\/wp\/v2\/product"}],"about":[{"href":"https:\/\/www.hurom-europe.com\/de\/wp-json\/wp\/v2\/types\/product"}],"wp:featuredmedia":[{"embeddable":true,"href":"https:\/\/www.hurom-europe.com\/de\/wp-json\/wp\/v2\/media\/250221"}],"wp:attachment":[{"href":"https:\/\/www.hurom-europe.com\/de\/wp-json\/wp\/v2\/media?parent=250045"}],"wp:term":[{"taxonomy":"product_cat","embeddable":true,"href":"https:\/\/www.hurom-europe.com\/de\/wp-json\/wp\/v2\/product_cat?post=250045"},{"taxonomy":"product_tag","embeddable":true,"href":"https:\/\/www.hurom-europe.com\/de\/wp-json\/wp\/v2\/product_tag?post=250045"}],"curies":[{"name":"wp","href":"https:\/\/api.w.org\/{rel}","templated":true}]}}