{"id":239169,"date":"2026-03-04T14:04:30","date_gmt":"2026-03-04T13:04:30","guid":{"rendered":"https:\/\/www.hurom-europe.com\/?post_type=product&#038;p=239169"},"modified":"2026-04-28T18:46:28","modified_gmt":"2026-04-28T16:46:28","slug":"h80-st","status":"publish","type":"product","link":"https:\/\/www.hurom-europe.com\/de\/produkt\/h80-st\/","title":{"rendered":"[Neu] H80-ST"},"content":{"rendered":"<ul>\n<li><strong>Huroms neue Spiralklingen-Technologie:<br \/>\n<\/strong> Verarbeitet m\u00fchelos alles von Zitrusfr\u00fcchten bis hin zu faserigem Blattgem\u00fcse und sorgt f\u00fcr einen gleichm\u00e4\u00dfigen, konstanten Saft.<\/li>\n<\/ul>\n<p>&nbsp;<\/p>\n<ul>\n<li><strong>Extra-gro\u00dfer Hopper f\u00fcr komfortables Entsaften:<br \/>\n<\/strong> Geben Sie eine Vielzahl an Zutaten hinein und bereiten Sie mehr Saft in einem Durchgang zu, f\u00fcr eine einfachere, unkomplizierte Routine.<\/li>\n<\/ul>\n<p>&nbsp;<\/p>\n<ul>\n<li><strong>M\u00fchelose Anwendung &amp; Pflege:<br \/>\n<\/strong><span class=\"TextRun SCXP217367980 BCX8\" lang=\"EN-US\" xml:lang=\"EN-US\" data-scheme-color=\"@000000,,\" data-usefontface=\"true\" data-contrast=\"none\"><span class=\"NormalTextRun SCXP217367980 BCX8\">Die <\/span><\/span><span class=\"TextRun SpellingErrorZoomed SCXP217367980 BCX8\" lang=\"EN-US\" xml:lang=\"EN-US\" data-scheme-color=\"@000000,,\" data-usefontface=\"true\" data-contrast=\"none\"><span class=\"annotation-da8ed029-56f1-490e-aa3d-b6b81e8d65ab SCXP217367980 BCX8\">meisten<\/span><\/span> <span class=\"TextRun SpellingErrorZoomed SCXP217367980 BCX8\" lang=\"EN-US\" xml:lang=\"EN-US\" data-scheme-color=\"@000000,,\" data-usefontface=\"true\" data-contrast=\"none\"><span class=\"annotation-da8ed029-56f1-490e-aa3d-b6b81e8d65ab SCXP217367980 BCX8\">abnehmbaren<\/span><\/span> <span class=\"TextRun SpellingErrorZoomed SCXP217367980 BCX8\" lang=\"EN-US\" xml:lang=\"EN-US\" data-scheme-color=\"@000000,,\" data-usefontface=\"true\" data-contrast=\"none\"><span class=\"annotation-da8ed029-56f1-490e-aa3d-b6b81e8d65ab SCXP217367980 BCX8\">Teile<\/span><\/span> <span class=\"TextRun SpellingErrorZoomed SCXP217367980 BCX8\" lang=\"EN-US\" xml:lang=\"EN-US\" data-scheme-color=\"@000000,,\" data-usefontface=\"true\" data-contrast=\"none\"><span class=\"annotation-da8ed029-56f1-490e-aa3d-b6b81e8d65ab SCXP217367980 BCX8\">sind<\/span><\/span> <span class=\"TextRun SpellingErrorZoomed SCXP217367980 BCX8\" lang=\"EN-US\" xml:lang=\"EN-US\" data-scheme-color=\"@000000,,\" data-usefontface=\"true\" data-contrast=\"none\"><span class=\"annotation-da8ed029-56f1-490e-aa3d-b6b81e8d65ab SCXP217367980 BCX8\">sp\u00fclmaschinengeeignet<\/span><\/span><span class=\"TextRun SCXP217367980 BCX8\" lang=\"EN-US\" xml:lang=\"EN-US\" data-scheme-color=\"@000000,,\" data-usefontface=\"true\" data-contrast=\"none\"><span class=\"NormalTextRun SCXP217367980 BCX8\"> und <\/span><\/span><span class=\"TextRun SpellingErrorZoomed SCXP217367980 BCX8\" lang=\"EN-US\" xml:lang=\"EN-US\" data-scheme-color=\"@000000,,\" data-usefontface=\"true\" data-contrast=\"none\"><span class=\"annotation-da8ed029-56f1-490e-aa3d-b6b81e8d65ab SCXP217367980 BCX8\">erleichtern<\/span><\/span><span class=\"TextRun SCXP217367980 BCX8\" lang=\"EN-US\" xml:lang=\"EN-US\" data-scheme-color=\"@000000,,\" data-usefontface=\"true\" data-contrast=\"none\"><span class=\"NormalTextRun SCXP217367980 BCX8\"> die <\/span><\/span><span class=\"TextRun SpellingErrorZoomed SCXP217367980 BCX8\" lang=\"EN-US\" xml:lang=\"EN-US\" data-scheme-color=\"@000000,,\" data-usefontface=\"true\" data-contrast=\"none\"><span class=\"annotation-da8ed029-56f1-490e-aa3d-b6b81e8d65ab SCXP217367980 BCX8\">Reinigung<\/span><\/span> <span class=\"TextRun SpellingErrorZoomed SCXP217367980 BCX8\" lang=\"EN-US\" xml:lang=\"EN-US\" data-scheme-color=\"@000000,,\" data-usefontface=\"true\" data-contrast=\"none\"><span class=\"annotation-da8ed029-56f1-490e-aa3d-b6b81e8d65ab SCXP217367980 BCX8\">im<\/span><\/span> <span class=\"TextRun SpellingErrorZoomed SCXP217367980 BCX8\" lang=\"EN-US\" xml:lang=\"EN-US\" data-scheme-color=\"@000000,,\" data-usefontface=\"true\" data-contrast=\"none\"><span class=\"annotation-da8ed029-56f1-490e-aa3d-b6b81e8d65ab SCXP217367980 BCX8\">Alltag<\/span><\/span><span class=\"TextRun SCXP217367980 BCX8\" lang=\"EN-US\" xml:lang=\"EN-US\" data-scheme-color=\"@000000,,\" data-usefontface=\"true\" data-contrast=\"none\"><span class=\"NormalTextRun SCXP217367980 BCX8\">.<\/span><\/span><\/li>\n<\/ul>\n<p>&nbsp;<\/p>\n<ul>\n<li><strong>Verbesserte Benutzerfreundlichkeit f\u00fcr nahtloses Entsaften:<br \/>\n<\/strong> Vom Nutzer inspiriertes Design mit Fit &amp; Clean Tresterauslass, intuitiver Bedienung und One-Touch-Hopperdeckel.<\/li>\n<\/ul>\n<p>&nbsp;<\/p>\n<ul>\n<li><strong>Vielf\u00e4ltige Rezepte mit nur einem H80-ST:<br \/>\n<\/strong> W\u00e4hlen Sie das passende Sieb (Fein\/Grob\/Eiscreme) entsprechend Ihrem Lieblingsrezept und Geschmack.<\/li>\n<\/ul>\n<p>&nbsp;<\/p>\n<ul>\n<li><strong>Nachhaltige Verpackung:<br \/>\n<\/strong> Es werden umweltbewusste Materialien, einschlie\u00dflich FSC-zertifiziertem Papier verwendet, um eine nachhaltigere Zukunft mitzugestalten.<\/li>\n<\/ul>\n<p>&nbsp;<\/p>\n<ul>\n<li><strong>Sicherheit:<br \/>\n<\/strong> Wie alle anderen Hurom Slow Juicer besteht auch der H80-ST Slow Juicer ausschlie\u00dflich aus BPA-freien Materialien.<\/li>\n<\/ul>\n<p>&nbsp;<\/p>\n<ul>\n<li><strong>Hinweis:<br \/>\n<\/strong> Je nach Modell und Produktionsdatum k\u00f6nnen Design und Komponenten leicht variieren und von den gezeigten Fotos abweichen.<\/li>\n<\/ul>\n<p>&nbsp;<\/p>\n","protected":false},"excerpt":{"rendered":"<p>Huroms neue Spiralklingen-Technologie: Verarbeitet m\u00fchelos alles von Zitrusfr\u00fcchten bis hin zu faserigem Blattgem\u00fcse und sorgt f\u00fcr einen gleichm\u00e4\u00dfigen, konstanten Saft. &nbsp; Extra-gro\u00dfer Hopper f\u00fcr komfortables Entsaften: Geben Sie eine Vielzahl an Zutaten hinein und bereiten Sie mehr Saft in einem Durchgang zu, f\u00fcr eine einfachere, unkomplizierte Routine. &nbsp; M\u00fchelose Anwendung &amp; Pflege: Die meisten abnehmbaren [&hellip;]<\/p>\n","protected":false},"featured_media":254198,"template":"","meta":{"_acf_changed":false,"inline_featured_image":false},"product_cat":[106],"product_tag":[],"class_list":{"0":"post-239169","1":"product","2":"type-product","3":"status-publish","4":"has-post-thumbnail","6":"product_cat-pure-press-linie","8":"first","9":"instock","10":"taxable","11":"shipping-taxable","12":"purchasable","13":"product-type-variable","14":"has-default-attributes"},"acf":[],"yoast_head":"<!-- This site is optimized with the Yoast SEO plugin v26.6 - https:\/\/yoast.com\/wordpress\/plugins\/seo\/ -->\n<title>[Neu] H80-ST - Hurom Europe<\/title>\n<meta name=\"description\" content=\"Huroms Slow Juicer(Entsafter) H320N kombiniert mit einem intelligenten Mega-Trichter mit gro\u00dfem Fassungsverm\u00f6gen und einem Netzfilter mit intelligenter, automatischer Schneidfunktion. Genie\u00dfen Sie Ihren Saft!\" \/>\n<meta name=\"robots\" content=\"index, follow, max-snippet:-1, max-image-preview:large, max-video-preview:-1\" \/>\n<link rel=\"canonical\" href=\"https:\/\/www.hurom-europe.com\/de\/produkt\/h80-st\/\" \/>\n<meta property=\"og:locale\" content=\"de_DE\" \/>\n<meta property=\"og:type\" content=\"article\" \/>\n<meta property=\"og:title\" content=\"[Neu] H80-ST - Hurom Europe\" \/>\n<meta property=\"og:description\" content=\"Huroms Slow Juicer(Entsafter) H320N kombiniert mit einem intelligenten Mega-Trichter mit gro\u00dfem Fassungsverm\u00f6gen und einem Netzfilter mit intelligenter, automatischer Schneidfunktion. Genie\u00dfen Sie Ihren Saft!\" \/>\n<meta property=\"og:url\" content=\"https:\/\/www.hurom-europe.com\/de\/produkt\/h80-st\/\" \/>\n<meta property=\"og:site_name\" content=\"Hurom Europe\" \/>\n<meta property=\"article:modified_time\" content=\"2026-04-28T16:46:28+00:00\" \/>\n<meta property=\"og:image\" content=\"https:\/\/www.hurom-europe.com\/wp-content\/uploads\/2026\/03\/deH80ST_Thumbnail_Marble1.jpg\" \/>\n\t<meta property=\"og:image:width\" content=\"1200\" \/>\n\t<meta property=\"og:image:height\" content=\"1200\" \/>\n\t<meta property=\"og:image:type\" content=\"image\/jpeg\" \/>\n<meta name=\"twitter:card\" content=\"summary_large_image\" \/>\n<meta name=\"twitter:label1\" content=\"Gesch\u00e4tzte Lesezeit\" \/>\n\t<meta name=\"twitter:data1\" content=\"1\u00a0Minute\" \/>\n<script type=\"application\/ld+json\" class=\"yoast-schema-graph\">{\"@context\":\"https:\/\/schema.org\",\"@graph\":[{\"@type\":\"WebPage\",\"@id\":\"https:\/\/www.hurom-europe.com\/de\/produkt\/h80-st\/\",\"url\":\"https:\/\/www.hurom-europe.com\/de\/produkt\/h80-st\/\",\"name\":\"[Neu] H80-ST - Hurom Europe\",\"isPartOf\":{\"@id\":\"https:\/\/www.hurom-europe.com\/fr\/#website\"},\"primaryImageOfPage\":{\"@id\":\"https:\/\/www.hurom-europe.com\/de\/produkt\/h80-st\/#primaryimage\"},\"image\":{\"@id\":\"https:\/\/www.hurom-europe.com\/de\/produkt\/h80-st\/#primaryimage\"},\"thumbnailUrl\":\"https:\/\/www.hurom-europe.com\/wp-content\/uploads\/2026\/03\/deH80ST_Thumbnail_Marble1.jpg\",\"datePublished\":\"2026-03-04T13:04:30+00:00\",\"dateModified\":\"2026-04-28T16:46:28+00:00\",\"description\":\"Huroms Slow Juicer(Entsafter) H320N kombiniert mit einem intelligenten Mega-Trichter mit gro\u00dfem Fassungsverm\u00f6gen und einem Netzfilter mit intelligenter, automatischer Schneidfunktion. Genie\u00dfen Sie Ihren Saft!\",\"breadcrumb\":{\"@id\":\"https:\/\/www.hurom-europe.com\/de\/produkt\/h80-st\/#breadcrumb\"},\"inLanguage\":\"de\",\"potentialAction\":[{\"@type\":\"ReadAction\",\"target\":[\"https:\/\/www.hurom-europe.com\/de\/produkt\/h80-st\/\"]}]},{\"@type\":\"ImageObject\",\"inLanguage\":\"de\",\"@id\":\"https:\/\/www.hurom-europe.com\/de\/produkt\/h80-st\/#primaryimage\",\"url\":\"https:\/\/www.hurom-europe.com\/wp-content\/uploads\/2026\/03\/deH80ST_Thumbnail_Marble1.jpg\",\"contentUrl\":\"https:\/\/www.hurom-europe.com\/wp-content\/uploads\/2026\/03\/deH80ST_Thumbnail_Marble1.jpg\",\"width\":1200,\"height\":1200},{\"@type\":\"BreadcrumbList\",\"@id\":\"https:\/\/www.hurom-europe.com\/de\/produkt\/h80-st\/#breadcrumb\",\"itemListElement\":[{\"@type\":\"ListItem\",\"position\":1,\"name\":\"Home\",\"item\":\"https:\/\/www.hurom-europe.com\/de\/\"},{\"@type\":\"ListItem\",\"position\":2,\"name\":\"Shop\",\"item\":\"https:\/\/www.hurom-europe.com\/de\/shop\/\"},{\"@type\":\"ListItem\",\"position\":3,\"name\":\"[Neu] H80-ST\"}]},{\"@type\":\"WebSite\",\"@id\":\"https:\/\/www.hurom-europe.com\/fr\/#website\",\"url\":\"https:\/\/www.hurom-europe.com\/fr\/\",\"name\":\"Hurom Europe\",\"description\":\"Healthy Way of Life with Slow Juicers\",\"potentialAction\":[{\"@type\":\"SearchAction\",\"target\":{\"@type\":\"EntryPoint\",\"urlTemplate\":\"https:\/\/www.hurom-europe.com\/fr\/?s={search_term_string}\"},\"query-input\":{\"@type\":\"PropertyValueSpecification\",\"valueRequired\":true,\"valueName\":\"search_term_string\"}}],\"inLanguage\":\"de\"}]}<\/script>\n<!-- \/ Yoast SEO plugin. -->","yoast_head_json":{"title":"[Neu] H80-ST - Hurom Europe","description":"Huroms Slow Juicer(Entsafter) H320N kombiniert mit einem intelligenten Mega-Trichter mit gro\u00dfem Fassungsverm\u00f6gen und einem Netzfilter mit intelligenter, automatischer Schneidfunktion. Genie\u00dfen Sie Ihren Saft!","robots":{"index":"index","follow":"follow","max-snippet":"max-snippet:-1","max-image-preview":"max-image-preview:large","max-video-preview":"max-video-preview:-1"},"canonical":"https:\/\/www.hurom-europe.com\/de\/produkt\/h80-st\/","og_locale":"de_DE","og_type":"article","og_title":"[Neu] H80-ST - Hurom Europe","og_description":"Huroms Slow Juicer(Entsafter) H320N kombiniert mit einem intelligenten Mega-Trichter mit gro\u00dfem Fassungsverm\u00f6gen und einem Netzfilter mit intelligenter, automatischer Schneidfunktion. Genie\u00dfen Sie Ihren Saft!","og_url":"https:\/\/www.hurom-europe.com\/de\/produkt\/h80-st\/","og_site_name":"Hurom Europe","article_modified_time":"2026-04-28T16:46:28+00:00","og_image":[{"width":1200,"height":1200,"url":"https:\/\/www.hurom-europe.com\/wp-content\/uploads\/2026\/03\/deH80ST_Thumbnail_Marble1.jpg","type":"image\/jpeg"}],"twitter_card":"summary_large_image","twitter_misc":{"Gesch\u00e4tzte Lesezeit":"1\u00a0Minute"},"schema":{"@context":"https:\/\/schema.org","@graph":[{"@type":"WebPage","@id":"https:\/\/www.hurom-europe.com\/de\/produkt\/h80-st\/","url":"https:\/\/www.hurom-europe.com\/de\/produkt\/h80-st\/","name":"[Neu] H80-ST - Hurom Europe","isPartOf":{"@id":"https:\/\/www.hurom-europe.com\/fr\/#website"},"primaryImageOfPage":{"@id":"https:\/\/www.hurom-europe.com\/de\/produkt\/h80-st\/#primaryimage"},"image":{"@id":"https:\/\/www.hurom-europe.com\/de\/produkt\/h80-st\/#primaryimage"},"thumbnailUrl":"https:\/\/www.hurom-europe.com\/wp-content\/uploads\/2026\/03\/deH80ST_Thumbnail_Marble1.jpg","datePublished":"2026-03-04T13:04:30+00:00","dateModified":"2026-04-28T16:46:28+00:00","description":"Huroms Slow Juicer(Entsafter) H320N kombiniert mit einem intelligenten Mega-Trichter mit gro\u00dfem Fassungsverm\u00f6gen und einem Netzfilter mit intelligenter, automatischer Schneidfunktion. Genie\u00dfen Sie Ihren Saft!","breadcrumb":{"@id":"https:\/\/www.hurom-europe.com\/de\/produkt\/h80-st\/#breadcrumb"},"inLanguage":"de","potentialAction":[{"@type":"ReadAction","target":["https:\/\/www.hurom-europe.com\/de\/produkt\/h80-st\/"]}]},{"@type":"ImageObject","inLanguage":"de","@id":"https:\/\/www.hurom-europe.com\/de\/produkt\/h80-st\/#primaryimage","url":"https:\/\/www.hurom-europe.com\/wp-content\/uploads\/2026\/03\/deH80ST_Thumbnail_Marble1.jpg","contentUrl":"https:\/\/www.hurom-europe.com\/wp-content\/uploads\/2026\/03\/deH80ST_Thumbnail_Marble1.jpg","width":1200,"height":1200},{"@type":"BreadcrumbList","@id":"https:\/\/www.hurom-europe.com\/de\/produkt\/h80-st\/#breadcrumb","itemListElement":[{"@type":"ListItem","position":1,"name":"Home","item":"https:\/\/www.hurom-europe.com\/de\/"},{"@type":"ListItem","position":2,"name":"Shop","item":"https:\/\/www.hurom-europe.com\/de\/shop\/"},{"@type":"ListItem","position":3,"name":"[Neu] H80-ST"}]},{"@type":"WebSite","@id":"https:\/\/www.hurom-europe.com\/fr\/#website","url":"https:\/\/www.hurom-europe.com\/fr\/","name":"Hurom Europe","description":"Healthy Way of Life with Slow Juicers","potentialAction":[{"@type":"SearchAction","target":{"@type":"EntryPoint","urlTemplate":"https:\/\/www.hurom-europe.com\/fr\/?s={search_term_string}"},"query-input":{"@type":"PropertyValueSpecification","valueRequired":true,"valueName":"search_term_string"}}],"inLanguage":"de"}]}},"_links":{"self":[{"href":"https:\/\/www.hurom-europe.com\/de\/wp-json\/wp\/v2\/product\/239169","targetHints":{"allow":["GET"]}}],"collection":[{"href":"https:\/\/www.hurom-europe.com\/de\/wp-json\/wp\/v2\/product"}],"about":[{"href":"https:\/\/www.hurom-europe.com\/de\/wp-json\/wp\/v2\/types\/product"}],"wp:featuredmedia":[{"embeddable":true,"href":"https:\/\/www.hurom-europe.com\/de\/wp-json\/wp\/v2\/media\/254198"}],"wp:attachment":[{"href":"https:\/\/www.hurom-europe.com\/de\/wp-json\/wp\/v2\/media?parent=239169"}],"wp:term":[{"taxonomy":"product_cat","embeddable":true,"href":"https:\/\/www.hurom-europe.com\/de\/wp-json\/wp\/v2\/product_cat?post=239169"},{"taxonomy":"product_tag","embeddable":true,"href":"https:\/\/www.hurom-europe.com\/de\/wp-json\/wp\/v2\/product_tag?post=239169"}],"curies":[{"name":"wp","href":"https:\/\/api.w.org\/{rel}","templated":true}]}}