{"id":19992,"date":"2023-07-31T14:50:20","date_gmt":"2023-07-31T12:50:20","guid":{"rendered":"https:\/\/www.hurom-europe.com\/?post_type=product&#038;p=19992"},"modified":"2026-04-10T07:08:04","modified_gmt":"2026-04-10T05:08:04","slug":"eissieb-fur-h320n","status":"publish","type":"product","link":"https:\/\/www.hurom-europe.com\/de\/produkt\/eissieb-fur-h320n\/","title":{"rendered":"Eissieb f\u00fcr H320N"},"content":{"rendered":"<ul>\n<li><strong>Verwendung<\/strong><br \/>\n1. Bringen Sie den Eisfilter am Produkt an und schalten Sie das Produkt ein.<br \/>\n2. Geben Sie die vorgefrorenen, vorgehackten Fr\u00fcchte (oder den Saft) langsam nacheinander in den zus\u00e4tzlichen Schlitz.<br \/>\n3. Holen Sie sich Eiscreme aus dem Fruchtfleischauslass des Entsafters.<\/li>\n<\/ul>\n<p>&nbsp;<\/p>\n<ul>\n<li><strong>Sicherheitshinweise<\/strong><br \/>\n&#8211; Bitte verwenden Sie den Eisfilter nur f\u00fcr gefrorenes Obst.<br \/>\n&#8211; Verwenden Sie es nicht zum Zerkleinern oder Mahlen von Eis oder anderen Zutaten.<br \/>\n&#8211; Obst in 2 cm gro\u00dfe St\u00fccke schneiden und vor Gebrauch einfrieren.<br \/>\n&#8211; Harte Samen, die nicht gekaut werden k\u00f6nnen, m\u00fcssen vor der Verwendung von den Fr\u00fcchten entfernt werden.<br \/>\n&#8211; <strong>Der Filter kann sich verklemmen, wenn Sie gro\u00dfe St\u00fccke oder eine gro\u00dfe Menge auf einmal hinzuf\u00fcgen. F\u00fcgen Sie die Zutaten langsam nacheinander durch den zus\u00e4tzlichen Schlitz hinzu.<\/strong><br \/>\n&#8211; Beim Pressen von leicht aufgetautem Obst kann der Saft durch den Eisauslauf oder den Filter entweichen. Dies ist ein nat\u00fcrliches Ph\u00e4nomen, keine Fehlfunktion des Produkts.<\/li>\n<\/ul>\n","protected":false},"excerpt":{"rendered":"<p>Verwendung 1. Bringen Sie den Eisfilter am Produkt an und schalten Sie das Produkt ein. 2. Geben Sie die vorgefrorenen, vorgehackten Fr\u00fcchte (oder den Saft) langsam nacheinander in den zus\u00e4tzlichen Schlitz. 3. Holen Sie sich Eiscreme aus dem Fruchtfleischauslass des Entsafters. &nbsp; Sicherheitshinweise &#8211; Bitte verwenden Sie den Eisfilter nur f\u00fcr gefrorenes Obst. &#8211; Verwenden [&hellip;]<\/p>\n","protected":false},"featured_media":20002,"template":"","meta":{"_acf_changed":false,"inline_featured_image":false},"product_cat":[251],"product_tag":[],"class_list":{"0":"post-19992","1":"product","2":"type-product","3":"status-publish","4":"has-post-thumbnail","6":"product_cat-sonstige","8":"first","9":"instock","10":"taxable","11":"shipping-taxable","12":"purchasable","13":"product-type-simple"},"acf":[],"yoast_head":"<!-- This site is optimized with the Yoast SEO plugin v26.6 - https:\/\/yoast.com\/wordpress\/plugins\/seo\/ -->\n<title>Eissieb f\u00fcr H320N - Hurom Europe<\/title>\n<meta name=\"description\" content=\"Verwendung 1. Bringen Sie den Eisfilter am Produkt an und schalten Sie das Produkt ein. 2. Geben Sie die vorgefrorenen, vorgehackten Fr\u00fcchte (oder den\" \/>\n<meta name=\"robots\" content=\"index, follow, max-snippet:-1, max-image-preview:large, max-video-preview:-1\" \/>\n<link rel=\"canonical\" href=\"https:\/\/www.hurom-europe.com\/de\/produkt\/eissieb-fur-h320n\/\" \/>\n<meta property=\"og:locale\" content=\"de_DE\" \/>\n<meta property=\"og:type\" content=\"article\" \/>\n<meta property=\"og:title\" content=\"Eissieb f\u00fcr H320N - Hurom Europe\" \/>\n<meta property=\"og:description\" content=\"Verwendung 1. Bringen Sie den Eisfilter am Produkt an und schalten Sie das Produkt ein. 2. Geben Sie die vorgefrorenen, vorgehackten Fr\u00fcchte (oder den\" \/>\n<meta property=\"og:url\" content=\"https:\/\/www.hurom-europe.com\/de\/produkt\/eissieb-fur-h320n\/\" \/>\n<meta property=\"og:site_name\" content=\"Hurom Europe\" \/>\n<meta property=\"article:modified_time\" content=\"2026-04-10T05:08:04+00:00\" \/>\n<meta property=\"og:image\" content=\"https:\/\/www.hurom-europe.com\/wp-content\/uploads\/2023\/07\/2.jpg\" \/>\n\t<meta property=\"og:image:width\" content=\"1200\" \/>\n\t<meta property=\"og:image:height\" content=\"1200\" \/>\n\t<meta property=\"og:image:type\" content=\"image\/jpeg\" \/>\n<meta name=\"twitter:card\" content=\"summary_large_image\" \/>\n<meta name=\"twitter:label1\" content=\"Gesch\u00e4tzte Lesezeit\" \/>\n\t<meta name=\"twitter:data1\" content=\"1\u00a0Minute\" \/>\n<script type=\"application\/ld+json\" class=\"yoast-schema-graph\">{\"@context\":\"https:\/\/schema.org\",\"@graph\":[{\"@type\":\"WebPage\",\"@id\":\"https:\/\/www.hurom-europe.com\/de\/produkt\/eissieb-fur-h320n\/\",\"url\":\"https:\/\/www.hurom-europe.com\/de\/produkt\/eissieb-fur-h320n\/\",\"name\":\"Eissieb f\u00fcr H320N - Hurom Europe\",\"isPartOf\":{\"@id\":\"https:\/\/www.hurom-europe.com\/fr\/#website\"},\"primaryImageOfPage\":{\"@id\":\"https:\/\/www.hurom-europe.com\/de\/produkt\/eissieb-fur-h320n\/#primaryimage\"},\"image\":{\"@id\":\"https:\/\/www.hurom-europe.com\/de\/produkt\/eissieb-fur-h320n\/#primaryimage\"},\"thumbnailUrl\":\"https:\/\/www.hurom-europe.com\/wp-content\/uploads\/2023\/07\/2.jpg\",\"datePublished\":\"2023-07-31T12:50:20+00:00\",\"dateModified\":\"2026-04-10T05:08:04+00:00\",\"description\":\"Verwendung 1. Bringen Sie den Eisfilter am Produkt an und schalten Sie das Produkt ein. 2. Geben Sie die vorgefrorenen, vorgehackten Fr\u00fcchte (oder den\",\"breadcrumb\":{\"@id\":\"https:\/\/www.hurom-europe.com\/de\/produkt\/eissieb-fur-h320n\/#breadcrumb\"},\"inLanguage\":\"de\",\"potentialAction\":[{\"@type\":\"ReadAction\",\"target\":[\"https:\/\/www.hurom-europe.com\/de\/produkt\/eissieb-fur-h320n\/\"]}]},{\"@type\":\"ImageObject\",\"inLanguage\":\"de\",\"@id\":\"https:\/\/www.hurom-europe.com\/de\/produkt\/eissieb-fur-h320n\/#primaryimage\",\"url\":\"https:\/\/www.hurom-europe.com\/wp-content\/uploads\/2023\/07\/2.jpg\",\"contentUrl\":\"https:\/\/www.hurom-europe.com\/wp-content\/uploads\/2023\/07\/2.jpg\",\"width\":1200,\"height\":1200},{\"@type\":\"BreadcrumbList\",\"@id\":\"https:\/\/www.hurom-europe.com\/de\/produkt\/eissieb-fur-h320n\/#breadcrumb\",\"itemListElement\":[{\"@type\":\"ListItem\",\"position\":1,\"name\":\"Home\",\"item\":\"https:\/\/www.hurom-europe.com\/de\/\"},{\"@type\":\"ListItem\",\"position\":2,\"name\":\"Shop\",\"item\":\"https:\/\/www.hurom-europe.com\/de\/shop\/\"},{\"@type\":\"ListItem\",\"position\":3,\"name\":\"Eissieb f\u00fcr H320N\"}]},{\"@type\":\"WebSite\",\"@id\":\"https:\/\/www.hurom-europe.com\/fr\/#website\",\"url\":\"https:\/\/www.hurom-europe.com\/fr\/\",\"name\":\"Hurom Europe\",\"description\":\"Healthy Way of Life with Slow Juicers\",\"potentialAction\":[{\"@type\":\"SearchAction\",\"target\":{\"@type\":\"EntryPoint\",\"urlTemplate\":\"https:\/\/www.hurom-europe.com\/fr\/?s={search_term_string}\"},\"query-input\":{\"@type\":\"PropertyValueSpecification\",\"valueRequired\":true,\"valueName\":\"search_term_string\"}}],\"inLanguage\":\"de\"}]}<\/script>\n<!-- \/ Yoast SEO plugin. -->","yoast_head_json":{"title":"Eissieb f\u00fcr H320N - Hurom Europe","description":"Verwendung 1. Bringen Sie den Eisfilter am Produkt an und schalten Sie das Produkt ein. 2. Geben Sie die vorgefrorenen, vorgehackten Fr\u00fcchte (oder den","robots":{"index":"index","follow":"follow","max-snippet":"max-snippet:-1","max-image-preview":"max-image-preview:large","max-video-preview":"max-video-preview:-1"},"canonical":"https:\/\/www.hurom-europe.com\/de\/produkt\/eissieb-fur-h320n\/","og_locale":"de_DE","og_type":"article","og_title":"Eissieb f\u00fcr H320N - Hurom Europe","og_description":"Verwendung 1. Bringen Sie den Eisfilter am Produkt an und schalten Sie das Produkt ein. 2. Geben Sie die vorgefrorenen, vorgehackten Fr\u00fcchte (oder den","og_url":"https:\/\/www.hurom-europe.com\/de\/produkt\/eissieb-fur-h320n\/","og_site_name":"Hurom Europe","article_modified_time":"2026-04-10T05:08:04+00:00","og_image":[{"width":1200,"height":1200,"url":"https:\/\/www.hurom-europe.com\/wp-content\/uploads\/2023\/07\/2.jpg","type":"image\/jpeg"}],"twitter_card":"summary_large_image","twitter_misc":{"Gesch\u00e4tzte Lesezeit":"1\u00a0Minute"},"schema":{"@context":"https:\/\/schema.org","@graph":[{"@type":"WebPage","@id":"https:\/\/www.hurom-europe.com\/de\/produkt\/eissieb-fur-h320n\/","url":"https:\/\/www.hurom-europe.com\/de\/produkt\/eissieb-fur-h320n\/","name":"Eissieb f\u00fcr H320N - Hurom Europe","isPartOf":{"@id":"https:\/\/www.hurom-europe.com\/fr\/#website"},"primaryImageOfPage":{"@id":"https:\/\/www.hurom-europe.com\/de\/produkt\/eissieb-fur-h320n\/#primaryimage"},"image":{"@id":"https:\/\/www.hurom-europe.com\/de\/produkt\/eissieb-fur-h320n\/#primaryimage"},"thumbnailUrl":"https:\/\/www.hurom-europe.com\/wp-content\/uploads\/2023\/07\/2.jpg","datePublished":"2023-07-31T12:50:20+00:00","dateModified":"2026-04-10T05:08:04+00:00","description":"Verwendung 1. Bringen Sie den Eisfilter am Produkt an und schalten Sie das Produkt ein. 2. Geben Sie die vorgefrorenen, vorgehackten Fr\u00fcchte (oder den","breadcrumb":{"@id":"https:\/\/www.hurom-europe.com\/de\/produkt\/eissieb-fur-h320n\/#breadcrumb"},"inLanguage":"de","potentialAction":[{"@type":"ReadAction","target":["https:\/\/www.hurom-europe.com\/de\/produkt\/eissieb-fur-h320n\/"]}]},{"@type":"ImageObject","inLanguage":"de","@id":"https:\/\/www.hurom-europe.com\/de\/produkt\/eissieb-fur-h320n\/#primaryimage","url":"https:\/\/www.hurom-europe.com\/wp-content\/uploads\/2023\/07\/2.jpg","contentUrl":"https:\/\/www.hurom-europe.com\/wp-content\/uploads\/2023\/07\/2.jpg","width":1200,"height":1200},{"@type":"BreadcrumbList","@id":"https:\/\/www.hurom-europe.com\/de\/produkt\/eissieb-fur-h320n\/#breadcrumb","itemListElement":[{"@type":"ListItem","position":1,"name":"Home","item":"https:\/\/www.hurom-europe.com\/de\/"},{"@type":"ListItem","position":2,"name":"Shop","item":"https:\/\/www.hurom-europe.com\/de\/shop\/"},{"@type":"ListItem","position":3,"name":"Eissieb f\u00fcr H320N"}]},{"@type":"WebSite","@id":"https:\/\/www.hurom-europe.com\/fr\/#website","url":"https:\/\/www.hurom-europe.com\/fr\/","name":"Hurom Europe","description":"Healthy Way of Life with Slow Juicers","potentialAction":[{"@type":"SearchAction","target":{"@type":"EntryPoint","urlTemplate":"https:\/\/www.hurom-europe.com\/fr\/?s={search_term_string}"},"query-input":{"@type":"PropertyValueSpecification","valueRequired":true,"valueName":"search_term_string"}}],"inLanguage":"de"}]}},"_links":{"self":[{"href":"https:\/\/www.hurom-europe.com\/de\/wp-json\/wp\/v2\/product\/19992","targetHints":{"allow":["GET"]}}],"collection":[{"href":"https:\/\/www.hurom-europe.com\/de\/wp-json\/wp\/v2\/product"}],"about":[{"href":"https:\/\/www.hurom-europe.com\/de\/wp-json\/wp\/v2\/types\/product"}],"wp:featuredmedia":[{"embeddable":true,"href":"https:\/\/www.hurom-europe.com\/de\/wp-json\/wp\/v2\/media\/20002"}],"wp:attachment":[{"href":"https:\/\/www.hurom-europe.com\/de\/wp-json\/wp\/v2\/media?parent=19992"}],"wp:term":[{"taxonomy":"product_cat","embeddable":true,"href":"https:\/\/www.hurom-europe.com\/de\/wp-json\/wp\/v2\/product_cat?post=19992"},{"taxonomy":"product_tag","embeddable":true,"href":"https:\/\/www.hurom-europe.com\/de\/wp-json\/wp\/v2\/product_tag?post=19992"}],"curies":[{"name":"wp","href":"https:\/\/api.w.org\/{rel}","templated":true}]}}