{"id":166743,"date":"2025-07-01T15:08:39","date_gmt":"2025-07-01T13:13:16","guid":{"rendered":"https:\/\/www.hurom-europe.com\/?post_type=product&#038;p=166743"},"modified":"2026-04-08T21:52:54","modified_gmt":"2026-04-08T19:52:54","slug":"hurom-x-ichendorf-glas","status":"publish","type":"product","link":"https:\/\/www.hurom-europe.com\/de\/produkt\/hurom-x-ichendorf-glas\/","title":{"rendered":"Hurom x Ichendorf Glas"},"content":{"rendered":"<p data-ccp-props=\"{&quot;335551550&quot;:1,&quot;335551620&quot;:1,&quot;335559683&quot;:0,&quot;335559685&quot;:0,&quot;335559731&quot;:0,&quot;335559737&quot;:0,&quot;335562764&quot;:2,&quot;335562765&quot;:1,&quot;335562766&quot;:4,&quot;335562767&quot;:0,&quot;335562768&quot;:4,&quot;335562769&quot;:0}\"><b><span data-usefontface=\"true\" data-contrast=\"none\">HINWEISE ZUR VERWENDUNG <\/span><\/b>\u200b<\/p>\n<p data-ccp-props=\"{&quot;335551550&quot;:1,&quot;335551620&quot;:1,&quot;335559683&quot;:0,&quot;335559685&quot;:0,&quot;335559731&quot;:0,&quot;335559737&quot;:0,&quot;335562764&quot;:2,&quot;335562765&quot;:1,&quot;335562766&quot;:4,&quot;335562767&quot;:0,&quot;335562768&quot;:4,&quot;335562769&quot;:0}\">Bitte lesen Sie die folgenden Hinweise sorgf\u00e4ltig durch und verwenden Sie das Produkt entsprechend. \u200b<\/p>\n<ul>\n<li data-ccp-props=\"{&quot;335551550&quot;:1,&quot;335551620&quot;:1,&quot;335559683&quot;:0,&quot;335559685&quot;:0,&quot;335559731&quot;:0,&quot;335559737&quot;:0,&quot;335562764&quot;:2,&quot;335562765&quot;:1,&quot;335562766&quot;:4,&quot;335562767&quot;:0,&quot;335562768&quot;:4,&quot;335562769&quot;:0}\"><span data-usefontface=\"true\" data-contrast=\"none\">Da es <\/span><span data-usefontface=\"true\" data-contrast=\"none\">sich<\/span><span data-usefontface=\"true\" data-contrast=\"none\"> um <\/span><span data-usefontface=\"true\" data-contrast=\"none\">ein<\/span> <span data-usefontface=\"true\" data-contrast=\"none\">handgefertigtes<\/span> <span data-usefontface=\"true\" data-contrast=\"none\">Produkt<\/span> <span data-usefontface=\"true\" data-contrast=\"none\">handelt<\/span><span data-usefontface=\"true\" data-contrast=\"none\">, <\/span><span data-usefontface=\"true\" data-contrast=\"none\">k\u00f6nnen<\/span> <span data-usefontface=\"true\" data-contrast=\"none\">kleine<\/span> <span data-usefontface=\"true\" data-contrast=\"none\">Blasen, <\/span><span data-usefontface=\"true\" data-contrast=\"none\">leichte<\/span><span data-usefontface=\"true\" data-contrast=\"none\"> Kratzer <\/span><span data-usefontface=\"true\" data-contrast=\"none\">oder<\/span> <span data-usefontface=\"true\" data-contrast=\"none\">minimale<\/span> <span data-usefontface=\"true\" data-contrast=\"none\">Verf\u00e4rbungen<\/span> <span data-usefontface=\"true\" data-contrast=\"none\">auftreten<\/span><span data-usefontface=\"true\" data-contrast=\"none\">, die <\/span><span data-usefontface=\"true\" data-contrast=\"none\">durch<\/span><span data-usefontface=\"true\" data-contrast=\"none\"> den <\/span><span data-usefontface=\"true\" data-contrast=\"none\">Herstellungsprozess<\/span> <span data-usefontface=\"true\" data-contrast=\"none\">bedingt<\/span> <span data-usefontface=\"true\" data-contrast=\"none\">sind<\/span><span data-usefontface=\"true\" data-contrast=\"none\">. <\/span>\u200b<\/li>\n<li data-ccp-props=\"{&quot;335551550&quot;:1,&quot;335551620&quot;:1,&quot;335559683&quot;:0,&quot;335559685&quot;:0,&quot;335559731&quot;:0,&quot;335559737&quot;:0,&quot;335562764&quot;:2,&quot;335562765&quot;:1,&quot;335562766&quot;:4,&quot;335562767&quot;:0,&quot;335562768&quot;:4,&quot;335562769&quot;:0}\"><span data-usefontface=\"true\" data-contrast=\"none\">Farbe<\/span><span data-usefontface=\"true\" data-contrast=\"none\"> und Form <\/span><span data-usefontface=\"true\" data-contrast=\"none\">k\u00f6nnen<\/span> <span data-usefontface=\"true\" data-contrast=\"none\">aufgrund<\/span><span data-usefontface=\"true\" data-contrast=\"none\"> der <\/span><span data-usefontface=\"true\" data-contrast=\"none\">handgefertigten<\/span> <span data-usefontface=\"true\" data-contrast=\"none\">Herstellung<\/span> <span data-usefontface=\"true\" data-contrast=\"none\">vom<\/span> <span data-usefontface=\"true\" data-contrast=\"none\">Produktbild<\/span> <span data-usefontface=\"true\" data-contrast=\"none\">abweichen<\/span><span data-usefontface=\"true\" data-contrast=\"none\">. <\/span>\u200b<\/li>\n<li data-ccp-props=\"{&quot;335551550&quot;:1,&quot;335551620&quot;:1,&quot;335559683&quot;:0,&quot;335559685&quot;:0,&quot;335559731&quot;:0,&quot;335559737&quot;:0,&quot;335562764&quot;:2,&quot;335562765&quot;:1,&quot;335562766&quot;:4,&quot;335562767&quot;:0,&quot;335562768&quot;:4,&quot;335562769&quot;:0}\"><span data-usefontface=\"true\" data-contrast=\"none\">Nicht<\/span><span data-usefontface=\"true\" data-contrast=\"none\"> f\u00fcr <\/span><span data-usefontface=\"true\" data-contrast=\"none\">Mikrowelle<\/span> <span data-usefontface=\"true\" data-contrast=\"none\">oder<\/span> <span data-usefontface=\"true\" data-contrast=\"none\">Ofen<\/span> <span data-usefontface=\"true\" data-contrast=\"none\">geeignet<\/span><span data-usefontface=\"true\" data-contrast=\"none\">. <\/span>\u200b<\/li>\n<li data-ccp-props=\"{&quot;335551550&quot;:1,&quot;335551620&quot;:1,&quot;335559683&quot;:0,&quot;335559685&quot;:0,&quot;335559731&quot;:0,&quot;335559737&quot;:0,&quot;335562764&quot;:2,&quot;335562765&quot;:1,&quot;335562766&quot;:4,&quot;335562767&quot;:0,&quot;335562768&quot;:4,&quot;335562769&quot;:0}\"><span data-usefontface=\"true\" data-contrast=\"none\">Nicht<\/span> <span data-usefontface=\"true\" data-contrast=\"none\">sp\u00fclmaschinengeeignet<\/span><span data-usefontface=\"true\" data-contrast=\"none\">. <\/span>\u200b<\/li>\n<li data-ccp-props=\"{&quot;335551550&quot;:1,&quot;335551620&quot;:1,&quot;335559683&quot;:0,&quot;335559685&quot;:0,&quot;335559731&quot;:0,&quot;335559737&quot;:0,&quot;335562764&quot;:2,&quot;335562765&quot;:1,&quot;335562766&quot;:4,&quot;335562767&quot;:0,&quot;335562768&quot;:4,&quot;335562769&quot;:0}\"><span data-usefontface=\"true\" data-contrast=\"none\">Zur <\/span><span data-usefontface=\"true\" data-contrast=\"none\">Pflege<\/span><span data-usefontface=\"true\" data-contrast=\"none\"> bitte <\/span><span data-usefontface=\"true\" data-contrast=\"none\">vorsichtig<\/span> <span data-usefontface=\"true\" data-contrast=\"none\">mit<\/span> <span data-usefontface=\"true\" data-contrast=\"none\">einer<\/span> <span data-usefontface=\"true\" data-contrast=\"none\">weichen<\/span> <span data-usefontface=\"true\" data-contrast=\"none\">B\u00fcrste<\/span> <span data-usefontface=\"true\" data-contrast=\"none\">reinigen<\/span><span data-usefontface=\"true\" data-contrast=\"none\">. <\/span>\u200b<\/li>\n<li data-ccp-props=\"{&quot;335551550&quot;:1,&quot;335551620&quot;:1,&quot;335559683&quot;:0,&quot;335559685&quot;:0,&quot;335559731&quot;:0,&quot;335559737&quot;:0,&quot;335562764&quot;:2,&quot;335562765&quot;:1,&quot;335562766&quot;:4,&quot;335562767&quot;:0,&quot;335562768&quot;:4,&quot;335562769&quot;:0}\"><span data-usefontface=\"true\" data-contrast=\"none\">Glasprodukte<\/span> <span data-usefontface=\"true\" data-contrast=\"none\">sind<\/span> <span data-usefontface=\"true\" data-contrast=\"none\">zerbrechlich<\/span><span data-usefontface=\"true\" data-contrast=\"none\">. <\/span><span data-usefontface=\"true\" data-contrast=\"none\">Unachtsames<\/span> <span data-usefontface=\"true\" data-contrast=\"none\">Umgang<\/span> <span data-usefontface=\"true\" data-contrast=\"none\">kann<\/span> <span data-usefontface=\"true\" data-contrast=\"none\">zu<\/span><span data-usefontface=\"true\" data-contrast=\"none\"> Bruch <\/span><span data-usefontface=\"true\" data-contrast=\"none\">und <\/span><span data-usefontface=\"true\" data-contrast=\"none\">Verletzungen<\/span> <span data-usefontface=\"true\" data-contrast=\"none\">f\u00fchren<\/span><span data-usefontface=\"true\" data-contrast=\"none\">. Bitte <\/span><span data-usefontface=\"true\" data-contrast=\"none\">mit<\/span> <span data-usefontface=\"true\" data-contrast=\"none\">Vorsicht<\/span> <span data-usefontface=\"true\" data-contrast=\"none\">behandeln<\/span><span data-usefontface=\"true\" data-contrast=\"none\">. <\/span>\u200b<\/li>\n<li data-ccp-props=\"{&quot;335551550&quot;:1,&quot;335551620&quot;:1,&quot;335559683&quot;:0,&quot;335559685&quot;:0,&quot;335559731&quot;:0,&quot;335559737&quot;:0,&quot;335562764&quot;:2,&quot;335562765&quot;:1,&quot;335562766&quot;:4,&quot;335562767&quot;:0,&quot;335562768&quot;:4,&quot;335562769&quot;:0}\"><span data-usefontface=\"true\" data-contrast=\"none\">Au\u00dfer<\/span> <span data-usefontface=\"true\" data-contrast=\"none\">Reichweite<\/span><span data-usefontface=\"true\" data-contrast=\"none\"> von <\/span><span data-usefontface=\"true\" data-contrast=\"none\">Kleinkindern<\/span> <span data-usefontface=\"true\" data-contrast=\"none\">aufbewahren<\/span><span data-usefontface=\"true\" data-contrast=\"none\">. <\/span>\u200b<\/li>\n<li data-ccp-props=\"{&quot;335551550&quot;:1,&quot;335551620&quot;:1,&quot;335559683&quot;:0,&quot;335559685&quot;:0,&quot;335559731&quot;:0,&quot;335559737&quot;:0,&quot;335562764&quot;:2,&quot;335562765&quot;:1,&quot;335562766&quot;:4,&quot;335562767&quot;:0,&quot;335562768&quot;:4,&quot;335562769&quot;:0}\"><span data-usefontface=\"true\" data-contrast=\"none\">Sch\u00e4den<\/span> <span data-usefontface=\"true\" data-contrast=\"none\">durch<\/span> <span data-usefontface=\"true\" data-contrast=\"none\">unsachgem\u00e4\u00dfe<\/span> <span data-usefontface=\"true\" data-contrast=\"none\">Verwendung<\/span><span data-usefontface=\"true\" data-contrast=\"none\">, <\/span><span data-usefontface=\"true\" data-contrast=\"none\">St\u00f6\u00dfe<\/span> <span data-usefontface=\"true\" data-contrast=\"none\">oder<\/span> <span data-usefontface=\"true\" data-contrast=\"none\">St\u00fcrze<\/span><span data-usefontface=\"true\" data-contrast=\"none\">, <\/span><span data-usefontface=\"true\" data-contrast=\"none\">pl\u00f6tzliche<\/span> <span data-usefontface=\"true\" data-contrast=\"none\">Temperaturwechsel<\/span><span data-usefontface=\"true\" data-contrast=\"none\">, <\/span><span data-usefontface=\"true\" data-contrast=\"none\">normale<\/span> <span data-usefontface=\"true\" data-contrast=\"none\">Abnutzung<\/span><span data-usefontface=\"true\" data-contrast=\"none\">, Kratzer <\/span><span data-usefontface=\"true\" data-contrast=\"none\">oder<\/span> <span data-usefontface=\"true\" data-contrast=\"none\">unsachgem\u00e4\u00dfe<\/span><span data-usefontface=\"true\" data-contrast=\"none\"> Reinigung <\/span><span data-usefontface=\"true\" data-contrast=\"none\">sind<\/span> <span data-usefontface=\"true\" data-contrast=\"none\">nicht<\/span> <span data-usefontface=\"true\" data-contrast=\"none\">abgedeckt<\/span><span data-usefontface=\"true\" data-contrast=\"none\">. <\/span><\/li>\n<\/ul>\n","protected":false},"excerpt":{"rendered":"<p>HINWEISE ZUR VERWENDUNG \u200b Bitte lesen Sie die folgenden Hinweise sorgf\u00e4ltig durch und verwenden Sie das Produkt entsprechend. \u200b Da es sich um ein handgefertigtes Produkt handelt, k\u00f6nnen kleine Blasen, leichte Kratzer oder minimale Verf\u00e4rbungen auftreten, die durch den Herstellungsprozess bedingt sind. \u200b Farbe und Form k\u00f6nnen aufgrund der handgefertigten Herstellung vom Produktbild abweichen. \u200b [&hellip;]<\/p>\n","protected":false},"featured_media":166378,"template":"","meta":{"_acf_changed":false,"inline_featured_image":false},"product_cat":[251],"product_tag":[],"class_list":{"0":"post-166743","1":"product","2":"type-product","3":"status-publish","4":"has-post-thumbnail","6":"product_cat-sonstige","8":"first","9":"instock","10":"taxable","11":"shipping-taxable","12":"purchasable","13":"product-type-variable","14":"has-default-attributes"},"acf":[],"yoast_head":"<!-- This site is optimized with the Yoast SEO plugin v26.6 - https:\/\/yoast.com\/wordpress\/plugins\/seo\/ -->\n<title>Hurom x Ichendorf Glas - Hurom Europe<\/title>\n<meta name=\"description\" content=\"HINWEISE ZUR VERWENDUNG \u200b Bitte lesen Sie die folgenden Hinweise sorgf\u00e4ltig durch und verwenden Sie das Produkt entsprechend. \u200b Da es sich um ein Ein charmantes Glas mit Fruchtmotiv, ideal zum Genie\u00dfen frisch gepressten Safts aus einem Hurom Entsafter und auch eine sch\u00f6ne Geschenkidee. Es l\u00e4sst sich wunderbar mit verschiedenem Geschirr kombinieren und verleiht jedem gedeckten Tisch eine stilvolle Note.\" \/>\n<meta name=\"robots\" content=\"index, follow, max-snippet:-1, max-image-preview:large, max-video-preview:-1\" \/>\n<link rel=\"canonical\" href=\"https:\/\/www.hurom-europe.com\/de\/produkt\/hurom-x-ichendorf-glas\/\" \/>\n<meta property=\"og:locale\" content=\"de_DE\" \/>\n<meta property=\"og:type\" content=\"article\" \/>\n<meta property=\"og:title\" content=\"Hurom x Ichendorf Glas - Hurom Europe\" \/>\n<meta property=\"og:description\" content=\"HINWEISE ZUR VERWENDUNG \u200b Bitte lesen Sie die folgenden Hinweise sorgf\u00e4ltig durch und verwenden Sie das Produkt entsprechend. \u200b Da es sich um ein Ein charmantes Glas mit Fruchtmotiv, ideal zum Genie\u00dfen frisch gepressten Safts aus einem Hurom Entsafter und auch eine sch\u00f6ne Geschenkidee. Es l\u00e4sst sich wunderbar mit verschiedenem Geschirr kombinieren und verleiht jedem gedeckten Tisch eine stilvolle Note.\" \/>\n<meta property=\"og:url\" content=\"https:\/\/www.hurom-europe.com\/de\/produkt\/hurom-x-ichendorf-glas\/\" \/>\n<meta property=\"og:site_name\" content=\"Hurom Europe\" \/>\n<meta property=\"article:modified_time\" content=\"2026-04-08T19:52:54+00:00\" \/>\n<meta property=\"og:image\" content=\"https:\/\/www.hurom-europe.com\/wp-content\/uploads\/2025\/06\/ichendorf_grape-1.jpg\" \/>\n\t<meta property=\"og:image:width\" content=\"1200\" \/>\n\t<meta property=\"og:image:height\" content=\"1200\" \/>\n\t<meta property=\"og:image:type\" content=\"image\/jpeg\" \/>\n<meta name=\"twitter:card\" content=\"summary_large_image\" \/>\n<meta name=\"twitter:label1\" content=\"Gesch\u00e4tzte Lesezeit\" \/>\n\t<meta name=\"twitter:data1\" content=\"1\u00a0Minute\" \/>\n<script type=\"application\/ld+json\" class=\"yoast-schema-graph\">{\"@context\":\"https:\/\/schema.org\",\"@graph\":[{\"@type\":\"WebPage\",\"@id\":\"https:\/\/www.hurom-europe.com\/de\/produkt\/hurom-x-ichendorf-glas\/\",\"url\":\"https:\/\/www.hurom-europe.com\/de\/produkt\/hurom-x-ichendorf-glas\/\",\"name\":\"Hurom x Ichendorf Glas - Hurom Europe\",\"isPartOf\":{\"@id\":\"https:\/\/www.hurom-europe.com\/fr\/#website\"},\"primaryImageOfPage\":{\"@id\":\"https:\/\/www.hurom-europe.com\/de\/produkt\/hurom-x-ichendorf-glas\/#primaryimage\"},\"image\":{\"@id\":\"https:\/\/www.hurom-europe.com\/de\/produkt\/hurom-x-ichendorf-glas\/#primaryimage\"},\"thumbnailUrl\":\"https:\/\/www.hurom-europe.com\/wp-content\/uploads\/2025\/06\/ichendorf_grape-1.jpg\",\"datePublished\":\"2025-07-01T13:13:16+00:00\",\"dateModified\":\"2026-04-08T19:52:54+00:00\",\"description\":\"HINWEISE ZUR VERWENDUNG \u200b Bitte lesen Sie die folgenden Hinweise sorgf\u00e4ltig durch und verwenden Sie das Produkt entsprechend. \u200b Da es sich um ein Ein charmantes Glas mit Fruchtmotiv, ideal zum Genie\u00dfen frisch gepressten Safts aus einem Hurom Entsafter und auch eine sch\u00f6ne Geschenkidee. Es l\u00e4sst sich wunderbar mit verschiedenem Geschirr kombinieren und verleiht jedem gedeckten Tisch eine stilvolle Note.\",\"breadcrumb\":{\"@id\":\"https:\/\/www.hurom-europe.com\/de\/produkt\/hurom-x-ichendorf-glas\/#breadcrumb\"},\"inLanguage\":\"de\",\"potentialAction\":[{\"@type\":\"ReadAction\",\"target\":[\"https:\/\/www.hurom-europe.com\/de\/produkt\/hurom-x-ichendorf-glas\/\"]}]},{\"@type\":\"ImageObject\",\"inLanguage\":\"de\",\"@id\":\"https:\/\/www.hurom-europe.com\/de\/produkt\/hurom-x-ichendorf-glas\/#primaryimage\",\"url\":\"https:\/\/www.hurom-europe.com\/wp-content\/uploads\/2025\/06\/ichendorf_grape-1.jpg\",\"contentUrl\":\"https:\/\/www.hurom-europe.com\/wp-content\/uploads\/2025\/06\/ichendorf_grape-1.jpg\",\"width\":1200,\"height\":1200},{\"@type\":\"BreadcrumbList\",\"@id\":\"https:\/\/www.hurom-europe.com\/de\/produkt\/hurom-x-ichendorf-glas\/#breadcrumb\",\"itemListElement\":[{\"@type\":\"ListItem\",\"position\":1,\"name\":\"Home\",\"item\":\"https:\/\/www.hurom-europe.com\/de\/\"},{\"@type\":\"ListItem\",\"position\":2,\"name\":\"Shop\",\"item\":\"https:\/\/www.hurom-europe.com\/de\/shop\/\"},{\"@type\":\"ListItem\",\"position\":3,\"name\":\"Hurom x Ichendorf Glas\"}]},{\"@type\":\"WebSite\",\"@id\":\"https:\/\/www.hurom-europe.com\/fr\/#website\",\"url\":\"https:\/\/www.hurom-europe.com\/fr\/\",\"name\":\"Hurom Europe\",\"description\":\"Healthy Way of Life with Slow Juicers\",\"potentialAction\":[{\"@type\":\"SearchAction\",\"target\":{\"@type\":\"EntryPoint\",\"urlTemplate\":\"https:\/\/www.hurom-europe.com\/fr\/?s={search_term_string}\"},\"query-input\":{\"@type\":\"PropertyValueSpecification\",\"valueRequired\":true,\"valueName\":\"search_term_string\"}}],\"inLanguage\":\"de\"}]}<\/script>\n<!-- \/ Yoast SEO plugin. -->","yoast_head_json":{"title":"Hurom x Ichendorf Glas - Hurom Europe","description":"HINWEISE ZUR VERWENDUNG \u200b Bitte lesen Sie die folgenden Hinweise sorgf\u00e4ltig durch und verwenden Sie das Produkt entsprechend. \u200b Da es sich um ein Ein charmantes Glas mit Fruchtmotiv, ideal zum Genie\u00dfen frisch gepressten Safts aus einem Hurom Entsafter und auch eine sch\u00f6ne Geschenkidee. Es l\u00e4sst sich wunderbar mit verschiedenem Geschirr kombinieren und verleiht jedem gedeckten Tisch eine stilvolle Note.","robots":{"index":"index","follow":"follow","max-snippet":"max-snippet:-1","max-image-preview":"max-image-preview:large","max-video-preview":"max-video-preview:-1"},"canonical":"https:\/\/www.hurom-europe.com\/de\/produkt\/hurom-x-ichendorf-glas\/","og_locale":"de_DE","og_type":"article","og_title":"Hurom x Ichendorf Glas - Hurom Europe","og_description":"HINWEISE ZUR VERWENDUNG \u200b Bitte lesen Sie die folgenden Hinweise sorgf\u00e4ltig durch und verwenden Sie das Produkt entsprechend. \u200b Da es sich um ein Ein charmantes Glas mit Fruchtmotiv, ideal zum Genie\u00dfen frisch gepressten Safts aus einem Hurom Entsafter und auch eine sch\u00f6ne Geschenkidee. Es l\u00e4sst sich wunderbar mit verschiedenem Geschirr kombinieren und verleiht jedem gedeckten Tisch eine stilvolle Note.","og_url":"https:\/\/www.hurom-europe.com\/de\/produkt\/hurom-x-ichendorf-glas\/","og_site_name":"Hurom Europe","article_modified_time":"2026-04-08T19:52:54+00:00","og_image":[{"width":1200,"height":1200,"url":"https:\/\/www.hurom-europe.com\/wp-content\/uploads\/2025\/06\/ichendorf_grape-1.jpg","type":"image\/jpeg"}],"twitter_card":"summary_large_image","twitter_misc":{"Gesch\u00e4tzte Lesezeit":"1\u00a0Minute"},"schema":{"@context":"https:\/\/schema.org","@graph":[{"@type":"WebPage","@id":"https:\/\/www.hurom-europe.com\/de\/produkt\/hurom-x-ichendorf-glas\/","url":"https:\/\/www.hurom-europe.com\/de\/produkt\/hurom-x-ichendorf-glas\/","name":"Hurom x Ichendorf Glas - Hurom Europe","isPartOf":{"@id":"https:\/\/www.hurom-europe.com\/fr\/#website"},"primaryImageOfPage":{"@id":"https:\/\/www.hurom-europe.com\/de\/produkt\/hurom-x-ichendorf-glas\/#primaryimage"},"image":{"@id":"https:\/\/www.hurom-europe.com\/de\/produkt\/hurom-x-ichendorf-glas\/#primaryimage"},"thumbnailUrl":"https:\/\/www.hurom-europe.com\/wp-content\/uploads\/2025\/06\/ichendorf_grape-1.jpg","datePublished":"2025-07-01T13:13:16+00:00","dateModified":"2026-04-08T19:52:54+00:00","description":"HINWEISE ZUR VERWENDUNG \u200b Bitte lesen Sie die folgenden Hinweise sorgf\u00e4ltig durch und verwenden Sie das Produkt entsprechend. \u200b Da es sich um ein Ein charmantes Glas mit Fruchtmotiv, ideal zum Genie\u00dfen frisch gepressten Safts aus einem Hurom Entsafter und auch eine sch\u00f6ne Geschenkidee. Es l\u00e4sst sich wunderbar mit verschiedenem Geschirr kombinieren und verleiht jedem gedeckten Tisch eine stilvolle Note.","breadcrumb":{"@id":"https:\/\/www.hurom-europe.com\/de\/produkt\/hurom-x-ichendorf-glas\/#breadcrumb"},"inLanguage":"de","potentialAction":[{"@type":"ReadAction","target":["https:\/\/www.hurom-europe.com\/de\/produkt\/hurom-x-ichendorf-glas\/"]}]},{"@type":"ImageObject","inLanguage":"de","@id":"https:\/\/www.hurom-europe.com\/de\/produkt\/hurom-x-ichendorf-glas\/#primaryimage","url":"https:\/\/www.hurom-europe.com\/wp-content\/uploads\/2025\/06\/ichendorf_grape-1.jpg","contentUrl":"https:\/\/www.hurom-europe.com\/wp-content\/uploads\/2025\/06\/ichendorf_grape-1.jpg","width":1200,"height":1200},{"@type":"BreadcrumbList","@id":"https:\/\/www.hurom-europe.com\/de\/produkt\/hurom-x-ichendorf-glas\/#breadcrumb","itemListElement":[{"@type":"ListItem","position":1,"name":"Home","item":"https:\/\/www.hurom-europe.com\/de\/"},{"@type":"ListItem","position":2,"name":"Shop","item":"https:\/\/www.hurom-europe.com\/de\/shop\/"},{"@type":"ListItem","position":3,"name":"Hurom x Ichendorf Glas"}]},{"@type":"WebSite","@id":"https:\/\/www.hurom-europe.com\/fr\/#website","url":"https:\/\/www.hurom-europe.com\/fr\/","name":"Hurom Europe","description":"Healthy Way of Life with Slow Juicers","potentialAction":[{"@type":"SearchAction","target":{"@type":"EntryPoint","urlTemplate":"https:\/\/www.hurom-europe.com\/fr\/?s={search_term_string}"},"query-input":{"@type":"PropertyValueSpecification","valueRequired":true,"valueName":"search_term_string"}}],"inLanguage":"de"}]}},"_links":{"self":[{"href":"https:\/\/www.hurom-europe.com\/de\/wp-json\/wp\/v2\/product\/166743","targetHints":{"allow":["GET"]}}],"collection":[{"href":"https:\/\/www.hurom-europe.com\/de\/wp-json\/wp\/v2\/product"}],"about":[{"href":"https:\/\/www.hurom-europe.com\/de\/wp-json\/wp\/v2\/types\/product"}],"wp:featuredmedia":[{"embeddable":true,"href":"https:\/\/www.hurom-europe.com\/de\/wp-json\/wp\/v2\/media\/166378"}],"wp:attachment":[{"href":"https:\/\/www.hurom-europe.com\/de\/wp-json\/wp\/v2\/media?parent=166743"}],"wp:term":[{"taxonomy":"product_cat","embeddable":true,"href":"https:\/\/www.hurom-europe.com\/de\/wp-json\/wp\/v2\/product_cat?post=166743"},{"taxonomy":"product_tag","embeddable":true,"href":"https:\/\/www.hurom-europe.com\/de\/wp-json\/wp\/v2\/product_tag?post=166743"}],"curies":[{"name":"wp","href":"https:\/\/api.w.org\/{rel}","templated":true}]}}