{"id":1272,"date":"2021-02-16T09:20:46","date_gmt":"2021-02-16T08:20:46","guid":{"rendered":"https:\/\/www.hurom-europe.com\/?page_id=1272"},"modified":"2026-03-31T10:30:02","modified_gmt":"2026-03-31T08:30:02","slug":"warranty","status":"publish","type":"page","link":"https:\/\/www.hurom-europe.com\/de\/warranty\/","title":{"rendered":"Garantie"},"content":{"rendered":"\n<h1 class=\"wp-block-heading\">Garantie-Registrierung<\/h1>\n\n\n\n<p><strong>Informationen \u00fcber die Garantie Ihres Produkts durch Hurom<\/strong><\/p>\n\n\n\n<p>Vielen Dank, dass Sie sich f\u00fcr ein Hurom-Ger\u00e4t entschieden haben.<br>Bitte f\u00fcllen Sie das nachstehende Formular aus, um Ihre Garantieregistrierung abzuschlie\u00dfen.<\/p>\n\n\n\n<p>Bitte beachten Sie, dass diese Garantie nur f\u00fcr Produkte gilt, die in Europa verkauft und verwendet werden.<br>(*Wir gew\u00e4hren die Garantie ab dem Kaufdatum) <br>(** Diese Garantie gilt m\u00f6glicherweise nicht f\u00fcr Produkte, die in einigen europ\u00e4ischen L\u00e4ndern verkauft und verwendet werden).<\/p>\n\n\n\n<p>Die Garantiezeiten variieren je nach Modell.<\/p>\n\n\n\n<p>Verbrauchsartikel wie Silikonteile sowie Saft- und Pulp-Beh\u00e4lter sind von der Garantie ausgeschlossen.<\/p>\n\n\n\n<p>[Ab September 2024 gekaufte Produkte]<\/p>\n\n\n\n<p>&#8211; H80ST\/H400\/H330P\/H320N\/H70ST\/H70FT: 15 Jahre Garantie auf Motor und Teile<\/p>\n\n\n\n<p>&#8211; H310A\/E50ST\/E30ST: 10 Jahre Garantie auf Motor und Teile<\/p>\n\n\n\n<p>&#8211; Andere (au\u00dfer DT-SJ-Serie): 10 Jahre Garantie auf den Motor, 2 Jahre Garantie auf Teile<\/p>\n\n\n\n<p>\u2013 Wasserreiniger(WP-A01EGR): 5 Jahre Garantie &#8211; Diese Garantie gilt nur f\u00fcr das Hauptger\u00e4t. Verbrauchsteile, einschlie\u00dflich Filter, sind ausgeschlossen.<\/p>\n\n\n\n<p>\u2013 Mixer und Zubeh\u00f6r(Standmixer, Power Mixer, usw.): 2 Jahre Garantie<\/p>\n\n\n\n<p>* Die oben genannte Garantiezeit gilt nur f\u00fcr das Hauptprodukt. F\u00fcr weitere gekaufte Teile gilt eine 2-j\u00e4hrige Garantie.<br><mark style=\"background-color:rgba(0, 0, 0, 0)\" class=\"has-inline-color has-black-color\">Bitte beachten Sie, dass f\u00fcr Produkte, die ab dem 1. September gekauft wurden und auf der Hurom Europe-Website eine Garantie registriert ist, eine erweiterte Garantie gilt.<\/mark> <mark style=\"background-color:rgba(0, 0, 0, 0)\" class=\"has-inline-color has-black-color\">Diese Garantie kann nur in Anspruch genommen werden, wenn die Originalrechnung und die Bestellnummer vorgelegt werden.<\/mark><\/p>\n\n\n\n<p>[Vor September 2024 gekaufte Produkte]<\/p>\n\n\n\n<p>10 Jahre Garantie auf Motoren und 2 Jahre Garantie auf Teile f\u00fcr alle Slow-Juicer-Modelle (au\u00dfer HW-Serie, DT-SJ-Serie und S13), nur bei einem Kauf bei Hurom Europe.<\/p>\n","protected":false},"excerpt":{"rendered":"<p>Garantie-Registrierung Informationen \u00fcber die Garantie Ihres Produkts durch Hurom Vielen Dank, dass Sie sich f\u00fcr ein Hurom-Ger\u00e4t entschieden haben.Bitte f\u00fcllen Sie das nachstehende Formular aus, um Ihre Garantieregistrierung abzuschlie\u00dfen. Bitte beachten Sie, dass diese Garantie nur f\u00fcr Produkte gilt, die in Europa verkauft und verwendet werden.(*Wir gew\u00e4hren die Garantie ab dem Kaufdatum) (** Diese Garantie [&hellip;]<\/p>\n","protected":false},"author":1,"featured_media":0,"parent":0,"menu_order":9,"comment_status":"closed","ping_status":"closed","template":"templates\/template--warranty.php","meta":{"_acf_changed":false,"inline_featured_image":false,"footnotes":""},"class_list":["post-1272","page","type-page","status-publish","hentry"],"acf":[],"yoast_head":"<!-- This site is optimized with the Yoast SEO plugin v26.6 - https:\/\/yoast.com\/wordpress\/plugins\/seo\/ -->\n<title>Garantie - Hurom Europe<\/title>\n<meta name=\"description\" content=\"Garantie-Registrierung Informationen \u00fcber die Garantie Ihres Produkts durch Hurom Vielen Dank, dass Sie sich f\u00fcr ein Hurom-Ger\u00e4t entschieden haben.Bitte\" \/>\n<meta name=\"robots\" content=\"index, follow, max-snippet:-1, max-image-preview:large, max-video-preview:-1\" \/>\n<link rel=\"canonical\" href=\"https:\/\/www.hurom-europe.com\/de\/warranty\/\" \/>\n<meta property=\"og:locale\" content=\"de_DE\" \/>\n<meta property=\"og:type\" content=\"article\" \/>\n<meta property=\"og:title\" content=\"Garantie - Hurom Europe\" \/>\n<meta property=\"og:description\" content=\"Garantie-Registrierung Informationen \u00fcber die Garantie Ihres Produkts durch Hurom Vielen Dank, dass Sie sich f\u00fcr ein Hurom-Ger\u00e4t entschieden haben.Bitte\" \/>\n<meta property=\"og:url\" content=\"https:\/\/www.hurom-europe.com\/de\/warranty\/\" \/>\n<meta property=\"og:site_name\" content=\"Hurom Europe\" \/>\n<meta property=\"article:modified_time\" content=\"2026-03-31T08:30:02+00:00\" \/>\n<meta name=\"twitter:card\" content=\"summary_large_image\" \/>\n<meta name=\"twitter:label1\" content=\"Gesch\u00e4tzte Lesezeit\" \/>\n\t<meta name=\"twitter:data1\" content=\"2\u00a0Minuten\" \/>\n<script type=\"application\/ld+json\" class=\"yoast-schema-graph\">{\"@context\":\"https:\/\/schema.org\",\"@graph\":[{\"@type\":\"WebPage\",\"@id\":\"https:\/\/www.hurom-europe.com\/de\/warranty\/\",\"url\":\"https:\/\/www.hurom-europe.com\/de\/warranty\/\",\"name\":\"Garantie - Hurom Europe\",\"isPartOf\":{\"@id\":\"https:\/\/www.hurom-europe.com\/fr\/#website\"},\"datePublished\":\"2021-02-16T08:20:46+00:00\",\"dateModified\":\"2026-03-31T08:30:02+00:00\",\"description\":\"Garantie-Registrierung Informationen \u00fcber die Garantie Ihres Produkts durch Hurom Vielen Dank, dass Sie sich f\u00fcr ein Hurom-Ger\u00e4t entschieden haben.Bitte\",\"breadcrumb\":{\"@id\":\"https:\/\/www.hurom-europe.com\/de\/warranty\/#breadcrumb\"},\"inLanguage\":\"de\",\"potentialAction\":[{\"@type\":\"ReadAction\",\"target\":[\"https:\/\/www.hurom-europe.com\/de\/warranty\/\"]}]},{\"@type\":\"BreadcrumbList\",\"@id\":\"https:\/\/www.hurom-europe.com\/de\/warranty\/#breadcrumb\",\"itemListElement\":[{\"@type\":\"ListItem\",\"position\":1,\"name\":\"Home\",\"item\":\"https:\/\/www.hurom-europe.com\/de\/\"},{\"@type\":\"ListItem\",\"position\":2,\"name\":\"Garantie\"}]},{\"@type\":\"WebSite\",\"@id\":\"https:\/\/www.hurom-europe.com\/fr\/#website\",\"url\":\"https:\/\/www.hurom-europe.com\/fr\/\",\"name\":\"Hurom Europe\",\"description\":\"Healthy Way of Life with Slow Juicers\",\"potentialAction\":[{\"@type\":\"SearchAction\",\"target\":{\"@type\":\"EntryPoint\",\"urlTemplate\":\"https:\/\/www.hurom-europe.com\/fr\/?s={search_term_string}\"},\"query-input\":{\"@type\":\"PropertyValueSpecification\",\"valueRequired\":true,\"valueName\":\"search_term_string\"}}],\"inLanguage\":\"de\"}]}<\/script>\n<!-- \/ Yoast SEO plugin. -->","yoast_head_json":{"title":"Garantie - Hurom Europe","description":"Garantie-Registrierung Informationen \u00fcber die Garantie Ihres Produkts durch Hurom Vielen Dank, dass Sie sich f\u00fcr ein Hurom-Ger\u00e4t entschieden haben.Bitte","robots":{"index":"index","follow":"follow","max-snippet":"max-snippet:-1","max-image-preview":"max-image-preview:large","max-video-preview":"max-video-preview:-1"},"canonical":"https:\/\/www.hurom-europe.com\/de\/warranty\/","og_locale":"de_DE","og_type":"article","og_title":"Garantie - Hurom Europe","og_description":"Garantie-Registrierung Informationen \u00fcber die Garantie Ihres Produkts durch Hurom Vielen Dank, dass Sie sich f\u00fcr ein Hurom-Ger\u00e4t entschieden haben.Bitte","og_url":"https:\/\/www.hurom-europe.com\/de\/warranty\/","og_site_name":"Hurom Europe","article_modified_time":"2026-03-31T08:30:02+00:00","twitter_card":"summary_large_image","twitter_misc":{"Gesch\u00e4tzte Lesezeit":"2\u00a0Minuten"},"schema":{"@context":"https:\/\/schema.org","@graph":[{"@type":"WebPage","@id":"https:\/\/www.hurom-europe.com\/de\/warranty\/","url":"https:\/\/www.hurom-europe.com\/de\/warranty\/","name":"Garantie - Hurom Europe","isPartOf":{"@id":"https:\/\/www.hurom-europe.com\/fr\/#website"},"datePublished":"2021-02-16T08:20:46+00:00","dateModified":"2026-03-31T08:30:02+00:00","description":"Garantie-Registrierung Informationen \u00fcber die Garantie Ihres Produkts durch Hurom Vielen Dank, dass Sie sich f\u00fcr ein Hurom-Ger\u00e4t entschieden haben.Bitte","breadcrumb":{"@id":"https:\/\/www.hurom-europe.com\/de\/warranty\/#breadcrumb"},"inLanguage":"de","potentialAction":[{"@type":"ReadAction","target":["https:\/\/www.hurom-europe.com\/de\/warranty\/"]}]},{"@type":"BreadcrumbList","@id":"https:\/\/www.hurom-europe.com\/de\/warranty\/#breadcrumb","itemListElement":[{"@type":"ListItem","position":1,"name":"Home","item":"https:\/\/www.hurom-europe.com\/de\/"},{"@type":"ListItem","position":2,"name":"Garantie"}]},{"@type":"WebSite","@id":"https:\/\/www.hurom-europe.com\/fr\/#website","url":"https:\/\/www.hurom-europe.com\/fr\/","name":"Hurom Europe","description":"Healthy Way of Life with Slow Juicers","potentialAction":[{"@type":"SearchAction","target":{"@type":"EntryPoint","urlTemplate":"https:\/\/www.hurom-europe.com\/fr\/?s={search_term_string}"},"query-input":{"@type":"PropertyValueSpecification","valueRequired":true,"valueName":"search_term_string"}}],"inLanguage":"de"}]}},"_links":{"self":[{"href":"https:\/\/www.hurom-europe.com\/de\/wp-json\/wp\/v2\/pages\/1272","targetHints":{"allow":["GET"]}}],"collection":[{"href":"https:\/\/www.hurom-europe.com\/de\/wp-json\/wp\/v2\/pages"}],"about":[{"href":"https:\/\/www.hurom-europe.com\/de\/wp-json\/wp\/v2\/types\/page"}],"author":[{"embeddable":true,"href":"https:\/\/www.hurom-europe.com\/de\/wp-json\/wp\/v2\/users\/1"}],"replies":[{"embeddable":true,"href":"https:\/\/www.hurom-europe.com\/de\/wp-json\/wp\/v2\/comments?post=1272"}],"version-history":[{"count":0,"href":"https:\/\/www.hurom-europe.com\/de\/wp-json\/wp\/v2\/pages\/1272\/revisions"}],"wp:attachment":[{"href":"https:\/\/www.hurom-europe.com\/de\/wp-json\/wp\/v2\/media?parent=1272"}],"curies":[{"name":"wp","href":"https:\/\/api.w.org\/{rel}","templated":true}]}}