{"id":1263,"date":"2021-02-16T08:16:09","date_gmt":"2021-02-16T07:16:09","guid":{"rendered":"https:\/\/www.hurom-europe.com\/?page_id=1263"},"modified":"2026-02-02T08:06:24","modified_gmt":"2026-02-02T07:06:24","slug":"impressum","status":"publish","type":"page","link":"https:\/\/www.hurom-europe.com\/de\/impressum\/","title":{"rendered":"Impressum"},"content":{"rendered":"\n<p>Hurom Europe GmbH<br>Weberstra\u00dfe 19<br>65779 Kelkheim (Taunus), Deutschland<br>Vertretungsberechtigter: Won Young Jeon<br>TEL : +49 (0) 6195 \u2013 725 7967<br>E-Mail: <a href=\"mailto:info@dahlert.com\">info@hurom-europe.com<\/a><br>Internet: <a href=\"https:\/\/www.hurom-europe.com\/de\/\">www.hurom-europe.com<\/a><br><\/p>\n\n\n\n<h2 class=\"wp-block-heading\">Register Zust\u00e4ndigkeit<\/h2>\n\n\n\n<p>Amtsgerichts K\u00f6nigstein im Taunus<br>Umsatzsteueridentifikationsnummer: DE326795953<br>Register-Nummer: HRB 11884<\/p>\n\n\n\n<p><\/p>\n\n\n\n<h2 class=\"wp-block-heading\">Rechtliche Hinweise<\/h2>\n\n\n\n<p>Online-Streitbeilegung und Verbraucherstreitbeilegungsgesetz (VSBG)<\/p>\n\n\n\n<p>Die Europ\u00e4ische Kommission stellte eine Plattform zur Online-Streitbeilegung (OS) bereit. Diese Plattform wurde am 20.07.2025 geschlossen und ist nicht mehr erreichbar.<\/p>\n\n\n\n<p>Wir sind zur Teilnahme an einem Streitbeilegungsverfahren vor einer Verbraucherschlichtungsstelle verpflichtet und bereit. Die zust\u00e4ndige Schlichtungsstelle ist die Allgemeine Verbraucherschlichtungsstelle des Zentrums f\u00fcr Schlichtung e.V., Stra\u00dfburger Stra\u00dfe 8, 77694 Kehl am Rhein, <a href=\"http:\/\/www.verbraucher-schlichter.de\" rel=\"noreferrer noopener\" target=\"_blank\">www.verbraucher-schlichter.de<\/a>.<\/p>\n","protected":false},"excerpt":{"rendered":"<p>Hurom Europe GmbHWeberstra\u00dfe 1965779 Kelkheim (Taunus), DeutschlandVertretungsberechtigter: Won Young JeonTEL : +49 (0) 6195 \u2013 725 7967E-Mail: info@hurom-europe.comInternet: www.hurom-europe.com Register Zust\u00e4ndigkeit Amtsgerichts K\u00f6nigstein im TaunusUmsatzsteueridentifikationsnummer: DE326795953Register-Nummer: HRB 11884 Rechtliche Hinweise Online-Streitbeilegung und Verbraucherstreitbeilegungsgesetz (VSBG) Die Europ\u00e4ische Kommission stellte eine Plattform zur Online-Streitbeilegung (OS) bereit. Diese Plattform wurde am 20.07.2025 geschlossen und ist nicht mehr erreichbar. [&hellip;]<\/p>\n","protected":false},"author":1,"featured_media":0,"parent":0,"menu_order":9,"comment_status":"closed","ping_status":"closed","template":"","meta":{"_acf_changed":false,"inline_featured_image":false,"footnotes":""},"class_list":["post-1263","page","type-page","status-publish","hentry"],"acf":[],"yoast_head":"<!-- This site is optimized with the Yoast SEO plugin v26.6 - https:\/\/yoast.com\/wordpress\/plugins\/seo\/ -->\n<title>Impressum - Hurom Europe<\/title>\n<meta name=\"description\" content=\"Dahlert GmbH \u2013 Am Holzweg 28 \u2013 65830 Kriftel, Deutschland | Telefon: +(49)6192 8079439 | E-mail: info@hurom-europe.com\" \/>\n<meta name=\"robots\" content=\"index, follow, max-snippet:-1, max-image-preview:large, max-video-preview:-1\" \/>\n<link rel=\"canonical\" href=\"https:\/\/www.hurom-europe.com\/de\/impressum\/\" \/>\n<meta property=\"og:locale\" content=\"de_DE\" \/>\n<meta property=\"og:type\" content=\"article\" \/>\n<meta property=\"og:title\" content=\"Impressum - Hurom Europe\" \/>\n<meta property=\"og:description\" content=\"Dahlert GmbH \u2013 Am Holzweg 28 \u2013 65830 Kriftel, Deutschland | Telefon: +(49)6192 8079439 | E-mail: info@hurom-europe.com\" \/>\n<meta property=\"og:url\" content=\"https:\/\/www.hurom-europe.com\/de\/impressum\/\" \/>\n<meta property=\"og:site_name\" content=\"Hurom Europe\" \/>\n<meta property=\"article:modified_time\" content=\"2026-02-02T07:06:24+00:00\" \/>\n<meta name=\"twitter:card\" content=\"summary_large_image\" \/>\n<meta name=\"twitter:label1\" content=\"Gesch\u00e4tzte Lesezeit\" \/>\n\t<meta name=\"twitter:data1\" content=\"1\u00a0Minute\" \/>\n<script type=\"application\/ld+json\" class=\"yoast-schema-graph\">{\"@context\":\"https:\/\/schema.org\",\"@graph\":[{\"@type\":\"WebPage\",\"@id\":\"https:\/\/www.hurom-europe.com\/de\/impressum\/\",\"url\":\"https:\/\/www.hurom-europe.com\/de\/impressum\/\",\"name\":\"Impressum - Hurom Europe\",\"isPartOf\":{\"@id\":\"https:\/\/www.hurom-europe.com\/fr\/#website\"},\"datePublished\":\"2021-02-16T07:16:09+00:00\",\"dateModified\":\"2026-02-02T07:06:24+00:00\",\"description\":\"Dahlert GmbH \u2013 Am Holzweg 28 \u2013 65830 Kriftel, Deutschland | Telefon: +(49)6192 8079439 | E-mail: info@hurom-europe.com\",\"breadcrumb\":{\"@id\":\"https:\/\/www.hurom-europe.com\/de\/impressum\/#breadcrumb\"},\"inLanguage\":\"de\",\"potentialAction\":[{\"@type\":\"ReadAction\",\"target\":[\"https:\/\/www.hurom-europe.com\/de\/impressum\/\"]}]},{\"@type\":\"BreadcrumbList\",\"@id\":\"https:\/\/www.hurom-europe.com\/de\/impressum\/#breadcrumb\",\"itemListElement\":[{\"@type\":\"ListItem\",\"position\":1,\"name\":\"Home\",\"item\":\"https:\/\/www.hurom-europe.com\/de\/\"},{\"@type\":\"ListItem\",\"position\":2,\"name\":\"Impressum\"}]},{\"@type\":\"WebSite\",\"@id\":\"https:\/\/www.hurom-europe.com\/fr\/#website\",\"url\":\"https:\/\/www.hurom-europe.com\/fr\/\",\"name\":\"Hurom Europe\",\"description\":\"Healthy Way of Life with Slow Juicers\",\"potentialAction\":[{\"@type\":\"SearchAction\",\"target\":{\"@type\":\"EntryPoint\",\"urlTemplate\":\"https:\/\/www.hurom-europe.com\/fr\/?s={search_term_string}\"},\"query-input\":{\"@type\":\"PropertyValueSpecification\",\"valueRequired\":true,\"valueName\":\"search_term_string\"}}],\"inLanguage\":\"de\"}]}<\/script>\n<!-- \/ Yoast SEO plugin. -->","yoast_head_json":{"title":"Impressum - Hurom Europe","description":"Dahlert GmbH \u2013 Am Holzweg 28 \u2013 65830 Kriftel, Deutschland | Telefon: +(49)6192 8079439 | E-mail: info@hurom-europe.com","robots":{"index":"index","follow":"follow","max-snippet":"max-snippet:-1","max-image-preview":"max-image-preview:large","max-video-preview":"max-video-preview:-1"},"canonical":"https:\/\/www.hurom-europe.com\/de\/impressum\/","og_locale":"de_DE","og_type":"article","og_title":"Impressum - Hurom Europe","og_description":"Dahlert GmbH \u2013 Am Holzweg 28 \u2013 65830 Kriftel, Deutschland | Telefon: +(49)6192 8079439 | E-mail: info@hurom-europe.com","og_url":"https:\/\/www.hurom-europe.com\/de\/impressum\/","og_site_name":"Hurom Europe","article_modified_time":"2026-02-02T07:06:24+00:00","twitter_card":"summary_large_image","twitter_misc":{"Gesch\u00e4tzte Lesezeit":"1\u00a0Minute"},"schema":{"@context":"https:\/\/schema.org","@graph":[{"@type":"WebPage","@id":"https:\/\/www.hurom-europe.com\/de\/impressum\/","url":"https:\/\/www.hurom-europe.com\/de\/impressum\/","name":"Impressum - Hurom Europe","isPartOf":{"@id":"https:\/\/www.hurom-europe.com\/fr\/#website"},"datePublished":"2021-02-16T07:16:09+00:00","dateModified":"2026-02-02T07:06:24+00:00","description":"Dahlert GmbH \u2013 Am Holzweg 28 \u2013 65830 Kriftel, Deutschland | Telefon: +(49)6192 8079439 | E-mail: info@hurom-europe.com","breadcrumb":{"@id":"https:\/\/www.hurom-europe.com\/de\/impressum\/#breadcrumb"},"inLanguage":"de","potentialAction":[{"@type":"ReadAction","target":["https:\/\/www.hurom-europe.com\/de\/impressum\/"]}]},{"@type":"BreadcrumbList","@id":"https:\/\/www.hurom-europe.com\/de\/impressum\/#breadcrumb","itemListElement":[{"@type":"ListItem","position":1,"name":"Home","item":"https:\/\/www.hurom-europe.com\/de\/"},{"@type":"ListItem","position":2,"name":"Impressum"}]},{"@type":"WebSite","@id":"https:\/\/www.hurom-europe.com\/fr\/#website","url":"https:\/\/www.hurom-europe.com\/fr\/","name":"Hurom Europe","description":"Healthy Way of Life with Slow Juicers","potentialAction":[{"@type":"SearchAction","target":{"@type":"EntryPoint","urlTemplate":"https:\/\/www.hurom-europe.com\/fr\/?s={search_term_string}"},"query-input":{"@type":"PropertyValueSpecification","valueRequired":true,"valueName":"search_term_string"}}],"inLanguage":"de"}]}},"_links":{"self":[{"href":"https:\/\/www.hurom-europe.com\/de\/wp-json\/wp\/v2\/pages\/1263","targetHints":{"allow":["GET"]}}],"collection":[{"href":"https:\/\/www.hurom-europe.com\/de\/wp-json\/wp\/v2\/pages"}],"about":[{"href":"https:\/\/www.hurom-europe.com\/de\/wp-json\/wp\/v2\/types\/page"}],"author":[{"embeddable":true,"href":"https:\/\/www.hurom-europe.com\/de\/wp-json\/wp\/v2\/users\/1"}],"replies":[{"embeddable":true,"href":"https:\/\/www.hurom-europe.com\/de\/wp-json\/wp\/v2\/comments?post=1263"}],"version-history":[{"count":0,"href":"https:\/\/www.hurom-europe.com\/de\/wp-json\/wp\/v2\/pages\/1263\/revisions"}],"wp:attachment":[{"href":"https:\/\/www.hurom-europe.com\/de\/wp-json\/wp\/v2\/media?parent=1263"}],"curies":[{"name":"wp","href":"https:\/\/api.w.org\/{rel}","templated":true}]}}