{"id":1248,"date":"2021-02-05T14:42:02","date_gmt":"2021-02-05T13:42:02","guid":{"rendered":"https:\/\/www.hurom-europe.com\/?page_id=1248"},"modified":"2026-01-30T11:29:02","modified_gmt":"2026-01-30T10:29:02","slug":"datenschutzerklaerung","status":"publish","type":"page","link":"https:\/\/www.hurom-europe.com\/de\/datenschutzerklaerung\/","title":{"rendered":"Datenschutzrichtlinie"},"content":{"rendered":"\n<h2 class=\"wp-block-heading\"><strong>\u00a7 1 Allgemeines<\/strong><\/h2>\n\n\n\n<p>Ihre personenbezogenen Daten (Name, Telefonnummer, Adresse, Land, Geschlecht, Alter, E-Mail-Adresse, Aufzeichnungen im Zusammenhang mit After-Sales-Service und Kundenservice, Produktseriennummer, Produktregistrierungsdatum, Produktkaufdatum) werden von uns nur gem\u00e4\u00df den Bestimmungen des deutschen Datenschutzrechts und des Datenschutzrechts der Europ\u00e4ischen Union (EU) verarbeitet. Die nachfolgenden Vorschriften informieren Sie neben den Verarbeitungszwecken, Empf\u00e4ngern, Rechtsgrundlagen, Speicherfristen auch \u00fcber Ihre Rechte und den Verantwortlichen f\u00fcr Ihre Datenverarbeitung. Diese Datenschutzerkl\u00e4rung bezieht sich nur auf unsere Websites. Falls Sie \u00fcber Links auf unseren Seiten auf andere Seiten weitergeleitet werden, informieren Sie sich bitte dort \u00fcber den jeweiligen Umgang mit Ihren Daten.<\/p>\n\n\n\n<h2 class=\"wp-block-heading\"><strong>\u00a7 2 Datenverarbeitung zur Vertragserf\u00fcllung<\/strong><\/h2>\n\n\n\n<h3 class=\"wp-block-heading\">(1) Verarbeitungszweck<\/h3>\n\n\n\n<p>Ihre personenbezogenen Daten, die Sie uns im Bestellprozess zur Verf\u00fcgung stellen, sind f\u00fcr einen Vertragsabschluss mit uns erforderlich. Sie sind zur Bereitstellung Ihrer personenbezogenen Daten nicht verpflichtet. Ohne Mitteilung Ihrer Anschrift k\u00f6nnen wir Ihnen aber die Ware nicht zusenden. Bei einigen Bezahlverfahren ben\u00f6tigen wir die erforderlichen Bezahldaten, um sie an einen von uns beauftragten Bezahldienstleister weiterzugeben. Die Verarbeitung Ihrer im Bestellprozess eingegebenen Daten erfolgt also f\u00fcr den Zweck der Vertragserf\u00fcllung. Wenn Sie uns vor Vertragsschluss per E-Mail, \u00fcber ein Kontaktformular etc. eine Anfrage stellen, verarbeiten wir die auf diesem Weg erhaltenen Daten zur Durchf\u00fchrung vorvertraglicher Ma\u00dfnahmen und beantworten z.B. Ihre Fragen zu unseren Produkten.<\/p>\n\n\n\n<h3 class=\"wp-block-heading\">(2) Rechtsgrundlage<\/h3>\n\n\n\n<p>Rechtsgrundlage f\u00fcr diese Verarbeitung ist Art. 6 Abs. 1 b) DSGVO.<\/p>\n\n\n\n<h3 class=\"wp-block-heading\">(3) Empf\u00e4ngerkategorien<\/h3>\n\n\n\n<p>(a) Zahlungsdienstleister, Versanddienstleister, Hosting-Anbieter, falls erforderlich Warenwirtschaftssystem, Lieferanten falls erforderlich (Drop-Shipping), Dienstleister in Korea f\u00fcr Zwecke des After-Sales-Service (AS) und Kundenservice (CS).<\/p>\n\n\n\n<p>(b) \u00dcbermittlung personenbezogener Daten nach Korea (Angemessenheitsbeschluss)<br>Zum Zweck der Erbringung von After-Sales-Service (AS) und Kundenservice (CS) k\u00f6nnen Ihre personenbezogenen Daten an einen beauftragten Dienstleister (Auftragsverarbeiter) in der Republik Korea \u00fcbermittelt werden.<\/p>\n\n\n\n<p>Die personenbezogenen Daten werden in unserem Auftrag von folgenden Empf\u00e4ngern (Auftragsverarbeitern) verarbeitet:<\/p>\n\n\n\n<ul class=\"wp-block-list\">\n<li>Hurom Co., Ltd. (Korea)<\/li>\n\n\n\n<li>Concentrix Services Korea Ltd.<\/li>\n<\/ul>\n\n\n\n<p>Diese \u00dcbermittlung erfolgt auf Grundlage des Angemessenheitsbeschlusses der Europ\u00e4ischen Kommission f\u00fcr die Republik Korea gem\u00e4\u00df Art. 45 DSGVO.<\/p>\n\n\n\n<p>Die \u00fcbermittelten Daten k\u00f6nnen folgende Kategorien umfassen: Name, Kontaktdaten, Adresse, Kauf- und Servicedaten, Produktseriennummer, Produktzertifizierungsdatum und Produktkaufdatum.<\/p>\n\n\n\n<p>Die Daten werden nur so lange gespeichert, wie es zur Erf\u00fcllung der AS-\/CS-Zwecke erforderlich ist, insbesondere bis zum Abschluss der Serviceanfrage sowie bis zum Ablauf der geltenden Garantie- und gesetzlichen Aufbewahrungsfristen, und anschlie\u00dfend gel\u00f6scht, sofern keine gesetzlichen Aufbewahrungspflichten bestehen. Sie k\u00f6nnen Ihre Rechte auf Auskunft, Berichtigung, L\u00f6schung, Einschr\u00e4nkung der Verarbeitung oder Widerspruch aus\u00fcben, indem Sie uns unter [<a href=\"mailto:huromparts@hurom-europe.com\">huromparts@hurom-europe.com<\/a>] oder die oben genannten Auftragsverarbeiter kontaktieren.<\/p>\n\n\n\n<h3 class=\"wp-block-heading\">(4) Speicherdauer<\/h3>\n\n\n\n<p>Die zur Vertragsabwicklung erforderlichen Daten speichern wir bis zum Ablauf der gesetzlichen Gew\u00e4hrleistungs- und ggf. vertraglichen Garantiefristen.<br>Die nach Handels- und Steuerrecht erforderlichen Daten bewahren wir f\u00fcr die gesetzlich bestimmten Zeitr\u00e4ume auf, regelm\u00e4\u00dfig zehn Jahre (vgl. \u00a7 257 HGB, \u00a7 147 AO).<br>Die zur Durchf\u00fchrung vorvertraglicher Ma\u00dfnahmen verarbeiteten Daten werden gel\u00f6scht, sobald die Ma\u00dfnahmen durchgef\u00fchrt wurden und es erkennbar nicht zu einem Vertragsschluss kommt.<\/p>\n\n\n\n<h2 class=\"wp-block-heading\"><strong>\u00a7 3 Weitere Informationen<\/strong><\/h2>\n\n\n\n<p>Ihre Einwilligung k\u00f6nnen Sie jederzeit per E-Mail widerrufen.<\/p>\n\n\n\n<h2 class=\"wp-block-heading\"><strong>\u00a7 4 PayPal-Transaktionen<\/strong><\/h2>\n\n\n\n<p>Bitte beachten Sie, dass alle PayPal-Transaktionen der PayPal-Datenschutzerkl\u00e4rung unterliegen: <a href=\"https:\/\/www.paypal.com\/de\/webapps\/mpp\/ua\/privacy-full\">https:\/\/www.paypal.com\/de\/webapps\/mpp\/ua\/privacy-full<\/a><\/p>\n\n\n\n<h2 class=\"wp-block-heading\"><strong>\u00a7 5 Informationen \u00fcber Cookies<\/strong><\/h2>\n\n\n\n<h3 class=\"wp-block-heading\">(1) Verarbeitungszweck<\/h3>\n\n\n\n<p>Auf dieser Webseite werden technisch notwendige Cookies eingesetzt. Es handelt sich dabei um kleine Textdateien, die im bzw. von Ihrem Internetbrowser auf Ihrem Computersystem gespeichert werden. Diese Cookies erm\u00f6glichen z.B. das Einlegen mehrerer Produkte in einen Warenkorb.<\/p>\n\n\n\n<h3 class=\"wp-block-heading\">(2) Rechtsgrundlage<\/h3>\n\n\n\n<p>Rechtsgrundlage f\u00fcr diese Verarbeitung ist Art. 6 Abs.1 f) DSGVO.<\/p>\n\n\n\n<h3 class=\"wp-block-heading\">(3) Berechtigtes Interesse<\/h3>\n\n\n\n<p>Unser berechtigtes Interesse ist die Funktionsf\u00e4higkeit unserer Webseite. Die durch technisch notwendige Cookies erhobenen Nutzerdaten werden nicht zur Erstellung von Nutzerprofilen verwendet. Dadurch wird Ihr Interesse am Datenschutz gewahrt.<\/p>\n\n\n\n<h3 class=\"wp-block-heading\">(4) Speicherdauer<\/h3>\n\n\n\n<p>Die zur Vertragsabwicklung erforderlichen Daten speichern wir bis zum Ablauf der gesetzlichen Gew\u00e4hrleistungs- und ggf. vertraglichen Garantiefristen. Die nach Handels- und Steuerrecht erforderlichen Daten bewahren wir f\u00fcr die gesetzlich bestimmten Zeitr\u00e4ume auf, regelm\u00e4\u00dfig zehn Jahre (vgl. \u00a7 257 HGB, \u00a7 147 AO). Die zur Durchf\u00fchrung vorvertraglicher Ma\u00dfnahmen verarbeiteten Daten werden gel\u00f6scht, sobald die Ma\u00dfnahmen durchgef\u00fchrt wurden und es erkennbar nicht zu einem Vertragsschluss kommt.<\/p>\n\n\n\n<h3 class=\"wp-block-heading\">(5) Widerspruchsrecht<\/h3>\n\n\n\n<p>Falls Sie die Speicherung dieser Cookies nicht w\u00fcnschen, deaktivieren Sie bitte die Annahme dieser Cookies in Ihrem Internetbrowser. Dies kann aber eine Funktionseinschr\u00e4nkung unserer Webseite zur Folge haben. Dauerhaft gespeicherte Cookies k\u00f6nnen Sie ebenfalls jederzeit \u00fcber Ihren Browser l\u00f6schen.<\/p>\n\n\n\n<h2 class=\"wp-block-heading\"><strong>\u00a7 6 Social Plugins von Facebook<\/strong><\/h2>\n\n\n\n<p>Wir verwenden Social Plugins von facebook.com, betrieben durch Facebook Inc., 1601 S. California Ave, Palo Alto, CA 94304, USA. Die Plugins sind an dem Facebook Logo oder dem Zusatz &#8222;Facebook Social Plugin&#8220; zu erkennen. Wenn Sie z. B. den &#8222;Gef\u00e4llt mir&#8220; Button anklicken oder einen Kommentar abgeben, wird die entsprechende Information von Ihrem Browser direkt an Facebook \u00fcbermittelt und dort gespeichert. Weiterhin macht Facebook Ihre Vorlieben f\u00fcr Ihre Facebook-Freunde \u00f6ffentlich. Sind Sie bei Facebook eingeloggt, kann Facebook den Aufruf unserer Seite Ihrem Facebook-Konto direkt zuordnen. Auch wenn Sie nicht eingeloggt sind oder gar kein Facebook-Konto besitzen, \u00fcbermittelt Ihr Browser Informationen (z. B. welche Website Sie aufgerufen haben, Ihre IP-Adresse), die von Facebook gespeichert werden. Details zum Umgang mit Ihren pers\u00f6nlichen Daten durch Facebook sowie Ihren diesbez\u00fcglichen Rechten entnehmen Sie bitte den<a href=\"https:\/\/de-de.facebook.com\/about\/privacy\">&nbsp;Datenschutzhinweisen von Facebook<\/a>. Wenn Sie nicht m\u00f6chten, dass Facebook die \u00fcber unsere Websites \u00fcber Sie gesammelten Daten Ihrem Facebook-Konto zuordnet, m\u00fcssen Sie sich vor Ihrem Besuch unserer Websites bei Facebook ausloggen. Sie k\u00f6nnen das Laden der Facebook Plugins auch mit Add-Ons f\u00fcr Ihren Browser komplett verhindern, z. B. mit dem &#8222;Facebook Blocker&#8220; (Facebook)<\/p>\n\n\n\n<h2 class=\"wp-block-heading\"><strong>\u00a7 7 Newsletter<\/strong><\/h2>\n\n\n\n<h3 class=\"wp-block-heading\">(1) Verarbeitungszweck<\/h3>\n\n\n\n<p>Bei Anmeldung zum Newsletter wird Ihre E-Mail-Adresse f\u00fcr Werbezwecke genutzt, d.h. im Rahmen des Newsletters informieren wir Sie insbesondere \u00fcber Produkte aus unserem Sortiment. Zu statistischen Zwecken k\u00f6nnen wir auswerten, welche Links im Newsletter geklickt werden. Dabei ist f\u00fcr uns nicht erkennbar, welche konkrete Person geklickt hat. Die technisch notwendigen Cookies werden im Regelfall mit dem Schlie\u00dfen des Browsers gel\u00f6scht. Dauerhaft gespeicherte Cookies haben eine unterschiedlich lange Lebensdauer von einigen Minuten bis zu mehreren Jahren.<\/p>\n\n\n\n<h3 class=\"wp-block-heading\">(2) Rechtsgrundlage<\/h3>\n\n\n\n<p>Rechtsgrundlage f\u00fcr diese Verarbeitung ist Art. 6 Abs. 1 a) DSGVO.<\/p>\n\n\n\n<h3 class=\"wp-block-heading\">(3) Empf\u00e4ngerkategorien<\/h3>\n\n\n\n<p>ggf. Newsletterversandanbieter<\/p>\n\n\n\n<h3 class=\"wp-block-heading\">(4) Speicherdauer<\/h3>\n\n\n\n<p>Ihre E-Mail-Adresse wird f\u00fcr den Newsletter-Versand nur f\u00fcr die Dauer der gew\u00fcnschten Anmeldung gespeichert.<\/p>\n\n\n\n<h3 class=\"wp-block-heading\">(5) Widerrufsrecht<\/h3>\n\n\n\n<p>Ihre Einwilligung k\u00f6nnen Sie jederzeit mit Wirkung f\u00fcr die Zukunft widerrufen. Wenn Sie den Newsletter nicht weiter beziehen wollen, dann k\u00f6nnen Sie sich folgenderma\u00dfen abmelden: \u00dcber einen Abmeldelink im Newsletter<\/p>\n\n\n\n<h2 class=\"wp-block-heading\"><strong>\u00a7 8 Ihre Rechte als Betroffener<\/strong><\/h2>\n\n\n\n<p>Werden personenbezogene Daten von Ihnen verarbeitet, sind Sie Betroffener im Sinne der DSGVO und es stehen Ihnen folgende Rechte gegen\u00fcber uns als Verantwortlichen zu:<\/p>\n\n\n\n<h3 class=\"wp-block-heading\">1. Recht auf Auskunft<\/h3>\n\n\n\n<p>Sie k\u00f6nnen im Rahmen des Art. 15 DSGVO Auskunft \u00fcber Ihre von uns verarbeiteten personenbezogenen Daten verlangen.<\/p>\n\n\n\n<h3 class=\"wp-block-heading\">2. Recht auf Berichtigung<\/h3>\n\n\n\n<p>Sollten die Sie betreffenden Angaben nicht (mehr) zutreffend sein, k\u00f6nnen Sie nach Art. 16 DSGVO eine Berichtigung verlangen. Sollten Ihre Daten unvollst\u00e4ndig sein, k\u00f6nnen Sie eine Vervollst\u00e4ndigung verlangen.<\/p>\n\n\n\n<h3 class=\"wp-block-heading\">3. Recht auf L\u00f6schung<\/h3>\n\n\n\n<p>Sie k\u00f6nnen unter den Bedingungen des Art. 17 DSGVO die L\u00f6schung Ihrer personenbezogenen Daten verlangen.<\/p>\n\n\n\n<h3 class=\"wp-block-heading\">4. Recht auf Einschr\u00e4nkung der Verarbeitung<\/h3>\n\n\n\n<p>Sie haben im Rahmen der Vorgaben des Art. 18 DSGVO das Recht, eine Einschr\u00e4nkung der Verarbeitung der Sie betreffenden Daten zu verlangen.<\/p>\n\n\n\n<h3 class=\"wp-block-heading\">5. Recht auf Daten\u00fcbertragbarkeit<\/h3>\n\n\n\n<p>Sie haben nach Art. 20 DSGVO das Recht, die Sie betreffenden personenbezogenen Daten, die Sie uns bereitgestellt haben, in einem strukturierten, g\u00e4ngigen und maschinenlesbaren Format zu erhalten oder die \u00dcbermittlung an einen anderen Verantwortlichen zu verlangen.<\/p>\n\n\n\n<h3 class=\"wp-block-heading\">6. Recht auf Widerruf der datenschutzrechtlichen Einwilligungserkl\u00e4rung<\/h3>\n\n\n\n<p>Sie haben nach Art. 7 Abs. 3 DSGVO das Recht, Ihre datenschutzrechtliche Einwilligungserkl\u00e4rung jederzeit zu widerrufen. Die Rechtm\u00e4\u00dfigkeit der aufgrund der Einwilligung bis zum Widerruf erfolgten Verarbeitung wird dadurch nicht ber\u00fchrt.<\/p>\n\n\n\n<h3 class=\"wp-block-heading\">7. Recht auf Beschwerde bei einer Aufsichtsbeh\u00f6rde<\/h3>\n\n\n\n<p>Wenn Sie der Ansicht sind, dass die Verarbeitung der Sie betreffenden personenbezogenen Daten gegen die DSGVO verst\u00f6\u00dft, steht Ihnen nach Art. 77 DSGVO das Recht auf Beschwerde bei einer Aufsichtsbeh\u00f6rde (insbesondere in dem Mitgliedstaat ihres Aufenthaltsorts, ihres Arbeitsplatzes oder des Orts des mutma\u00dflichen Versto\u00dfes) zu.<\/p>\n\n\n\n<p>Bitte beachten Sie auch Ihr Widerspruchsrecht nach Art. 21 DSGVO:<\/p>\n\n\n\n<p>a) Allgemein: begr\u00fcndeter Widerspruch erforderlich<br>Erfolgt die Verarbeitung Sie betreffender personenbezogener Daten<br>&#8211; zur Wahrung unseres \u00fcberwiegenden berechtigten Interesses (Rechtsgrundlage nach Art. 6 Abs. 1 f) DSGVO)<br>oder<br>&#8211; im \u00f6ffentlichen Interesse (Rechtsgrundlage nach Art. 6 Abs. 1 e) DSGVO),<br>haben Sie das Recht, jederzeit aus Gr\u00fcnden, die sich aus Ihrer besonderen Situation ergeben, gegen die Verarbeitung Widerspruch einzulegen; dies gilt auch f\u00fcr ein auf die Bestimmungen der DSGVO gest\u00fctztes Profiling.<\/p>\n\n\n\n<p>Im Fall des Widerspruchs verarbeiten wir die Sie betreffenden personenbezogenen Daten nicht mehr, es sei denn, wir k\u00f6nnen zwingende schutzw\u00fcrdige Gr\u00fcnde f\u00fcr die Verarbeitung nachweisen, die Ihre Interessen, Rechte und Freiheiten \u00fcberwiegen, oder die Verarbeitung dient der Geltendmachung, Aus\u00fcbung oder Verteidigung von Rechtsanspr\u00fcchen.<\/p>\n\n\n\n<p>b) Sonderfall Direktwerbung: einfacher Widerspruch gen\u00fcgt<br>Werden die Sie betreffenden personenbezogenen Daten verarbeitet, um Direktwerbung zu betreiben, haben Sie das Recht, jederzeit und ohne Angabe von Gr\u00fcnden Widerspruch gegen diese Verarbeitung einzulegen; dies gilt auch f\u00fcr das Profiling, soweit es mit solcher Direktwerbung in Verbindung steht.<\/p>\n\n\n\n<p>Widersprechen Sie der Verarbeitung f\u00fcr Zwecke der Direktwerbung, so werden die Sie betreffenden personenbezogenen Daten nicht mehr f\u00fcr diese Zwecke verarbeitet.<\/p>\n\n\n\n<h4 class=\"wp-block-heading\"><strong>Matomo (fr\u00fcher PIWIK)<\/strong><\/h4>\n\n\n\n<p>Wir haben auf unserer Website den Webanalysedienst \/ OpenSource-Software \u201eMatomo\u201c installiert, um die Nutzung unserer Website zu analysieren und zu verbessern. F\u00fcr die Analyse setzt die Software Cookies auf Ihrem Computer, die eine Speicherdauer von einer Woche haben. Wir haben die sog. \u201eIP Anonymisation\u201c aktiviert, wodurch Ihre IP-Adresse an den letzten 6 Stellen gek\u00fcrzt wird. Dadurch ist eine Personenbezogenheit der Daten nicht mehr m\u00f6glich. Zudem wird diese IP nicht mit anderen von uns erhobenen Daten zusammengef\u00fchrt. Die Daten werden auf Servern in Deutschland verarbeitet und gespeichert.<\/p>\n\n\n\n<p>Diese Daten werden zum Zwecke des Marketings, der Analyse und Optimierung unserer Website gesammelt und gespeichert.<\/p>\n\n\n\n<p>Rechtsgrundlage hierf\u00fcr ist unser in den obigen Zwecken auch liegendes berechtigtes Interesse an der Datenverarbeitung nach Art. 6 Abs. 1 S.1 lit. f) DS-GVO.<\/p>\n\n\n\n<p>Die Server-Logs werden nach 90 Tagen automatisch gel\u00f6scht.<\/p>\n\n\n\n<p>You can object to the collection and storage of data at any time free of charge with effect for the future. You can contradict or prevent the installation of cookies by Matomo in different ways:&nbsp;<\/p>\n\n\n\n<p>\u2013 You can prevent cookies in your browser by setting \u201cdo not accept cookies\u201d, which also includes cookies from third parties:<\/p>\n\n\n\n<p>\u2013 Sie k\u00f6nnen die Cookies von Matomo \u00fcber diesen Link deaktivieren: <a href=\"https:\/\/analytics.netperformers.de\/index.php?module=CoreAdminHome&amp;action=optOut&amp;language=de&amp;backgroundColor=&amp;fontColor=&amp;fontSize=16px&amp;fontFamily=Helvetica\">[Matomo Opt-Out]<\/a>.<\/p>\n\n\n\n<p>Dieser Cookie gilt nur f\u00fcr unsere Website und Ihren aktuellen Browser und hat nur solange Bestand bis Sie Ihre Cookies l\u00f6schen. In dem Falle m\u00fcssten Sie den Cookie erneut setzen.<\/p>\n\n\n\n<p>Weitere Informationen entnehmen Sie der Datenschutzerkl\u00e4rung von Matomo unter: <a href=\"https:\/\/matomo.org\/privacy\/\">https:\/\/matomo.org\/privacy\/<\/a>.<\/p>\n\n\n\n<h4 class=\"wp-block-heading\"><strong>Verantwortlicher f\u00fcr die Datenverarbeitung:<\/strong><\/h4>\n\n\n\n<p>Hurom Europe GmbH<br>Weberstra\u00dfe 19<br>65779 Kelkheim (Taunus), Deutschland<br>Telefon:&nbsp;<a href=\"tel:+4961928079439\">+(49)6192 8079439<\/a><br>Email: <a href=\"mailto:huromparts@hurom-europe.com\" target=\"_blank\" rel=\"noreferrer noopener\">huromparts@hurom-europe.com<\/a><\/p>\n\n\n\n<h4 class=\"wp-block-heading\"><strong>Kontaktdaten unseres Datenschutzbeauftragten:<\/strong><\/h4>\n\n\n\n<p>Weberstra\u00dfe 19<br>65779 Kelkheim (Taunus), Deutschland<br>Email: <a href=\"mailto:huromparts@hurom-europe.com\" target=\"_blank\" rel=\"noreferrer noopener\">huromparts@hurom-europe.com<\/a><\/p>\n","protected":false},"excerpt":{"rendered":"<p>\u00a7 1 Allgemeines Ihre personenbezogenen Daten (Name, Telefonnummer, Adresse, Land, Geschlecht, Alter, E-Mail-Adresse, Aufzeichnungen im Zusammenhang mit After-Sales-Service und Kundenservice, Produktseriennummer, Produktregistrierungsdatum, Produktkaufdatum) werden von uns nur gem\u00e4\u00df den Bestimmungen des deutschen Datenschutzrechts und des Datenschutzrechts der Europ\u00e4ischen Union (EU) verarbeitet. Die nachfolgenden Vorschriften informieren Sie neben den Verarbeitungszwecken, Empf\u00e4ngern, Rechtsgrundlagen, Speicherfristen auch \u00fcber Ihre [&hellip;]<\/p>\n","protected":false},"author":1,"featured_media":0,"parent":0,"menu_order":9,"comment_status":"closed","ping_status":"closed","template":"","meta":{"_acf_changed":false,"inline_featured_image":false,"footnotes":""},"class_list":["post-1248","page","type-page","status-publish","hentry"],"acf":[],"yoast_head":"<!-- This site is optimized with the Yoast SEO plugin v26.6 - https:\/\/yoast.com\/wordpress\/plugins\/seo\/ -->\n<title>Datenschutzrichtlinie - Hurom Europe<\/title>\n<meta name=\"description\" content=\"\u00a7 1 Allgemeines Ihre personenbezogenen Daten (Name, Telefonnummer, Adresse, Land, Geschlecht, Alter, E-Mail-Adresse, Aufzeichnungen im Zusammenhang mit\" \/>\n<meta name=\"robots\" content=\"index, follow, max-snippet:-1, max-image-preview:large, max-video-preview:-1\" \/>\n<link rel=\"canonical\" href=\"https:\/\/www.hurom-europe.com\/de\/datenschutzerklaerung\/\" \/>\n<meta property=\"og:locale\" content=\"de_DE\" \/>\n<meta property=\"og:type\" content=\"article\" \/>\n<meta property=\"og:title\" content=\"Datenschutzrichtlinie - Hurom Europe\" \/>\n<meta property=\"og:description\" content=\"\u00a7 1 Allgemeines Ihre personenbezogenen Daten (Name, Telefonnummer, Adresse, Land, Geschlecht, Alter, E-Mail-Adresse, Aufzeichnungen im Zusammenhang mit\" \/>\n<meta property=\"og:url\" content=\"https:\/\/www.hurom-europe.com\/de\/datenschutzerklaerung\/\" \/>\n<meta property=\"og:site_name\" content=\"Hurom Europe\" \/>\n<meta property=\"article:modified_time\" content=\"2026-01-30T10:29:02+00:00\" \/>\n<meta name=\"twitter:card\" content=\"summary_large_image\" \/>\n<meta name=\"twitter:label1\" content=\"Gesch\u00e4tzte Lesezeit\" \/>\n\t<meta name=\"twitter:data1\" content=\"8\u00a0Minuten\" \/>\n<script type=\"application\/ld+json\" class=\"yoast-schema-graph\">{\"@context\":\"https:\/\/schema.org\",\"@graph\":[{\"@type\":\"WebPage\",\"@id\":\"https:\/\/www.hurom-europe.com\/de\/datenschutzerklaerung\/\",\"url\":\"https:\/\/www.hurom-europe.com\/de\/datenschutzerklaerung\/\",\"name\":\"Datenschutzrichtlinie - Hurom Europe\",\"isPartOf\":{\"@id\":\"https:\/\/www.hurom-europe.com\/fr\/#website\"},\"datePublished\":\"2021-02-05T13:42:02+00:00\",\"dateModified\":\"2026-01-30T10:29:02+00:00\",\"description\":\"\u00a7 1 Allgemeines Ihre personenbezogenen Daten (Name, Telefonnummer, Adresse, Land, Geschlecht, Alter, E-Mail-Adresse, Aufzeichnungen im Zusammenhang mit\",\"breadcrumb\":{\"@id\":\"https:\/\/www.hurom-europe.com\/de\/datenschutzerklaerung\/#breadcrumb\"},\"inLanguage\":\"de\",\"potentialAction\":[{\"@type\":\"ReadAction\",\"target\":[\"https:\/\/www.hurom-europe.com\/de\/datenschutzerklaerung\/\"]}]},{\"@type\":\"BreadcrumbList\",\"@id\":\"https:\/\/www.hurom-europe.com\/de\/datenschutzerklaerung\/#breadcrumb\",\"itemListElement\":[{\"@type\":\"ListItem\",\"position\":1,\"name\":\"Home\",\"item\":\"https:\/\/www.hurom-europe.com\/de\/\"},{\"@type\":\"ListItem\",\"position\":2,\"name\":\"Datenschutzrichtlinie\"}]},{\"@type\":\"WebSite\",\"@id\":\"https:\/\/www.hurom-europe.com\/fr\/#website\",\"url\":\"https:\/\/www.hurom-europe.com\/fr\/\",\"name\":\"Hurom Europe\",\"description\":\"Healthy Way of Life with Slow Juicers\",\"potentialAction\":[{\"@type\":\"SearchAction\",\"target\":{\"@type\":\"EntryPoint\",\"urlTemplate\":\"https:\/\/www.hurom-europe.com\/fr\/?s={search_term_string}\"},\"query-input\":{\"@type\":\"PropertyValueSpecification\",\"valueRequired\":true,\"valueName\":\"search_term_string\"}}],\"inLanguage\":\"de\"}]}<\/script>\n<!-- \/ Yoast SEO plugin. -->","yoast_head_json":{"title":"Datenschutzrichtlinie - Hurom Europe","description":"\u00a7 1 Allgemeines Ihre personenbezogenen Daten (Name, Telefonnummer, Adresse, Land, Geschlecht, Alter, E-Mail-Adresse, Aufzeichnungen im Zusammenhang mit","robots":{"index":"index","follow":"follow","max-snippet":"max-snippet:-1","max-image-preview":"max-image-preview:large","max-video-preview":"max-video-preview:-1"},"canonical":"https:\/\/www.hurom-europe.com\/de\/datenschutzerklaerung\/","og_locale":"de_DE","og_type":"article","og_title":"Datenschutzrichtlinie - Hurom Europe","og_description":"\u00a7 1 Allgemeines Ihre personenbezogenen Daten (Name, Telefonnummer, Adresse, Land, Geschlecht, Alter, E-Mail-Adresse, Aufzeichnungen im Zusammenhang mit","og_url":"https:\/\/www.hurom-europe.com\/de\/datenschutzerklaerung\/","og_site_name":"Hurom Europe","article_modified_time":"2026-01-30T10:29:02+00:00","twitter_card":"summary_large_image","twitter_misc":{"Gesch\u00e4tzte Lesezeit":"8\u00a0Minuten"},"schema":{"@context":"https:\/\/schema.org","@graph":[{"@type":"WebPage","@id":"https:\/\/www.hurom-europe.com\/de\/datenschutzerklaerung\/","url":"https:\/\/www.hurom-europe.com\/de\/datenschutzerklaerung\/","name":"Datenschutzrichtlinie - Hurom Europe","isPartOf":{"@id":"https:\/\/www.hurom-europe.com\/fr\/#website"},"datePublished":"2021-02-05T13:42:02+00:00","dateModified":"2026-01-30T10:29:02+00:00","description":"\u00a7 1 Allgemeines Ihre personenbezogenen Daten (Name, Telefonnummer, Adresse, Land, Geschlecht, Alter, E-Mail-Adresse, Aufzeichnungen im Zusammenhang mit","breadcrumb":{"@id":"https:\/\/www.hurom-europe.com\/de\/datenschutzerklaerung\/#breadcrumb"},"inLanguage":"de","potentialAction":[{"@type":"ReadAction","target":["https:\/\/www.hurom-europe.com\/de\/datenschutzerklaerung\/"]}]},{"@type":"BreadcrumbList","@id":"https:\/\/www.hurom-europe.com\/de\/datenschutzerklaerung\/#breadcrumb","itemListElement":[{"@type":"ListItem","position":1,"name":"Home","item":"https:\/\/www.hurom-europe.com\/de\/"},{"@type":"ListItem","position":2,"name":"Datenschutzrichtlinie"}]},{"@type":"WebSite","@id":"https:\/\/www.hurom-europe.com\/fr\/#website","url":"https:\/\/www.hurom-europe.com\/fr\/","name":"Hurom Europe","description":"Healthy Way of Life with Slow Juicers","potentialAction":[{"@type":"SearchAction","target":{"@type":"EntryPoint","urlTemplate":"https:\/\/www.hurom-europe.com\/fr\/?s={search_term_string}"},"query-input":{"@type":"PropertyValueSpecification","valueRequired":true,"valueName":"search_term_string"}}],"inLanguage":"de"}]}},"_links":{"self":[{"href":"https:\/\/www.hurom-europe.com\/de\/wp-json\/wp\/v2\/pages\/1248","targetHints":{"allow":["GET"]}}],"collection":[{"href":"https:\/\/www.hurom-europe.com\/de\/wp-json\/wp\/v2\/pages"}],"about":[{"href":"https:\/\/www.hurom-europe.com\/de\/wp-json\/wp\/v2\/types\/page"}],"author":[{"embeddable":true,"href":"https:\/\/www.hurom-europe.com\/de\/wp-json\/wp\/v2\/users\/1"}],"replies":[{"embeddable":true,"href":"https:\/\/www.hurom-europe.com\/de\/wp-json\/wp\/v2\/comments?post=1248"}],"version-history":[{"count":0,"href":"https:\/\/www.hurom-europe.com\/de\/wp-json\/wp\/v2\/pages\/1248\/revisions"}],"wp:attachment":[{"href":"https:\/\/www.hurom-europe.com\/de\/wp-json\/wp\/v2\/media?parent=1248"}],"curies":[{"name":"wp","href":"https:\/\/api.w.org\/{rel}","templated":true}]}}