{"id":1247,"date":"2021-02-05T14:36:07","date_gmt":"2021-02-05T13:36:07","guid":{"rendered":"https:\/\/www.hurom-europe.com\/?page_id=1247"},"modified":"2025-11-10T09:06:20","modified_gmt":"2025-11-10T08:06:20","slug":"widerrufsbelehrung","status":"publish","type":"page","link":"https:\/\/www.hurom-europe.com\/de\/widerrufsbelehrung\/","title":{"rendered":"Widerrufsbelehrung"},"content":{"rendered":"\n<h2 class=\"wp-block-heading\">Widerrufsrecht<\/h2>\n\n\n\n<p>Sie haben das Recht, binnen vierzehn Tagen ohne Angabe von Gr\u00fcnden diesen Vertrag zu widerrufen.&nbsp;<\/p>\n\n\n\n<p>Die Widerrufsfrist betr\u00e4gt vierzehn Tage ab dem Tag, an dem Sie oder ein von Ihnen benannter Dritter, der nicht der Bef\u00f6rderer ist, die Waren in Besitz genommen haben bzw. hat.&nbsp;<\/p>\n\n\n\n<p>Um Ihr Widerrufsrecht auszu\u00fcben, m\u00fcssen Sie uns (E-Mail: info@hurom-europe.com) mittels einer eindeutigen Erkl\u00e4rung \u00fcber Ihren Entschluss, diesen Vertrag zu widerrufen, informieren. Sie k\u00f6nnen hierf\u00fcr das Muster-Widerrufsformular verwenden, das jedoch nicht vorgeschrieben ist. Zur Wahrung der Widerrufsfrist gen\u00fcgt es, wenn Sie die Mitteilung \u00fcber die Aus\u00fcbung des Widerrufsrechts vor Ablauf der Widerrufsfrist absenden.&nbsp;<\/p>\n\n\n\n<h2 class=\"wp-block-heading\">Folgen des Widerrufs<\/h2>\n\n\n\n<p>Wenn Sie diesen Vertrag widerrufen, erstatten wir Ihnen alle Zahlungen, die wir von Ihnen erhalten haben, einschlie\u00dflich der Lieferkosten (mit Ausnahme der zus\u00e4tzlichen Kosten, die sich daraus ergeben, dass Sie eine andere Art der Lieferung als die von uns angebotene g\u00fcnstigste Standardlieferung gew\u00e4hlt haben uns), unverz\u00fcglich und in jedem Fall sp\u00e4testens 14 Tage nach Eingang der Ware in unserem Lager. F\u00fcr diese R\u00fcckzahlung verwenden wir dasselbe Zahlungsmittel, das Sie bei der urspr\u00fcnglichen Transaktion eingesetzt haben (es sei denn, mit Ihnen wurde ausdr\u00fccklich etwas anderes vereinbart); in keinem Fall werden Ihnen wegen dieser R\u00fcckzahlung Entgelte berechnet. Wir k\u00f6nnen die R\u00fcckzahlung verweigern, bis wir die Waren zur\u00fcckerhalten haben oder Sie den Nachweis erbracht haben, dass Sie die Waren zur\u00fcckgesandt haben, je nachdem, welches der fr\u00fchere Zeitpunkt ist.&nbsp;<\/p>\n\n\n\n<p>Sie haben die Waren unverz\u00fcglich und in jedem Fall sp\u00e4testens binnen 14 Tagen ab dem Tag, an dem Sie uns \u00fcber den Widerruf dieses Vertrags unterrichten, an unseren Logistikpartner:&nbsp;<\/p>\n\n\n\n<p>KS Global GmbH (Tor B)&nbsp;<br>Am Holzweg 28-34&nbsp;<br>65830 Kriftel&nbsp;<\/p>\n\n\n\n<p>&nbsp;<br>zur\u00fcckzusenden oder zu \u00fcbergeben. Die Frist ist gewahrt, wenn Sie die Waren vor Ablauf der Frist von vierzehn Tagen absenden. Alle von der Hurom Europe GmbH bereitgestellten Gratisgeschenke, Zubeh\u00f6rteile oder Benutzerhandb\u00fccher m\u00fcssen ebenfalls zur\u00fcckgegeben werden.&nbsp;<\/p>\n\n\n\n<p>Das Widerrufsrecht gilt nicht f\u00fcr versiegelte Waren, die aus Gr\u00fcnden des Gesundheitsschutzes oder der Hygiene nicht zur R\u00fcckgabe geeignet sind, wenn ihre Versiegelung nach der Lieferung entfernt oder besch\u00e4digt wurde.&nbsp;<\/p>\n\n\n\n<p>Hat sich der Wert des Produkts aufgrund einer \u00fcber die Pr\u00fcfung seiner Beschaffenheit, Eigenschaften und Funktionsweise hinausgehenden Nutzung verringert, k\u00f6nnen wir den Erstattungsbetrag entsprechend den geltenden Verbraucherschutzgesetzen mindern.&nbsp;<\/p>\n\n\n\n<h2 class=\"wp-block-heading\">Wiederrufsformular<\/h2>\n\n\n\n<p>Das Wiederrufsformular finden Sie\u202f<a href=\"https:\/\/www.hurom-europe.com\/wp-content\/uploads\/2025\/11\/DEwiderrufsformular.pdf\" target=\"_blank\" rel=\"noreferrer noopener\"><strong><a href=\"https:\/\/www.hurom-europe.com\/wp-content\/uploads\/2025\/01\/widerrufsformular-neu-1.pdf\" target=\"_blank\" rel=\"noreferrer noopener\"><strong>hier<\/strong><\/a><\/strong><\/a>.\u00a0<\/p>\n\n\n\n<p>F\u00fcr alle weiteren Fragen besuchen Sie bitte unsere <a href=\"https:\/\/www.hurom-europe.com\/de\/faq\/wie-wird-es-verwendet\/\">FAQ-Seite<\/a> oder kontaktieren Sie uns <a href=\"https:\/\/www.hurom-europe.com\/de\/kontakt\/\">hier<\/a>.&nbsp;<\/p>\n","protected":false},"excerpt":{"rendered":"<p>Widerrufsrecht Sie haben das Recht, binnen vierzehn Tagen ohne Angabe von Gr\u00fcnden diesen Vertrag zu widerrufen.&nbsp; Die Widerrufsfrist betr\u00e4gt vierzehn Tage ab dem Tag, an dem Sie oder ein von Ihnen benannter Dritter, der nicht der Bef\u00f6rderer ist, die Waren in Besitz genommen haben bzw. hat.&nbsp; Um Ihr Widerrufsrecht auszu\u00fcben, m\u00fcssen Sie uns (E-Mail: info@hurom-europe.com) [&hellip;]<\/p>\n","protected":false},"author":1,"featured_media":0,"parent":0,"menu_order":9,"comment_status":"closed","ping_status":"closed","template":"templates\/template--withdrawal.php","meta":{"_acf_changed":false,"inline_featured_image":false,"footnotes":""},"class_list":["post-1247","page","type-page","status-publish","hentry"],"acf":[],"yoast_head":"<!-- This site is optimized with the Yoast SEO plugin v26.6 - https:\/\/yoast.com\/wordpress\/plugins\/seo\/ -->\n<title>Widerrufsbelehrung - Hurom Europe<\/title>\n<meta name=\"description\" content=\"Widerrufsrecht Sie haben das Recht, binnen vierzehn Tagen ohne Angabe von Gr\u00fcnden diesen Vertrag zu widerrufen.&nbsp; Die Widerrufsfrist betr\u00e4gt vierzehn\" \/>\n<meta name=\"robots\" content=\"index, follow, max-snippet:-1, max-image-preview:large, max-video-preview:-1\" \/>\n<link rel=\"canonical\" href=\"https:\/\/www.hurom-europe.com\/de\/widerrufsbelehrung\/\" \/>\n<meta property=\"og:locale\" content=\"de_DE\" \/>\n<meta property=\"og:type\" content=\"article\" \/>\n<meta property=\"og:title\" content=\"Widerrufsbelehrung - Hurom Europe\" \/>\n<meta property=\"og:description\" content=\"Widerrufsrecht Sie haben das Recht, binnen vierzehn Tagen ohne Angabe von Gr\u00fcnden diesen Vertrag zu widerrufen.&nbsp; Die Widerrufsfrist betr\u00e4gt vierzehn\" \/>\n<meta property=\"og:url\" content=\"https:\/\/www.hurom-europe.com\/de\/widerrufsbelehrung\/\" \/>\n<meta property=\"og:site_name\" content=\"Hurom Europe\" \/>\n<meta property=\"article:modified_time\" content=\"2025-11-10T08:06:20+00:00\" \/>\n<meta name=\"twitter:card\" content=\"summary_large_image\" \/>\n<meta name=\"twitter:label1\" content=\"Gesch\u00e4tzte Lesezeit\" \/>\n\t<meta name=\"twitter:data1\" content=\"2\u00a0Minuten\" \/>\n<script type=\"application\/ld+json\" class=\"yoast-schema-graph\">{\"@context\":\"https:\/\/schema.org\",\"@graph\":[{\"@type\":\"WebPage\",\"@id\":\"https:\/\/www.hurom-europe.com\/de\/widerrufsbelehrung\/\",\"url\":\"https:\/\/www.hurom-europe.com\/de\/widerrufsbelehrung\/\",\"name\":\"Widerrufsbelehrung - Hurom Europe\",\"isPartOf\":{\"@id\":\"https:\/\/www.hurom-europe.com\/fr\/#website\"},\"datePublished\":\"2021-02-05T13:36:07+00:00\",\"dateModified\":\"2025-11-10T08:06:20+00:00\",\"description\":\"Widerrufsrecht Sie haben das Recht, binnen vierzehn Tagen ohne Angabe von Gr\u00fcnden diesen Vertrag zu widerrufen.&nbsp; Die Widerrufsfrist betr\u00e4gt vierzehn\",\"breadcrumb\":{\"@id\":\"https:\/\/www.hurom-europe.com\/de\/widerrufsbelehrung\/#breadcrumb\"},\"inLanguage\":\"de\",\"potentialAction\":[{\"@type\":\"ReadAction\",\"target\":[\"https:\/\/www.hurom-europe.com\/de\/widerrufsbelehrung\/\"]}]},{\"@type\":\"BreadcrumbList\",\"@id\":\"https:\/\/www.hurom-europe.com\/de\/widerrufsbelehrung\/#breadcrumb\",\"itemListElement\":[{\"@type\":\"ListItem\",\"position\":1,\"name\":\"Home\",\"item\":\"https:\/\/www.hurom-europe.com\/de\/\"},{\"@type\":\"ListItem\",\"position\":2,\"name\":\"Widerrufsbelehrung\"}]},{\"@type\":\"WebSite\",\"@id\":\"https:\/\/www.hurom-europe.com\/fr\/#website\",\"url\":\"https:\/\/www.hurom-europe.com\/fr\/\",\"name\":\"Hurom Europe\",\"description\":\"Healthy Way of Life with Slow Juicers\",\"potentialAction\":[{\"@type\":\"SearchAction\",\"target\":{\"@type\":\"EntryPoint\",\"urlTemplate\":\"https:\/\/www.hurom-europe.com\/fr\/?s={search_term_string}\"},\"query-input\":{\"@type\":\"PropertyValueSpecification\",\"valueRequired\":true,\"valueName\":\"search_term_string\"}}],\"inLanguage\":\"de\"}]}<\/script>\n<!-- \/ Yoast SEO plugin. -->","yoast_head_json":{"title":"Widerrufsbelehrung - Hurom Europe","description":"Widerrufsrecht Sie haben das Recht, binnen vierzehn Tagen ohne Angabe von Gr\u00fcnden diesen Vertrag zu widerrufen.&nbsp; Die Widerrufsfrist betr\u00e4gt vierzehn","robots":{"index":"index","follow":"follow","max-snippet":"max-snippet:-1","max-image-preview":"max-image-preview:large","max-video-preview":"max-video-preview:-1"},"canonical":"https:\/\/www.hurom-europe.com\/de\/widerrufsbelehrung\/","og_locale":"de_DE","og_type":"article","og_title":"Widerrufsbelehrung - Hurom Europe","og_description":"Widerrufsrecht Sie haben das Recht, binnen vierzehn Tagen ohne Angabe von Gr\u00fcnden diesen Vertrag zu widerrufen.&nbsp; Die Widerrufsfrist betr\u00e4gt vierzehn","og_url":"https:\/\/www.hurom-europe.com\/de\/widerrufsbelehrung\/","og_site_name":"Hurom Europe","article_modified_time":"2025-11-10T08:06:20+00:00","twitter_card":"summary_large_image","twitter_misc":{"Gesch\u00e4tzte Lesezeit":"2\u00a0Minuten"},"schema":{"@context":"https:\/\/schema.org","@graph":[{"@type":"WebPage","@id":"https:\/\/www.hurom-europe.com\/de\/widerrufsbelehrung\/","url":"https:\/\/www.hurom-europe.com\/de\/widerrufsbelehrung\/","name":"Widerrufsbelehrung - Hurom Europe","isPartOf":{"@id":"https:\/\/www.hurom-europe.com\/fr\/#website"},"datePublished":"2021-02-05T13:36:07+00:00","dateModified":"2025-11-10T08:06:20+00:00","description":"Widerrufsrecht Sie haben das Recht, binnen vierzehn Tagen ohne Angabe von Gr\u00fcnden diesen Vertrag zu widerrufen.&nbsp; Die Widerrufsfrist betr\u00e4gt vierzehn","breadcrumb":{"@id":"https:\/\/www.hurom-europe.com\/de\/widerrufsbelehrung\/#breadcrumb"},"inLanguage":"de","potentialAction":[{"@type":"ReadAction","target":["https:\/\/www.hurom-europe.com\/de\/widerrufsbelehrung\/"]}]},{"@type":"BreadcrumbList","@id":"https:\/\/www.hurom-europe.com\/de\/widerrufsbelehrung\/#breadcrumb","itemListElement":[{"@type":"ListItem","position":1,"name":"Home","item":"https:\/\/www.hurom-europe.com\/de\/"},{"@type":"ListItem","position":2,"name":"Widerrufsbelehrung"}]},{"@type":"WebSite","@id":"https:\/\/www.hurom-europe.com\/fr\/#website","url":"https:\/\/www.hurom-europe.com\/fr\/","name":"Hurom Europe","description":"Healthy Way of Life with Slow Juicers","potentialAction":[{"@type":"SearchAction","target":{"@type":"EntryPoint","urlTemplate":"https:\/\/www.hurom-europe.com\/fr\/?s={search_term_string}"},"query-input":{"@type":"PropertyValueSpecification","valueRequired":true,"valueName":"search_term_string"}}],"inLanguage":"de"}]}},"_links":{"self":[{"href":"https:\/\/www.hurom-europe.com\/de\/wp-json\/wp\/v2\/pages\/1247","targetHints":{"allow":["GET"]}}],"collection":[{"href":"https:\/\/www.hurom-europe.com\/de\/wp-json\/wp\/v2\/pages"}],"about":[{"href":"https:\/\/www.hurom-europe.com\/de\/wp-json\/wp\/v2\/types\/page"}],"author":[{"embeddable":true,"href":"https:\/\/www.hurom-europe.com\/de\/wp-json\/wp\/v2\/users\/1"}],"replies":[{"embeddable":true,"href":"https:\/\/www.hurom-europe.com\/de\/wp-json\/wp\/v2\/comments?post=1247"}],"version-history":[{"count":0,"href":"https:\/\/www.hurom-europe.com\/de\/wp-json\/wp\/v2\/pages\/1247\/revisions"}],"wp:attachment":[{"href":"https:\/\/www.hurom-europe.com\/de\/wp-json\/wp\/v2\/media?parent=1247"}],"curies":[{"name":"wp","href":"https:\/\/api.w.org\/{rel}","templated":true}]}}