{"id":1072,"date":"2021-01-14T08:02:21","date_gmt":"2021-01-14T07:02:21","guid":{"rendered":"https:\/\/www.hurom-europe.com\/?page_id=1072"},"modified":"2026-02-02T08:19:21","modified_gmt":"2026-02-02T07:19:21","slug":"kontakt","status":"publish","type":"page","link":"https:\/\/www.hurom-europe.com\/de\/kontakt\/","title":{"rendered":"Kontakt"},"content":{"rendered":"\n<h2 class=\"wp-block-heading\">Kontakt<\/h2>\n\n\n\n<h3 class=\"wp-block-heading\">Haben Sie Fragen oder ben\u00f6tigen Sie Hilfe mit Ihrem Produkt? Wir helfen Ihnen gerne weiter.<\/h3>\n\n\n\n<p>F\u00fcllen Sie das nachstehende Formular aus, und ein Vertreter von Hurom wird sich in K\u00fcrze mit Ihnen in Verbindung setzen.<\/p>\n\n\n\n<p><strong>PS: Wenn Sie Fragen zur Garantie haben, kontaktieren Sie uns bitte \u00fcber<\/strong> <strong><a href=\"https:\/\/hurom-europe-parts.com\/pages\/contact\">diesen Link<\/a><\/strong>.<\/p>\n\n\n\n<style>\n\/* CF7 select \u2013 make it identical to text inputs *\/\n.wpcf7-form .wpcf7-form-control-wrap select {\n  width: 100%;\n  box-sizing: border-box;\n\n  \/* EXACT match to inputs *\/\n  padding: 8px 40px 8px 16px;\n  border: 1px solid #3b3c39;\n  border-radius: 5px;\n\n  font-family: OpenSansRegular, sans-serif;\n  font-size: 14px;\n  line-height: 1.6; \/* matches 160% *\/\n  color: #000;\n  background-color: #fff;\n\n  \/* remove native styling *\/\n  -webkit-appearance: none;\n  -moz-appearance: none;\n  appearance: none;\n\n  \/* prevent height mismatch *\/\n  height: auto;\n\n  \/* custom arrow (does NOT affect height) *\/\n  background-image:\n    linear-gradient(45deg, transparent 50%, #3b3c39 50%),\n    linear-gradient(135deg, #3b3c39 50%, transparent 50%);\n  background-position:\n    calc(100% - 18px) 50%,\n    calc(100% - 12px) 50%;\n  background-size: 6px 6px, 6px 6px;\n  background-repeat: no-repeat;\n}\n\n\/* Focus state identical to inputs *\/\n.wpcf7-form .wpcf7-form-control-wrap select:focus {\n  outline: none;\n  border-color: #3b3c39;\n}\n\n\/* Fix Safari vertical alignment quirk *\/\n.wpcf7-form .wpcf7-form-control-wrap select::-ms-expand {\n  display: none;\n}\n\n<\/style>\n\n\n\n<p>Service per Telefon<br>Tel <a href=\"tel:+4961957257967\"><strong>+49 (0) 6195 &#8211; 725 7967<\/strong><\/a><br>Montag \u2013 Freitag: 08:00 \u2013 12:00 und 13:00 \u2013 17:00<\/p>\n\n\n\n<p><\/p>\n","protected":false},"excerpt":{"rendered":"<p>Kontakt Haben Sie Fragen oder ben\u00f6tigen Sie Hilfe mit Ihrem Produkt? Wir helfen Ihnen gerne weiter. F\u00fcllen Sie das nachstehende Formular aus, und ein Vertreter von Hurom wird sich in K\u00fcrze mit Ihnen in Verbindung setzen. PS: Wenn Sie Fragen zur Garantie haben, kontaktieren Sie uns bitte \u00fcber diesen Link. Service per TelefonTel +49 (0) [&hellip;]<\/p>\n","protected":false},"author":1,"featured_media":0,"parent":0,"menu_order":9,"comment_status":"closed","ping_status":"closed","template":"templates\/template--contact.php","meta":{"_acf_changed":false,"inline_featured_image":false,"footnotes":""},"class_list":["post-1072","page","type-page","status-publish","hentry"],"acf":[],"yoast_head":"<!-- This site is optimized with the Yoast SEO plugin v26.6 - https:\/\/yoast.com\/wordpress\/plugins\/seo\/ -->\n<title>Kontakt - Hurom Europe<\/title>\n<meta name=\"description\" content=\"Kontakt Haben Sie Fragen oder ben\u00f6tigen Sie Hilfe mit Ihrem Produkt? Wir helfen Ihnen gerne weiter. F\u00fcllen Sie das nachstehende Formular aus, und ein\" \/>\n<meta name=\"robots\" content=\"index, follow, max-snippet:-1, max-image-preview:large, max-video-preview:-1\" \/>\n<link rel=\"canonical\" href=\"https:\/\/www.hurom-europe.com\/de\/kontakt\/\" \/>\n<meta property=\"og:locale\" content=\"de_DE\" \/>\n<meta property=\"og:type\" content=\"article\" \/>\n<meta property=\"og:title\" content=\"Kontakt - Hurom Europe\" \/>\n<meta property=\"og:description\" content=\"Kontakt Haben Sie Fragen oder ben\u00f6tigen Sie Hilfe mit Ihrem Produkt? Wir helfen Ihnen gerne weiter. F\u00fcllen Sie das nachstehende Formular aus, und ein\" \/>\n<meta property=\"og:url\" content=\"https:\/\/www.hurom-europe.com\/de\/kontakt\/\" \/>\n<meta property=\"og:site_name\" content=\"Hurom Europe\" \/>\n<meta property=\"article:modified_time\" content=\"2026-02-02T07:19:21+00:00\" \/>\n<meta name=\"twitter:card\" content=\"summary_large_image\" \/>\n<meta name=\"twitter:label1\" content=\"Gesch\u00e4tzte Lesezeit\" \/>\n\t<meta name=\"twitter:data1\" content=\"1\u00a0Minute\" \/>\n<script type=\"application\/ld+json\" class=\"yoast-schema-graph\">{\"@context\":\"https:\/\/schema.org\",\"@graph\":[{\"@type\":\"WebPage\",\"@id\":\"https:\/\/www.hurom-europe.com\/de\/kontakt\/\",\"url\":\"https:\/\/www.hurom-europe.com\/de\/kontakt\/\",\"name\":\"Kontakt - Hurom Europe\",\"isPartOf\":{\"@id\":\"https:\/\/www.hurom-europe.com\/fr\/#website\"},\"datePublished\":\"2021-01-14T07:02:21+00:00\",\"dateModified\":\"2026-02-02T07:19:21+00:00\",\"description\":\"Kontakt Haben Sie Fragen oder ben\u00f6tigen Sie Hilfe mit Ihrem Produkt? Wir helfen Ihnen gerne weiter. F\u00fcllen Sie das nachstehende Formular aus, und ein\",\"breadcrumb\":{\"@id\":\"https:\/\/www.hurom-europe.com\/de\/kontakt\/#breadcrumb\"},\"inLanguage\":\"de\",\"potentialAction\":[{\"@type\":\"ReadAction\",\"target\":[\"https:\/\/www.hurom-europe.com\/de\/kontakt\/\"]}]},{\"@type\":\"BreadcrumbList\",\"@id\":\"https:\/\/www.hurom-europe.com\/de\/kontakt\/#breadcrumb\",\"itemListElement\":[{\"@type\":\"ListItem\",\"position\":1,\"name\":\"Home\",\"item\":\"https:\/\/www.hurom-europe.com\/de\/\"},{\"@type\":\"ListItem\",\"position\":2,\"name\":\"Kontakt\"}]},{\"@type\":\"WebSite\",\"@id\":\"https:\/\/www.hurom-europe.com\/fr\/#website\",\"url\":\"https:\/\/www.hurom-europe.com\/fr\/\",\"name\":\"Hurom Europe\",\"description\":\"Healthy Way of Life with Slow Juicers\",\"potentialAction\":[{\"@type\":\"SearchAction\",\"target\":{\"@type\":\"EntryPoint\",\"urlTemplate\":\"https:\/\/www.hurom-europe.com\/fr\/?s={search_term_string}\"},\"query-input\":{\"@type\":\"PropertyValueSpecification\",\"valueRequired\":true,\"valueName\":\"search_term_string\"}}],\"inLanguage\":\"de\"}]}<\/script>\n<!-- \/ Yoast SEO plugin. -->","yoast_head_json":{"title":"Kontakt - Hurom Europe","description":"Kontakt Haben Sie Fragen oder ben\u00f6tigen Sie Hilfe mit Ihrem Produkt? Wir helfen Ihnen gerne weiter. F\u00fcllen Sie das nachstehende Formular aus, und ein","robots":{"index":"index","follow":"follow","max-snippet":"max-snippet:-1","max-image-preview":"max-image-preview:large","max-video-preview":"max-video-preview:-1"},"canonical":"https:\/\/www.hurom-europe.com\/de\/kontakt\/","og_locale":"de_DE","og_type":"article","og_title":"Kontakt - Hurom Europe","og_description":"Kontakt Haben Sie Fragen oder ben\u00f6tigen Sie Hilfe mit Ihrem Produkt? Wir helfen Ihnen gerne weiter. F\u00fcllen Sie das nachstehende Formular aus, und ein","og_url":"https:\/\/www.hurom-europe.com\/de\/kontakt\/","og_site_name":"Hurom Europe","article_modified_time":"2026-02-02T07:19:21+00:00","twitter_card":"summary_large_image","twitter_misc":{"Gesch\u00e4tzte Lesezeit":"1\u00a0Minute"},"schema":{"@context":"https:\/\/schema.org","@graph":[{"@type":"WebPage","@id":"https:\/\/www.hurom-europe.com\/de\/kontakt\/","url":"https:\/\/www.hurom-europe.com\/de\/kontakt\/","name":"Kontakt - Hurom Europe","isPartOf":{"@id":"https:\/\/www.hurom-europe.com\/fr\/#website"},"datePublished":"2021-01-14T07:02:21+00:00","dateModified":"2026-02-02T07:19:21+00:00","description":"Kontakt Haben Sie Fragen oder ben\u00f6tigen Sie Hilfe mit Ihrem Produkt? Wir helfen Ihnen gerne weiter. F\u00fcllen Sie das nachstehende Formular aus, und ein","breadcrumb":{"@id":"https:\/\/www.hurom-europe.com\/de\/kontakt\/#breadcrumb"},"inLanguage":"de","potentialAction":[{"@type":"ReadAction","target":["https:\/\/www.hurom-europe.com\/de\/kontakt\/"]}]},{"@type":"BreadcrumbList","@id":"https:\/\/www.hurom-europe.com\/de\/kontakt\/#breadcrumb","itemListElement":[{"@type":"ListItem","position":1,"name":"Home","item":"https:\/\/www.hurom-europe.com\/de\/"},{"@type":"ListItem","position":2,"name":"Kontakt"}]},{"@type":"WebSite","@id":"https:\/\/www.hurom-europe.com\/fr\/#website","url":"https:\/\/www.hurom-europe.com\/fr\/","name":"Hurom Europe","description":"Healthy Way of Life with Slow Juicers","potentialAction":[{"@type":"SearchAction","target":{"@type":"EntryPoint","urlTemplate":"https:\/\/www.hurom-europe.com\/fr\/?s={search_term_string}"},"query-input":{"@type":"PropertyValueSpecification","valueRequired":true,"valueName":"search_term_string"}}],"inLanguage":"de"}]}},"_links":{"self":[{"href":"https:\/\/www.hurom-europe.com\/de\/wp-json\/wp\/v2\/pages\/1072","targetHints":{"allow":["GET"]}}],"collection":[{"href":"https:\/\/www.hurom-europe.com\/de\/wp-json\/wp\/v2\/pages"}],"about":[{"href":"https:\/\/www.hurom-europe.com\/de\/wp-json\/wp\/v2\/types\/page"}],"author":[{"embeddable":true,"href":"https:\/\/www.hurom-europe.com\/de\/wp-json\/wp\/v2\/users\/1"}],"replies":[{"embeddable":true,"href":"https:\/\/www.hurom-europe.com\/de\/wp-json\/wp\/v2\/comments?post=1072"}],"version-history":[{"count":0,"href":"https:\/\/www.hurom-europe.com\/de\/wp-json\/wp\/v2\/pages\/1072\/revisions"}],"wp:attachment":[{"href":"https:\/\/www.hurom-europe.com\/de\/wp-json\/wp\/v2\/media?parent=1072"}],"curies":[{"name":"wp","href":"https:\/\/api.w.org\/{rel}","templated":true}]}}